{"id":5443,"date":"2021-10-08T13:14:23","date_gmt":"2021-10-08T11:14:23","guid":{"rendered":"https:\/\/www.devexter.com\/dienstleistungen\/start-auf-dem-franzoesischen-industriemarkt\/assess-the-satisfaction-level-of-your-french-customers\/"},"modified":"2022-05-13T15:09:34","modified_gmt":"2022-05-13T13:09:34","slug":"bewerten-sie-die-zufriedenheit-ihrer-franzoesischen-kunden","status":"publish","type":"page","link":"https:\/\/www.devexter.com\/de\/dienstleistungen\/start-auf-dem-franzoesischen-industriemarkt\/bewerten-sie-die-zufriedenheit-ihrer-franzoesischen-kunden\/","title":{"rendered":"Bewerten Sie die Zufriedenheit Ihrer franz\u00f6sischen Kunden"},"content":{"rendered":"<div id=\"pl-5443\"  class=\"panel-layout\" ><div id=\"pg-5443-0\"  class=\"panel-grid panel-no-style\" ><div id=\"pgc-5443-0-0\"  class=\"panel-grid-cell\" ><div id=\"panel-5443-0-0-0\" class=\"so-panel widget widget_sow-editor panel-first-child panel-last-child\" data-index=\"0\" ><div\n\t\t\t\n\t\t\tclass=\"so-widget-sow-editor so-widget-sow-editor-base\"\n\t\t\t\n\t\t>\n<div class=\"siteorigin-widget-tinymce textwidget\">\n\t<p><strong>Wir alle sollten uns um die Zufriedenheit unserer Kunden k\u00fcmmern und sie st\u00e4ndig bewerten.<\/strong> Vertriebsmitarbeiter sind am besten in der Lage, qualifiziertes Feedback zu erhalten. Theoretisch tun sie alles, um ihre Kunden gl\u00fccklich zu machen. Manche Kunden bleiben jedoch mit ihren Sorgen \u00fcber Ihr Angebot allein. Dabei handelt es sich nicht unbedingt um die kleinsten, sondern oft um ausl\u00e4ndische Kunden.<\/p>\n<p><strong>F\u00fcr ein nicht-franz\u00f6sisches Unternehmen ist die Beziehung zu franz\u00f6sischen Kunden oft schwierig zu handhaben. Der einzige Grund f\u00fcr eine schlechte Beziehung ist eine schlechte Kommunikation.<\/strong><\/p>\n<p>Dies l\u00e4sst sich mit einfachen Mitteln beheben: Nehmen Sie einerseits die Probleme zur Kenntnis und verfolgen Sie sie weiter, bis der Fall abgeschlossen ist, und stellen Sie andererseits eine franz\u00f6sischsprachige Person zur Verf\u00fcgung, die Sie unterst\u00fctzt, falls Ihr franz\u00f6sischer Kunde der englischen Sprache nicht m\u00e4chtig ist.<\/p>\n<\/div>\n<\/div><\/div><\/div><div id=\"pgc-5443-0-1\"  class=\"panel-grid-cell\" ><div class=\"widget widget_pages\"><h3 class=\"widget-title submenu-title\"><a href=\"https:\/\/www.devexter.com\/de\/dienstleistungen\/\" title=\"\">Dienstleistungen<\/a><\/h3>\r\n\t<ul class=\"sub-pages\"><li class=\"page_item page-item-3841 page_item_has_children\"><a href=\"https:\/\/www.devexter.com\/de\/dienstleistungen\/start-auf-dem-franzoesischen-industriemarkt\/\">Marktstudien und Lead-Liste<\/a>\n<ul class='children'>\n\t<li class=\"page_item page-item-5419\"><a href=\"https:\/\/www.devexter.com\/de\/dienstleistungen\/start-auf-dem-franzoesischen-industriemarkt\/ermittlung-von-neuen-potenziellen-franzoesischen-kunden\/\">Ermittlung von neuen potenziellen franz\u00f6sischen Kunden<\/a><\/li>\n\t<li class=\"page_item page-item-5426\"><a href=\"https:\/\/www.devexter.com\/de\/dienstleistungen\/start-auf-dem-franzoesischen-industriemarkt\/ein-ueberblick-ueber-den-wettbewerb-in-frankreich\/\">Ein \u00dcberblick \u00fcber den Wettbewerb in Frankreich.<\/a><\/li>\n\t<li class=\"page_item page-item-5431\"><a href=\"https:\/\/www.devexter.com\/de\/dienstleistungen\/start-auf-dem-franzoesischen-industriemarkt\/bewerten-sie-das-franzoesische-marktpreisniveau\/\">Bewerten Sie das franz\u00f6sische Marktpreisniveau.<\/a><\/li>\n\t<li class=\"page_item page-item-5443\"><a href=\"https:\/\/www.devexter.com\/de\/dienstleistungen\/start-auf-dem-franzoesischen-industriemarkt\/bewerten-sie-die-zufriedenheit-ihrer-franzoesischen-kunden\/\">Bewerten Sie die Zufriedenheit Ihrer franz\u00f6sischen Kunden<\/a><\/li>\n\t<li class=\"page_item page-item-5449\"><a href=\"https:\/\/www.devexter.com\/de\/dienstleistungen\/start-auf-dem-franzoesischen-industriemarkt\/bewertung-der-marktzutrittsschranken-die-franzoesischen-technischen-spezifikationen\/\">Bewertung der Marktzutrittsschranken: die franz\u00f6sischen technischen Spezifikationen.<\/a><\/li>\n<\/ul>\n<\/li>\n<li class=\"page_item page-item-3961 page_item_has_children\"><a href=\"https:\/\/www.devexter.com\/de\/dienstleistungen\/markteintrittsstrategie-in-frankreich\/\">Markteintrittsstrategie: Business Development<\/a>\n<ul class='children'>\n\t<li class=\"page_item page-item-5457\"><a href=\"https:\/\/www.devexter.com\/de\/dienstleistungen\/markteintrittsstrategie-in-frankreich\/vorbereitung-von-marketingunterlagen-fuer-den-franzoesischen-markt\/\">Vorbereitung von Marketingunterlagen f\u00fcr den franz\u00f6sischen Markt.<\/a><\/li>\n\t<li class=\"page_item page-item-5465\"><a href=\"https:\/\/www.devexter.com\/de\/dienstleistungen\/markteintrittsstrategie-in-frankreich\/organisation-von-besprechungen-mit-entscheidungstraegern\/\">Organisation von Besprechungen mit Entscheidungstr\u00e4gern<\/a><\/li>\n\t<li class=\"page_item page-item-5471\"><a href=\"https:\/\/www.devexter.com\/de\/dienstleistungen\/markteintrittsstrategie-in-frankreich\/einholen-von-angebotsanfragen-fur-sie-verhandeln\/\">Einholen von Angebotsanfragen, f\u00fcr Sie Verhandeln.<\/a><\/li>\n\t<li class=\"page_item page-item-5479\"><a href=\"https:\/\/www.devexter.com\/de\/dienstleistungen\/markteintrittsstrategie-in-frankreich\/klaeren-und-verhandeln-von-technischen-spezifikationen\/\">Kl\u00e4ren und Verhandeln von technischen Spezifikationen<\/a><\/li>\n\t<li class=\"page_item page-item-5487\"><a href=\"https:\/\/www.devexter.com\/de\/dienstleistungen\/markteintrittsstrategie-in-frankreich\/unterstuetzung-bei-der-lieferantenbewertung-und-produktfreigabe\/\">Unterst\u00fctzung bei der Lieferantenbewertung und Produktfreigabe.<\/a><\/li>\n<\/ul>\n<\/li>\n<li class=\"page_item page-item-3978 page_item_has_children\"><a href=\"https:\/\/www.devexter.com\/de\/dienstleistungen\/vertrieb-und-marketing-in-frankreich\/\">Sichern Sie Ihr Wachstum: Vertrieb und Marketing in Frankreich<\/a>\n<ul class='children'>\n\t<li class=\"page_item page-item-4289\"><a href=\"https:\/\/www.devexter.com\/de\/dienstleistungen\/vertrieb-und-marketing-in-frankreich\/manage-your-acquisition-activities-on-the-french-market\/\">Verwalten Sie Ihre Akquiseaktivit\u00e4ten auf dem franz\u00f6sischen Markt<\/a><\/li>\n\t<li class=\"page_item page-item-4292\"><a href=\"https:\/\/www.devexter.com\/de\/dienstleistungen\/vertrieb-und-marketing-in-frankreich\/leiten-sie-komplexe-projekte-loesen-sie-krisen\/\">Leiten Sie Komplexe Projekte, l\u00f6sen Sie Krisen<\/a><\/li>\n\t<li class=\"page_item page-item-4291\"><a href=\"https:\/\/www.devexter.com\/de\/dienstleistungen\/vertrieb-und-marketing-in-frankreich\/werben-sie-in-den-sozialen-medien-steigern-sie-ihre-markenbekanntheit\/\">Werben Sie in den sozialen Medien, steigern Sie Ihre Markenbekanntheit<\/a><\/li>\n\t<li class=\"page_item page-item-4295\"><a href=\"https:\/\/www.devexter.com\/de\/dienstleistungen\/vertrieb-und-marketing-in-frankreich\/verwalten-sie-ihr-vertriebsnetz\/\">Verwalten Sie Ihre Key Accounts, Ihr Vertriebsnetz<\/a><\/li>\n\t<li class=\"page_item page-item-4294\"><a href=\"https:\/\/www.devexter.com\/de\/dienstleistungen\/vertrieb-und-marketing-in-frankreich\/nehmen-sie-an-fachmessen-teil\/\">Nehmen Sie an Fachmessen teil, betreiben Sie Lobbyarbeit<\/a><\/li>\n\t<li class=\"page_item page-item-4293\"><a href=\"https:\/\/www.devexter.com\/de\/dienstleistungen\/vertrieb-und-marketing-in-frankreich\/richten-sie-jv-oder-externe-wachstumsaktivitaeten-ein\/\">Richten Sie JV oder externe Wachstumsaktivit\u00e4ten ein<\/a><\/li>\n<\/ul>\n<\/li>\n<\/ul><\/div><div id=\"panel-5443-0-1-0\" class=\"so-panel widget widget_sow-editor panel-first-child panel-last-child\" data-index=\"1\" ><div\n\t\t\t\n\t\t\tclass=\"so-widget-sow-editor so-widget-sow-editor-base\"\n\t\t\t\n\t\t>\n<div class=\"siteorigin-widget-tinymce textwidget\">\n\t\n<\/div>\n<\/div><\/div><\/div><\/div><\/div>","protected":false},"excerpt":{"rendered":"<p>Wir alle sollten uns um die Zufriedenheit unserer Kunden k\u00fcmmern und sie st\u00e4ndig bewerten. Vertriebsmitarbeiter sind am besten in der Lage, qualifiziertes Feedback zu erhalten. Theoretisch tun sie alles, um ihre Kunden gl\u00fccklich zu machen. Manche Kunden bleiben jedoch mit ihren Sorgen \u00fcber Ihr Angebot allein. Dabei handelt es sich nicht unbedingt um die kleinsten, [&hellip;]<\/p>\n","protected":false},"author":1,"featured_media":0,"parent":3841,"menu_order":4,"comment_status":"closed","ping_status":"closed","template":"","meta":{"footnotes":""},"class_list":["post-5443","page","type-page","status-publish","hentry","post"],"yoast_head":"<!-- This site is optimized with the Yoast SEO plugin v27.5 - https:\/\/yoast.com\/product\/yoast-seo-wordpress\/ -->\n<title>Bewerten Sie die Zufriedenheit Ihrer franz\u00f6sischen Kunden - Devexter Business Development<\/title>\n<meta name=\"description\" content=\"Bewerten Sie die Zufriedenheit Ihrer franz\u00f6sischen Kunden : F\u00fcr ein nicht-franz\u00f6sisches Unternehmen ist die Beziehung zu franz\u00f6sischen Kunden oft schwierig zu handhaben. Der einzige Grund f\u00fcr eine schlechte Beziehung ist eine schlechte Kommunikation.\" \/>\n<meta name=\"robots\" content=\"index, follow, max-snippet:-1, max-image-preview:large, max-video-preview:-1\" \/>\n<link rel=\"canonical\" href=\"https:\/\/www.devexter.com\/de\/dienstleistungen\/start-auf-dem-franzoesischen-industriemarkt\/bewerten-sie-die-zufriedenheit-ihrer-franzoesischen-kunden\/\" \/>\n<meta property=\"og:locale\" content=\"de_DE\" \/>\n<meta property=\"og:type\" content=\"article\" \/>\n<meta property=\"og:title\" content=\"Bewerten Sie die Zufriedenheit Ihrer franz\u00f6sischen Kunden - Devexter Business Development\" \/>\n<meta property=\"og:description\" content=\"Bewerten Sie die Zufriedenheit Ihrer franz\u00f6sischen Kunden : F\u00fcr ein nicht-franz\u00f6sisches Unternehmen ist die Beziehung zu franz\u00f6sischen Kunden oft schwierig zu handhaben. Der einzige Grund f\u00fcr eine schlechte Beziehung ist eine schlechte Kommunikation.\" \/>\n<meta property=\"og:url\" content=\"https:\/\/www.devexter.com\/de\/dienstleistungen\/start-auf-dem-franzoesischen-industriemarkt\/bewerten-sie-die-zufriedenheit-ihrer-franzoesischen-kunden\/\" \/>\n<meta property=\"og:site_name\" content=\"Devexter Business Development\" \/>\n<meta property=\"article:modified_time\" content=\"2022-05-13T13:09:34+00:00\" \/>\n<meta property=\"og:image\" content=\"https:\/\/www.devexter.com\/wp-content\/uploads\/2021\/02\/logo.png\" \/>\n\t<meta property=\"og:image:width\" content=\"285\" \/>\n\t<meta property=\"og:image:height\" content=\"102\" \/>\n\t<meta property=\"og:image:type\" content=\"image\/png\" \/>\n<meta name=\"twitter:card\" content=\"summary_large_image\" \/>\n<meta name=\"twitter:site\" content=\"@devexterd\" \/>\n<meta name=\"twitter:label1\" content=\"Gesch\u00e4tzte Lesezeit\" \/>\n\t<meta name=\"twitter:data1\" content=\"2\u00a0Minuten\" \/>\n<script type=\"application\/ld+json\" class=\"yoast-schema-graph\">{\"@context\":\"https:\\\/\\\/schema.org\",\"@graph\":[{\"@type\":\"WebPage\",\"@id\":\"https:\\\/\\\/www.devexter.com\\\/de\\\/dienstleistungen\\\/start-auf-dem-franzoesischen-industriemarkt\\\/bewerten-sie-die-zufriedenheit-ihrer-franzoesischen-kunden\\\/\",\"url\":\"https:\\\/\\\/www.devexter.com\\\/de\\\/dienstleistungen\\\/start-auf-dem-franzoesischen-industriemarkt\\\/bewerten-sie-die-zufriedenheit-ihrer-franzoesischen-kunden\\\/\",\"name\":\"Bewerten Sie die Zufriedenheit Ihrer franz\u00f6sischen Kunden - Devexter Business Development\",\"isPartOf\":{\"@id\":\"https:\\\/\\\/www.devexter.com\\\/de\\\/#website\"},\"datePublished\":\"2021-10-08T11:14:23+00:00\",\"dateModified\":\"2022-05-13T13:09:34+00:00\",\"description\":\"Bewerten Sie die Zufriedenheit Ihrer franz\u00f6sischen Kunden : F\u00fcr ein nicht-franz\u00f6sisches Unternehmen ist die Beziehung zu franz\u00f6sischen Kunden oft schwierig zu handhaben. Der einzige Grund f\u00fcr eine schlechte Beziehung ist eine schlechte Kommunikation.\",\"breadcrumb\":{\"@id\":\"https:\\\/\\\/www.devexter.com\\\/de\\\/dienstleistungen\\\/start-auf-dem-franzoesischen-industriemarkt\\\/bewerten-sie-die-zufriedenheit-ihrer-franzoesischen-kunden\\\/#breadcrumb\"},\"inLanguage\":\"de\",\"potentialAction\":[{\"@type\":\"ReadAction\",\"target\":[\"https:\\\/\\\/www.devexter.com\\\/de\\\/dienstleistungen\\\/start-auf-dem-franzoesischen-industriemarkt\\\/bewerten-sie-die-zufriedenheit-ihrer-franzoesischen-kunden\\\/\"]}]},{\"@type\":\"BreadcrumbList\",\"@id\":\"https:\\\/\\\/www.devexter.com\\\/de\\\/dienstleistungen\\\/start-auf-dem-franzoesischen-industriemarkt\\\/bewerten-sie-die-zufriedenheit-ihrer-franzoesischen-kunden\\\/#breadcrumb\",\"itemListElement\":[{\"@type\":\"ListItem\",\"position\":1,\"name\":\"Home\",\"item\":\"https:\\\/\\\/www.devexter.com\\\/de\\\/\"},{\"@type\":\"ListItem\",\"position\":2,\"name\":\"Dienstleistungen\",\"item\":\"https:\\\/\\\/www.devexter.com\\\/de\\\/dienstleistungen\\\/\"},{\"@type\":\"ListItem\",\"position\":3,\"name\":\"Marktstudien und Lead-Liste\",\"item\":\"https:\\\/\\\/www.devexter.com\\\/de\\\/dienstleistungen\\\/start-auf-dem-franzoesischen-industriemarkt\\\/\"},{\"@type\":\"ListItem\",\"position\":4,\"name\":\"Bewerten Sie die Zufriedenheit Ihrer franz\u00f6sischen Kunden\"}]},{\"@type\":\"WebSite\",\"@id\":\"https:\\\/\\\/www.devexter.com\\\/de\\\/#website\",\"url\":\"https:\\\/\\\/www.devexter.com\\\/de\\\/\",\"name\":\"Devexter Business Development\",\"description\":\"Ihr Partner in Frankreich und Europa\\nf\u00fcr Gesch\u00e4ftsentwicklung in Industrie\",\"publisher\":{\"@id\":\"https:\\\/\\\/www.devexter.com\\\/de\\\/#organization\"},\"potentialAction\":[{\"@type\":\"SearchAction\",\"target\":{\"@type\":\"EntryPoint\",\"urlTemplate\":\"https:\\\/\\\/www.devexter.com\\\/de\\\/?s={search_term_string}\"},\"query-input\":{\"@type\":\"PropertyValueSpecification\",\"valueRequired\":true,\"valueName\":\"search_term_string\"}}],\"inLanguage\":\"de\"},{\"@type\":\"Organization\",\"@id\":\"https:\\\/\\\/www.devexter.com\\\/de\\\/#organization\",\"name\":\"Devexter Business Development\",\"url\":\"https:\\\/\\\/www.devexter.com\\\/de\\\/\",\"logo\":{\"@type\":\"ImageObject\",\"inLanguage\":\"de\",\"@id\":\"https:\\\/\\\/www.devexter.com\\\/de\\\/#\\\/schema\\\/logo\\\/image\\\/\",\"url\":\"https:\\\/\\\/www.devexter.com\\\/wp-content\\\/uploads\\\/2021\\\/02\\\/logo.png\",\"contentUrl\":\"https:\\\/\\\/www.devexter.com\\\/wp-content\\\/uploads\\\/2021\\\/02\\\/logo.png\",\"width\":285,\"height\":102,\"caption\":\"Devexter Business Development\"},\"image\":{\"@id\":\"https:\\\/\\\/www.devexter.com\\\/de\\\/#\\\/schema\\\/logo\\\/image\\\/\"},\"sameAs\":[\"https:\\\/\\\/x.com\\\/devexterd\",\"https:\\\/\\\/www.linkedin.com\\\/company\\\/devexterbusinessdevelopment\\\/\"]}]}<\/script>\n<!-- \/ Yoast SEO plugin. -->","yoast_head_json":{"title":"Bewerten Sie die Zufriedenheit Ihrer franz\u00f6sischen Kunden - Devexter Business Development","description":"Bewerten Sie die Zufriedenheit Ihrer franz\u00f6sischen Kunden : F\u00fcr ein nicht-franz\u00f6sisches Unternehmen ist die Beziehung zu franz\u00f6sischen Kunden oft schwierig zu handhaben. Der einzige Grund f\u00fcr eine schlechte Beziehung ist eine schlechte Kommunikation.","robots":{"index":"index","follow":"follow","max-snippet":"max-snippet:-1","max-image-preview":"max-image-preview:large","max-video-preview":"max-video-preview:-1"},"canonical":"https:\/\/www.devexter.com\/de\/dienstleistungen\/start-auf-dem-franzoesischen-industriemarkt\/bewerten-sie-die-zufriedenheit-ihrer-franzoesischen-kunden\/","og_locale":"de_DE","og_type":"article","og_title":"Bewerten Sie die Zufriedenheit Ihrer franz\u00f6sischen Kunden - Devexter Business Development","og_description":"Bewerten Sie die Zufriedenheit Ihrer franz\u00f6sischen Kunden : F\u00fcr ein nicht-franz\u00f6sisches Unternehmen ist die Beziehung zu franz\u00f6sischen Kunden oft schwierig zu handhaben. Der einzige Grund f\u00fcr eine schlechte Beziehung ist eine schlechte Kommunikation.","og_url":"https:\/\/www.devexter.com\/de\/dienstleistungen\/start-auf-dem-franzoesischen-industriemarkt\/bewerten-sie-die-zufriedenheit-ihrer-franzoesischen-kunden\/","og_site_name":"Devexter Business Development","article_modified_time":"2022-05-13T13:09:34+00:00","og_image":[{"width":285,"height":102,"url":"https:\/\/www.devexter.com\/wp-content\/uploads\/2021\/02\/logo.png","type":"image\/png"}],"twitter_card":"summary_large_image","twitter_site":"@devexterd","twitter_misc":{"Gesch\u00e4tzte Lesezeit":"2\u00a0Minuten"},"schema":{"@context":"https:\/\/schema.org","@graph":[{"@type":"WebPage","@id":"https:\/\/www.devexter.com\/de\/dienstleistungen\/start-auf-dem-franzoesischen-industriemarkt\/bewerten-sie-die-zufriedenheit-ihrer-franzoesischen-kunden\/","url":"https:\/\/www.devexter.com\/de\/dienstleistungen\/start-auf-dem-franzoesischen-industriemarkt\/bewerten-sie-die-zufriedenheit-ihrer-franzoesischen-kunden\/","name":"Bewerten Sie die Zufriedenheit Ihrer franz\u00f6sischen Kunden - Devexter Business Development","isPartOf":{"@id":"https:\/\/www.devexter.com\/de\/#website"},"datePublished":"2021-10-08T11:14:23+00:00","dateModified":"2022-05-13T13:09:34+00:00","description":"Bewerten Sie die Zufriedenheit Ihrer franz\u00f6sischen Kunden : F\u00fcr ein nicht-franz\u00f6sisches Unternehmen ist die Beziehung zu franz\u00f6sischen Kunden oft schwierig zu handhaben. Der einzige Grund f\u00fcr eine schlechte Beziehung ist eine schlechte Kommunikation.","breadcrumb":{"@id":"https:\/\/www.devexter.com\/de\/dienstleistungen\/start-auf-dem-franzoesischen-industriemarkt\/bewerten-sie-die-zufriedenheit-ihrer-franzoesischen-kunden\/#breadcrumb"},"inLanguage":"de","potentialAction":[{"@type":"ReadAction","target":["https:\/\/www.devexter.com\/de\/dienstleistungen\/start-auf-dem-franzoesischen-industriemarkt\/bewerten-sie-die-zufriedenheit-ihrer-franzoesischen-kunden\/"]}]},{"@type":"BreadcrumbList","@id":"https:\/\/www.devexter.com\/de\/dienstleistungen\/start-auf-dem-franzoesischen-industriemarkt\/bewerten-sie-die-zufriedenheit-ihrer-franzoesischen-kunden\/#breadcrumb","itemListElement":[{"@type":"ListItem","position":1,"name":"Home","item":"https:\/\/www.devexter.com\/de\/"},{"@type":"ListItem","position":2,"name":"Dienstleistungen","item":"https:\/\/www.devexter.com\/de\/dienstleistungen\/"},{"@type":"ListItem","position":3,"name":"Marktstudien und Lead-Liste","item":"https:\/\/www.devexter.com\/de\/dienstleistungen\/start-auf-dem-franzoesischen-industriemarkt\/"},{"@type":"ListItem","position":4,"name":"Bewerten Sie die Zufriedenheit Ihrer franz\u00f6sischen Kunden"}]},{"@type":"WebSite","@id":"https:\/\/www.devexter.com\/de\/#website","url":"https:\/\/www.devexter.com\/de\/","name":"Devexter Business Development","description":"Ihr Partner in Frankreich und Europa\nf\u00fcr Gesch\u00e4ftsentwicklung in Industrie","publisher":{"@id":"https:\/\/www.devexter.com\/de\/#organization"},"potentialAction":[{"@type":"SearchAction","target":{"@type":"EntryPoint","urlTemplate":"https:\/\/www.devexter.com\/de\/?s={search_term_string}"},"query-input":{"@type":"PropertyValueSpecification","valueRequired":true,"valueName":"search_term_string"}}],"inLanguage":"de"},{"@type":"Organization","@id":"https:\/\/www.devexter.com\/de\/#organization","name":"Devexter Business Development","url":"https:\/\/www.devexter.com\/de\/","logo":{"@type":"ImageObject","inLanguage":"de","@id":"https:\/\/www.devexter.com\/de\/#\/schema\/logo\/image\/","url":"https:\/\/www.devexter.com\/wp-content\/uploads\/2021\/02\/logo.png","contentUrl":"https:\/\/www.devexter.com\/wp-content\/uploads\/2021\/02\/logo.png","width":285,"height":102,"caption":"Devexter Business Development"},"image":{"@id":"https:\/\/www.devexter.com\/de\/#\/schema\/logo\/image\/"},"sameAs":["https:\/\/x.com\/devexterd","https:\/\/www.linkedin.com\/company\/devexterbusinessdevelopment\/"]}]}},"_links":{"self":[{"href":"https:\/\/www.devexter.com\/de\/wp-json\/wp\/v2\/pages\/5443","targetHints":{"allow":["GET"]}}],"collection":[{"href":"https:\/\/www.devexter.com\/de\/wp-json\/wp\/v2\/pages"}],"about":[{"href":"https:\/\/www.devexter.com\/de\/wp-json\/wp\/v2\/types\/page"}],"author":[{"embeddable":true,"href":"https:\/\/www.devexter.com\/de\/wp-json\/wp\/v2\/users\/1"}],"replies":[{"embeddable":true,"href":"https:\/\/www.devexter.com\/de\/wp-json\/wp\/v2\/comments?post=5443"}],"version-history":[{"count":2,"href":"https:\/\/www.devexter.com\/de\/wp-json\/wp\/v2\/pages\/5443\/revisions"}],"predecessor-version":[{"id":5445,"href":"https:\/\/www.devexter.com\/de\/wp-json\/wp\/v2\/pages\/5443\/revisions\/5445"}],"up":[{"embeddable":true,"href":"https:\/\/www.devexter.com\/de\/wp-json\/wp\/v2\/pages\/3841"}],"wp:attachment":[{"href":"https:\/\/www.devexter.com\/de\/wp-json\/wp\/v2\/media?parent=5443"}],"curies":[{"name":"wp","href":"https:\/\/api.w.org\/{rel}","templated":true}]}}