{"id":5431,"date":"2021-10-08T13:11:14","date_gmt":"2021-10-08T11:11:14","guid":{"rendered":"https:\/\/www.devexter.com\/dienstleistungen\/start-auf-dem-franzoesischen-industriemarkt\/evaluate-the-french-market-price-level\/"},"modified":"2022-05-13T15:02:14","modified_gmt":"2022-05-13T13:02:14","slug":"bewerten-sie-das-franzoesische-marktpreisniveau","status":"publish","type":"page","link":"https:\/\/www.devexter.com\/de\/dienstleistungen\/start-auf-dem-franzoesischen-industriemarkt\/bewerten-sie-das-franzoesische-marktpreisniveau\/","title":{"rendered":"Bewerten Sie das franz\u00f6sische Marktpreisniveau."},"content":{"rendered":"<div id=\"pl-5431\"  class=\"panel-layout\" ><div id=\"pg-5431-0\"  class=\"panel-grid panel-no-style\" ><div id=\"pgc-5431-0-0\"  class=\"panel-grid-cell\" ><div id=\"panel-5431-0-0-0\" class=\"so-panel widget widget_sow-editor panel-first-child panel-last-child\" data-index=\"0\" ><div\n\t\t\t\n\t\t\tclass=\"so-widget-sow-editor so-widget-sow-editor-base\"\n\t\t\t\n\t\t>\n<div class=\"siteorigin-widget-tinymce textwidget\">\n\t<p><strong>Die Kenntnis des franz\u00f6sischen Marktpreises ist eine wesentliche Voraussetzung f\u00fcr die Anpassung einer Marktstrategie.<\/strong><br \/>\nDer beste Weg zur Bewertung des Marktpreisniveaus besteht darin, Angebotsanfragen von franz\u00f6sischen potenziellen Kunden einzuholen und das Feedback auf das Angebot zu analysieren. Die Eink\u00e4ufer in der Branche sind manchmal bereit, Hinweise auf die Preisposition eines neuen Anbieters zu geben; es liegt in ihrem Interesse, dass dieser Newcomer sein Angebot anpassen kann.<br \/>\nEine Marktpreisbeobachtung ist bei Rohstoffen einfacher zu bewerkstelligen als bei projektspezifischen L\u00f6sungen. Bei Rohstoffen ist es schwierig, mit dem Portfolio eines bestehenden Lieferanten einen neuen Kunden zu gewinnen; dies gilt insbesondere f\u00fcr die Automobilindustrie, da die meisten Rohstoffe entweder von Renault oder der PSA-Gruppe (jetzt Stellantis) technisch freigegeben wurden. Auch in anderen Industriezweigen wie der Luftfahrt, der Eisenbahn oder der Medizintechnik sind die Freigabeverfahren langwierig und anspruchsvoll.<\/p>\n<\/div>\n<\/div><\/div><\/div><div id=\"pgc-5431-0-1\"  class=\"panel-grid-cell\" ><div class=\"widget widget_pages\"><h3 class=\"widget-title submenu-title\"><a href=\"https:\/\/www.devexter.com\/de\/dienstleistungen\/\" title=\"\">Dienstleistungen<\/a><\/h3>\r\n\t<ul class=\"sub-pages\"><li class=\"page_item page-item-3841 page_item_has_children\"><a href=\"https:\/\/www.devexter.com\/de\/dienstleistungen\/start-auf-dem-franzoesischen-industriemarkt\/\">Marktstudien und Lead-Liste<\/a>\n<ul class='children'>\n\t<li class=\"page_item page-item-5419\"><a href=\"https:\/\/www.devexter.com\/de\/dienstleistungen\/start-auf-dem-franzoesischen-industriemarkt\/ermittlung-von-neuen-potenziellen-franzoesischen-kunden\/\">Ermittlung von neuen potenziellen franz\u00f6sischen Kunden<\/a><\/li>\n\t<li class=\"page_item page-item-5426\"><a href=\"https:\/\/www.devexter.com\/de\/dienstleistungen\/start-auf-dem-franzoesischen-industriemarkt\/ein-ueberblick-ueber-den-wettbewerb-in-frankreich\/\">Ein \u00dcberblick \u00fcber den Wettbewerb in Frankreich.<\/a><\/li>\n\t<li class=\"page_item page-item-5431\"><a href=\"https:\/\/www.devexter.com\/de\/dienstleistungen\/start-auf-dem-franzoesischen-industriemarkt\/bewerten-sie-das-franzoesische-marktpreisniveau\/\">Bewerten Sie das franz\u00f6sische Marktpreisniveau.<\/a><\/li>\n\t<li class=\"page_item page-item-5443\"><a href=\"https:\/\/www.devexter.com\/de\/dienstleistungen\/start-auf-dem-franzoesischen-industriemarkt\/bewerten-sie-die-zufriedenheit-ihrer-franzoesischen-kunden\/\">Bewerten Sie die Zufriedenheit Ihrer franz\u00f6sischen Kunden<\/a><\/li>\n\t<li class=\"page_item page-item-5449\"><a href=\"https:\/\/www.devexter.com\/de\/dienstleistungen\/start-auf-dem-franzoesischen-industriemarkt\/bewertung-der-marktzutrittsschranken-die-franzoesischen-technischen-spezifikationen\/\">Bewertung der Marktzutrittsschranken: die franz\u00f6sischen technischen Spezifikationen.<\/a><\/li>\n<\/ul>\n<\/li>\n<li class=\"page_item page-item-3961 page_item_has_children\"><a href=\"https:\/\/www.devexter.com\/de\/dienstleistungen\/markteintrittsstrategie-in-frankreich\/\">Markteintrittsstrategie: Business Development<\/a>\n<ul class='children'>\n\t<li class=\"page_item page-item-5457\"><a href=\"https:\/\/www.devexter.com\/de\/dienstleistungen\/markteintrittsstrategie-in-frankreich\/vorbereitung-von-marketingunterlagen-fuer-den-franzoesischen-markt\/\">Vorbereitung von Marketingunterlagen f\u00fcr den franz\u00f6sischen Markt.<\/a><\/li>\n\t<li class=\"page_item page-item-5465\"><a href=\"https:\/\/www.devexter.com\/de\/dienstleistungen\/markteintrittsstrategie-in-frankreich\/organisation-von-besprechungen-mit-entscheidungstraegern\/\">Organisation von Besprechungen mit Entscheidungstr\u00e4gern<\/a><\/li>\n\t<li class=\"page_item page-item-5471\"><a href=\"https:\/\/www.devexter.com\/de\/dienstleistungen\/markteintrittsstrategie-in-frankreich\/einholen-von-angebotsanfragen-fur-sie-verhandeln\/\">Einholen von Angebotsanfragen, f\u00fcr Sie Verhandeln.<\/a><\/li>\n\t<li class=\"page_item page-item-5479\"><a href=\"https:\/\/www.devexter.com\/de\/dienstleistungen\/markteintrittsstrategie-in-frankreich\/klaeren-und-verhandeln-von-technischen-spezifikationen\/\">Kl\u00e4ren und Verhandeln von technischen Spezifikationen<\/a><\/li>\n\t<li class=\"page_item page-item-5487\"><a href=\"https:\/\/www.devexter.com\/de\/dienstleistungen\/markteintrittsstrategie-in-frankreich\/unterstuetzung-bei-der-lieferantenbewertung-und-produktfreigabe\/\">Unterst\u00fctzung bei der Lieferantenbewertung und Produktfreigabe.<\/a><\/li>\n<\/ul>\n<\/li>\n<li class=\"page_item page-item-3978 page_item_has_children\"><a href=\"https:\/\/www.devexter.com\/de\/dienstleistungen\/vertrieb-und-marketing-in-frankreich\/\">Sichern Sie Ihr Wachstum: Vertrieb und Marketing in Frankreich<\/a>\n<ul class='children'>\n\t<li class=\"page_item page-item-4289\"><a href=\"https:\/\/www.devexter.com\/de\/dienstleistungen\/vertrieb-und-marketing-in-frankreich\/manage-your-acquisition-activities-on-the-french-market\/\">Verwalten Sie Ihre Akquiseaktivit\u00e4ten auf dem franz\u00f6sischen Markt<\/a><\/li>\n\t<li class=\"page_item page-item-4292\"><a href=\"https:\/\/www.devexter.com\/de\/dienstleistungen\/vertrieb-und-marketing-in-frankreich\/leiten-sie-komplexe-projekte-loesen-sie-krisen\/\">Leiten Sie Komplexe Projekte, l\u00f6sen Sie Krisen<\/a><\/li>\n\t<li class=\"page_item page-item-4291\"><a href=\"https:\/\/www.devexter.com\/de\/dienstleistungen\/vertrieb-und-marketing-in-frankreich\/werben-sie-in-den-sozialen-medien-steigern-sie-ihre-markenbekanntheit\/\">Werben Sie in den sozialen Medien, steigern Sie Ihre Markenbekanntheit<\/a><\/li>\n\t<li class=\"page_item page-item-4295\"><a href=\"https:\/\/www.devexter.com\/de\/dienstleistungen\/vertrieb-und-marketing-in-frankreich\/verwalten-sie-ihr-vertriebsnetz\/\">Verwalten Sie Ihre Key Accounts, Ihr Vertriebsnetz<\/a><\/li>\n\t<li class=\"page_item page-item-4294\"><a href=\"https:\/\/www.devexter.com\/de\/dienstleistungen\/vertrieb-und-marketing-in-frankreich\/nehmen-sie-an-fachmessen-teil\/\">Nehmen Sie an Fachmessen teil, betreiben Sie Lobbyarbeit<\/a><\/li>\n\t<li class=\"page_item page-item-4293\"><a href=\"https:\/\/www.devexter.com\/de\/dienstleistungen\/vertrieb-und-marketing-in-frankreich\/richten-sie-jv-oder-externe-wachstumsaktivitaeten-ein\/\">Richten Sie JV oder externe Wachstumsaktivit\u00e4ten ein<\/a><\/li>\n<\/ul>\n<\/li>\n<\/ul><\/div><div id=\"panel-5431-0-1-0\" class=\"so-panel widget widget_sow-editor panel-first-child panel-last-child\" data-index=\"1\" ><div\n\t\t\t\n\t\t\tclass=\"so-widget-sow-editor so-widget-sow-editor-base\"\n\t\t\t\n\t\t>\n<div class=\"siteorigin-widget-tinymce textwidget\">\n\t\n<\/div>\n<\/div><\/div><\/div><\/div><\/div>","protected":false},"excerpt":{"rendered":"<p>Die Kenntnis des franz\u00f6sischen Marktpreises ist eine wesentliche Voraussetzung f\u00fcr die Anpassung einer Marktstrategie. Der beste Weg zur Bewertung des Marktpreisniveaus besteht darin, Angebotsanfragen von franz\u00f6sischen potenziellen Kunden einzuholen und das Feedback auf das Angebot zu analysieren. Die Eink\u00e4ufer in der Branche sind manchmal bereit, Hinweise auf die Preisposition eines neuen Anbieters zu geben; es [&hellip;]<\/p>\n","protected":false},"author":1,"featured_media":0,"parent":3841,"menu_order":3,"comment_status":"closed","ping_status":"closed","template":"","meta":{"footnotes":""},"class_list":["post-5431","page","type-page","status-publish","hentry","post"],"yoast_head":"<!-- This site is optimized with the Yoast SEO plugin v27.5 - https:\/\/yoast.com\/product\/yoast-seo-wordpress\/ -->\n<title>Bewerten Sie das franz\u00f6sische Marktpreisniveau. - Devexter Business Development<\/title>\n<meta name=\"description\" content=\"Die Kenntnis des franz\u00f6sischen Marktpreises ist eine wesentliche Voraussetzung f\u00fcr die Anpassung einer Marktstrategie : Devexter Business Development hilft Ihnen bei der Bewertung des franz\u00f6sischen Marktpreisniveaus.\" \/>\n<meta name=\"robots\" content=\"index, follow, max-snippet:-1, max-image-preview:large, max-video-preview:-1\" \/>\n<link rel=\"canonical\" href=\"https:\/\/www.devexter.com\/de\/dienstleistungen\/start-auf-dem-franzoesischen-industriemarkt\/bewerten-sie-das-franzoesische-marktpreisniveau\/\" \/>\n<meta property=\"og:locale\" content=\"de_DE\" \/>\n<meta property=\"og:type\" content=\"article\" \/>\n<meta property=\"og:title\" content=\"Bewerten Sie das franz\u00f6sische Marktpreisniveau. - Devexter Business Development\" \/>\n<meta property=\"og:description\" content=\"Die Kenntnis des franz\u00f6sischen Marktpreises ist eine wesentliche Voraussetzung f\u00fcr die Anpassung einer Marktstrategie : Devexter Business Development hilft Ihnen bei der Bewertung des franz\u00f6sischen Marktpreisniveaus.\" \/>\n<meta property=\"og:url\" content=\"https:\/\/www.devexter.com\/de\/dienstleistungen\/start-auf-dem-franzoesischen-industriemarkt\/bewerten-sie-das-franzoesische-marktpreisniveau\/\" \/>\n<meta property=\"og:site_name\" content=\"Devexter Business Development\" \/>\n<meta property=\"article:modified_time\" content=\"2022-05-13T13:02:14+00:00\" \/>\n<meta property=\"og:image\" content=\"https:\/\/www.devexter.com\/wp-content\/uploads\/2021\/02\/logo.png\" \/>\n\t<meta property=\"og:image:width\" content=\"285\" \/>\n\t<meta property=\"og:image:height\" content=\"102\" \/>\n\t<meta property=\"og:image:type\" content=\"image\/png\" \/>\n<meta name=\"twitter:card\" content=\"summary_large_image\" \/>\n<meta name=\"twitter:site\" content=\"@devexterd\" \/>\n<meta name=\"twitter:label1\" content=\"Gesch\u00e4tzte Lesezeit\" \/>\n\t<meta name=\"twitter:data1\" content=\"1\u00a0Minute\" \/>\n<script type=\"application\/ld+json\" class=\"yoast-schema-graph\">{\"@context\":\"https:\\\/\\\/schema.org\",\"@graph\":[{\"@type\":\"WebPage\",\"@id\":\"https:\\\/\\\/www.devexter.com\\\/de\\\/dienstleistungen\\\/start-auf-dem-franzoesischen-industriemarkt\\\/bewerten-sie-das-franzoesische-marktpreisniveau\\\/\",\"url\":\"https:\\\/\\\/www.devexter.com\\\/de\\\/dienstleistungen\\\/start-auf-dem-franzoesischen-industriemarkt\\\/bewerten-sie-das-franzoesische-marktpreisniveau\\\/\",\"name\":\"Bewerten Sie das franz\u00f6sische Marktpreisniveau. - Devexter Business Development\",\"isPartOf\":{\"@id\":\"https:\\\/\\\/www.devexter.com\\\/de\\\/#website\"},\"datePublished\":\"2021-10-08T11:11:14+00:00\",\"dateModified\":\"2022-05-13T13:02:14+00:00\",\"description\":\"Die Kenntnis des franz\u00f6sischen Marktpreises ist eine wesentliche Voraussetzung f\u00fcr die Anpassung einer Marktstrategie : Devexter Business Development hilft Ihnen bei der Bewertung des franz\u00f6sischen Marktpreisniveaus.\",\"breadcrumb\":{\"@id\":\"https:\\\/\\\/www.devexter.com\\\/de\\\/dienstleistungen\\\/start-auf-dem-franzoesischen-industriemarkt\\\/bewerten-sie-das-franzoesische-marktpreisniveau\\\/#breadcrumb\"},\"inLanguage\":\"de\",\"potentialAction\":[{\"@type\":\"ReadAction\",\"target\":[\"https:\\\/\\\/www.devexter.com\\\/de\\\/dienstleistungen\\\/start-auf-dem-franzoesischen-industriemarkt\\\/bewerten-sie-das-franzoesische-marktpreisniveau\\\/\"]}]},{\"@type\":\"BreadcrumbList\",\"@id\":\"https:\\\/\\\/www.devexter.com\\\/de\\\/dienstleistungen\\\/start-auf-dem-franzoesischen-industriemarkt\\\/bewerten-sie-das-franzoesische-marktpreisniveau\\\/#breadcrumb\",\"itemListElement\":[{\"@type\":\"ListItem\",\"position\":1,\"name\":\"Home\",\"item\":\"https:\\\/\\\/www.devexter.com\\\/de\\\/\"},{\"@type\":\"ListItem\",\"position\":2,\"name\":\"Dienstleistungen\",\"item\":\"https:\\\/\\\/www.devexter.com\\\/de\\\/dienstleistungen\\\/\"},{\"@type\":\"ListItem\",\"position\":3,\"name\":\"Marktstudien und Lead-Liste\",\"item\":\"https:\\\/\\\/www.devexter.com\\\/de\\\/dienstleistungen\\\/start-auf-dem-franzoesischen-industriemarkt\\\/\"},{\"@type\":\"ListItem\",\"position\":4,\"name\":\"Bewerten Sie das franz\u00f6sische Marktpreisniveau.\"}]},{\"@type\":\"WebSite\",\"@id\":\"https:\\\/\\\/www.devexter.com\\\/de\\\/#website\",\"url\":\"https:\\\/\\\/www.devexter.com\\\/de\\\/\",\"name\":\"Devexter Business Development\",\"description\":\"Ihr Partner in Frankreich und Europa\\nf\u00fcr Gesch\u00e4ftsentwicklung in Industrie\",\"publisher\":{\"@id\":\"https:\\\/\\\/www.devexter.com\\\/de\\\/#organization\"},\"potentialAction\":[{\"@type\":\"SearchAction\",\"target\":{\"@type\":\"EntryPoint\",\"urlTemplate\":\"https:\\\/\\\/www.devexter.com\\\/de\\\/?s={search_term_string}\"},\"query-input\":{\"@type\":\"PropertyValueSpecification\",\"valueRequired\":true,\"valueName\":\"search_term_string\"}}],\"inLanguage\":\"de\"},{\"@type\":\"Organization\",\"@id\":\"https:\\\/\\\/www.devexter.com\\\/de\\\/#organization\",\"name\":\"Devexter Business Development\",\"url\":\"https:\\\/\\\/www.devexter.com\\\/de\\\/\",\"logo\":{\"@type\":\"ImageObject\",\"inLanguage\":\"de\",\"@id\":\"https:\\\/\\\/www.devexter.com\\\/de\\\/#\\\/schema\\\/logo\\\/image\\\/\",\"url\":\"https:\\\/\\\/www.devexter.com\\\/wp-content\\\/uploads\\\/2021\\\/02\\\/logo.png\",\"contentUrl\":\"https:\\\/\\\/www.devexter.com\\\/wp-content\\\/uploads\\\/2021\\\/02\\\/logo.png\",\"width\":285,\"height\":102,\"caption\":\"Devexter Business Development\"},\"image\":{\"@id\":\"https:\\\/\\\/www.devexter.com\\\/de\\\/#\\\/schema\\\/logo\\\/image\\\/\"},\"sameAs\":[\"https:\\\/\\\/x.com\\\/devexterd\",\"https:\\\/\\\/www.linkedin.com\\\/company\\\/devexterbusinessdevelopment\\\/\"]}]}<\/script>\n<!-- \/ Yoast SEO plugin. -->","yoast_head_json":{"title":"Bewerten Sie das franz\u00f6sische Marktpreisniveau. - Devexter Business Development","description":"Die Kenntnis des franz\u00f6sischen Marktpreises ist eine wesentliche Voraussetzung f\u00fcr die Anpassung einer Marktstrategie : Devexter Business Development hilft Ihnen bei der Bewertung des franz\u00f6sischen Marktpreisniveaus.","robots":{"index":"index","follow":"follow","max-snippet":"max-snippet:-1","max-image-preview":"max-image-preview:large","max-video-preview":"max-video-preview:-1"},"canonical":"https:\/\/www.devexter.com\/de\/dienstleistungen\/start-auf-dem-franzoesischen-industriemarkt\/bewerten-sie-das-franzoesische-marktpreisniveau\/","og_locale":"de_DE","og_type":"article","og_title":"Bewerten Sie das franz\u00f6sische Marktpreisniveau. - Devexter Business Development","og_description":"Die Kenntnis des franz\u00f6sischen Marktpreises ist eine wesentliche Voraussetzung f\u00fcr die Anpassung einer Marktstrategie : Devexter Business Development hilft Ihnen bei der Bewertung des franz\u00f6sischen Marktpreisniveaus.","og_url":"https:\/\/www.devexter.com\/de\/dienstleistungen\/start-auf-dem-franzoesischen-industriemarkt\/bewerten-sie-das-franzoesische-marktpreisniveau\/","og_site_name":"Devexter Business Development","article_modified_time":"2022-05-13T13:02:14+00:00","og_image":[{"width":285,"height":102,"url":"https:\/\/www.devexter.com\/wp-content\/uploads\/2021\/02\/logo.png","type":"image\/png"}],"twitter_card":"summary_large_image","twitter_site":"@devexterd","twitter_misc":{"Gesch\u00e4tzte Lesezeit":"1\u00a0Minute"},"schema":{"@context":"https:\/\/schema.org","@graph":[{"@type":"WebPage","@id":"https:\/\/www.devexter.com\/de\/dienstleistungen\/start-auf-dem-franzoesischen-industriemarkt\/bewerten-sie-das-franzoesische-marktpreisniveau\/","url":"https:\/\/www.devexter.com\/de\/dienstleistungen\/start-auf-dem-franzoesischen-industriemarkt\/bewerten-sie-das-franzoesische-marktpreisniveau\/","name":"Bewerten Sie das franz\u00f6sische Marktpreisniveau. - Devexter Business Development","isPartOf":{"@id":"https:\/\/www.devexter.com\/de\/#website"},"datePublished":"2021-10-08T11:11:14+00:00","dateModified":"2022-05-13T13:02:14+00:00","description":"Die Kenntnis des franz\u00f6sischen Marktpreises ist eine wesentliche Voraussetzung f\u00fcr die Anpassung einer Marktstrategie : Devexter Business Development hilft Ihnen bei der Bewertung des franz\u00f6sischen Marktpreisniveaus.","breadcrumb":{"@id":"https:\/\/www.devexter.com\/de\/dienstleistungen\/start-auf-dem-franzoesischen-industriemarkt\/bewerten-sie-das-franzoesische-marktpreisniveau\/#breadcrumb"},"inLanguage":"de","potentialAction":[{"@type":"ReadAction","target":["https:\/\/www.devexter.com\/de\/dienstleistungen\/start-auf-dem-franzoesischen-industriemarkt\/bewerten-sie-das-franzoesische-marktpreisniveau\/"]}]},{"@type":"BreadcrumbList","@id":"https:\/\/www.devexter.com\/de\/dienstleistungen\/start-auf-dem-franzoesischen-industriemarkt\/bewerten-sie-das-franzoesische-marktpreisniveau\/#breadcrumb","itemListElement":[{"@type":"ListItem","position":1,"name":"Home","item":"https:\/\/www.devexter.com\/de\/"},{"@type":"ListItem","position":2,"name":"Dienstleistungen","item":"https:\/\/www.devexter.com\/de\/dienstleistungen\/"},{"@type":"ListItem","position":3,"name":"Marktstudien und Lead-Liste","item":"https:\/\/www.devexter.com\/de\/dienstleistungen\/start-auf-dem-franzoesischen-industriemarkt\/"},{"@type":"ListItem","position":4,"name":"Bewerten Sie das franz\u00f6sische Marktpreisniveau."}]},{"@type":"WebSite","@id":"https:\/\/www.devexter.com\/de\/#website","url":"https:\/\/www.devexter.com\/de\/","name":"Devexter Business Development","description":"Ihr Partner in Frankreich und Europa\nf\u00fcr Gesch\u00e4ftsentwicklung in Industrie","publisher":{"@id":"https:\/\/www.devexter.com\/de\/#organization"},"potentialAction":[{"@type":"SearchAction","target":{"@type":"EntryPoint","urlTemplate":"https:\/\/www.devexter.com\/de\/?s={search_term_string}"},"query-input":{"@type":"PropertyValueSpecification","valueRequired":true,"valueName":"search_term_string"}}],"inLanguage":"de"},{"@type":"Organization","@id":"https:\/\/www.devexter.com\/de\/#organization","name":"Devexter Business Development","url":"https:\/\/www.devexter.com\/de\/","logo":{"@type":"ImageObject","inLanguage":"de","@id":"https:\/\/www.devexter.com\/de\/#\/schema\/logo\/image\/","url":"https:\/\/www.devexter.com\/wp-content\/uploads\/2021\/02\/logo.png","contentUrl":"https:\/\/www.devexter.com\/wp-content\/uploads\/2021\/02\/logo.png","width":285,"height":102,"caption":"Devexter Business Development"},"image":{"@id":"https:\/\/www.devexter.com\/de\/#\/schema\/logo\/image\/"},"sameAs":["https:\/\/x.com\/devexterd","https:\/\/www.linkedin.com\/company\/devexterbusinessdevelopment\/"]}]}},"_links":{"self":[{"href":"https:\/\/www.devexter.com\/de\/wp-json\/wp\/v2\/pages\/5431","targetHints":{"allow":["GET"]}}],"collection":[{"href":"https:\/\/www.devexter.com\/de\/wp-json\/wp\/v2\/pages"}],"about":[{"href":"https:\/\/www.devexter.com\/de\/wp-json\/wp\/v2\/types\/page"}],"author":[{"embeddable":true,"href":"https:\/\/www.devexter.com\/de\/wp-json\/wp\/v2\/users\/1"}],"replies":[{"embeddable":true,"href":"https:\/\/www.devexter.com\/de\/wp-json\/wp\/v2\/comments?post=5431"}],"version-history":[{"count":5,"href":"https:\/\/www.devexter.com\/de\/wp-json\/wp\/v2\/pages\/5431\/revisions"}],"predecessor-version":[{"id":5439,"href":"https:\/\/www.devexter.com\/de\/wp-json\/wp\/v2\/pages\/5431\/revisions\/5439"}],"up":[{"embeddable":true,"href":"https:\/\/www.devexter.com\/de\/wp-json\/wp\/v2\/pages\/3841"}],"wp:attachment":[{"href":"https:\/\/www.devexter.com\/de\/wp-json\/wp\/v2\/media?parent=5431"}],"curies":[{"name":"wp","href":"https:\/\/api.w.org\/{rel}","templated":true}]}}