{"id":4182,"date":"2021-05-05T11:51:14","date_gmt":"2021-05-05T09:51:14","guid":{"rendered":"https:\/\/www.devexter.com\/limitations-of-standard-solutions\/"},"modified":"2022-05-06T19:38:47","modified_gmt":"2022-05-06T17:38:47","slug":"die-grenzen-von-standardloesungen","status":"publish","type":"page","link":"https:\/\/www.devexter.com\/de\/die-grenzen-von-standardloesungen\/","title":{"rendered":"Die Grenzen von Standardl\u00f6sungen"},"content":{"rendered":"<div id=\"pl-4182\"  class=\"panel-layout\" ><div id=\"pg-4182-0\"  class=\"panel-grid panel-no-style\" ><div id=\"pgc-4182-0-0\"  class=\"panel-grid-cell\" ><div id=\"panel-4182-0-0-0\" class=\"so-panel widget widget_sow-editor panel-first-child panel-last-child\" data-index=\"0\" ><div\n\t\t\t\n\t\t\tclass=\"so-widget-sow-editor so-widget-sow-editor-base\"\n\t\t\t\n\t\t>\n<div class=\"siteorigin-widget-tinymce textwidget\">\n\t<p>Wenn Sie Unterst\u00fctzung f\u00fcr die Analyse oder Entwicklung des franz\u00f6sischen Marktes ben\u00f6tigen, ist es wichtig, die richtige Entscheidung durch Rekrutierung eines Experten zu treffen. Aber haben Sie \u00fcber die Grenzen von Standardl\u00f6sungen nachgedacht?<\/p>\n<h3 class=\"h3interne h3limites\">Aufgabe f\u00fcr eine Ihrer Vertriebsteams, den franz\u00f6sischen Markt zu entwickeln<\/h3>\n<p>Ihre Vertriebsperson hat umfassende Kenntnis von dem Unternehmen und seinen Produkten; Sie vertrauen ihm\/ihr, aber <strong>seine\/ihre Reisekosten sind hoch<\/strong>, insbesondere wenn Meetings abgesagt oder verschoben werden. <strong>Franz\u00f6sische Kunden sind eher geneigt, den Lieferanten zu trauen, die sie \u00f6fter sehen<\/strong>. Kulturell betrachtet, ist der pers\u00f6nliche Kontakt sehr wichtig. Regelm\u00e4\u00dfiger Kontakt ist auch ein Weg, den Wettbewerb zu \u00fcbertreffen.<\/p>\n<p>Au\u00dferdem m\u00fcssen Sie <strong>die franz\u00f6sische Sprache gut beherrschen<\/strong>, da Ihre franz\u00f6sischen Ansprechpartner manchmal die englische Sprache nur wenig beherrschen. Deren Kommunikation wird sich auf Basics und technische Dinge begrenzen. <strong>Eine Kommunikation in Franz\u00f6sisch wird Ihnen erm\u00f6glichen, effektiver zu verhandeln und ausf\u00fchrlichere Informationen herauszufinden<\/strong>.<\/p>\n<p>Schlie\u00dflich k\u00f6nnen unterschiedliche Arbeitsans\u00e4tze Anlass f\u00fcr gegenseitige Missverst\u00e4ndnisse und Zeitverschwendung geben. <strong>Die Kenntnis \u00fcber verschiedene Kulturen hilft, diese Unterschiede zu gl\u00e4tten<\/strong>.<\/p>\n<h3 class=\"h3interne h3limites\">Beschaffung von in Frankreich ans\u00e4ssigem Personal<\/h3>\n<p>Das ist eine Investition: das bedeutet, eine <strong>Personalberatungsfirma<\/strong> zu beauftragen, eine <strong>Anwaltskanzlei<\/strong> zur Aufstellung eines franz\u00f6sischen Arbeitsvertrages zu engagieren und Gehaltsabrechnungen und Sozialabgaben zu verwalten.<\/p>\n<p>Indes machen es <strong>die strikten Arbeitsgesetzte in Frankreich<\/strong> schwer, Arbeitsstunden den Gesch\u00e4ftserfordernissen anzupassen. Die Wahl ist Vollzeit oder gar nicht. Ein R\u00fcckgang des Arbeitsumfanges, eine \u00c4nderung des strategischen Fokus oder ein Effizienzproblem, kann Sie dazu zwingen, Ihren Mitarbeiter zu <strong>entlassen<\/strong>. Das ist <strong>kompliziert<\/strong> und k\u00f6nnte teuer werden: der Mitarbeiter k\u00f6nnte Sie vor einem Arbeitsgericht verklagen.<\/p>\n<h3 class=\"h3interne h3limites\">Einen Vertriebsagent&nbsp;nutzen<\/h3>\n<p>Auf den ersten Blick, ist das die g\u00fcnstigste L\u00f6sung. Ein Agent kennt den Markt gut und wird nur f\u00fcr Auftr\u00e4ge bezahlt, die er\/sie gewinnt.<\/p>\n<p>Jedoch wird ein Agent <strong>nur an kurzfristigen Vertriebserfolgen in seinem Bereich interessiert sein<\/strong>, und somit kein Teamspieler in Ihrer Vertriebsorganisation werden. In den globalen M\u00e4rkten, in denen wir t\u00e4tig sind, wird er\/<strong>sie m\u00f6glicherweise nicht auf Chancen hinweisen, die au\u00dferhalb seines\/ihres Bereiches fallen<\/strong>.<\/p>\n<p>Letztendlich ist der Status eines Vertriebsagenten in Frankreich reguliert. Ein Agent besitzt seine\/ihre Kundenbeziehungen: <strong>da er\/sie nicht verpflichtet ist, die Details zu den Kundenkontakten an Sie weiterzugeben<\/strong>, verlieren Sie die Kontakte, wenn Sie den Vertrag mit dem Agenten beenden. Des Weiteren hat ein Vertriebsagent Anspruch auf die Provision eines Gesch\u00e4ftes, welches er\/sie gewonnen hat, sogar noch etliche Jahre nach Beendigung des Vertrages.<\/p>\n<h3 class=\"h3interne\">Und doch\u2026 eine erfahrene, lokale Pr\u00e4senz ist entscheidend f\u00fcr Ihren Erfolg!<\/h3>\n<\/div>\n<\/div><\/div><\/div><\/div><div id=\"pg-4182-1\"  class=\"panel-grid panel-no-style\" ><div id=\"pgc-4182-1-0\"  class=\"panel-grid-cell\" ><div id=\"panel-4182-1-0-0\" class=\"so-panel widget widget_sow-features panel-first-child panel-last-child\" data-index=\"1\" ><div class=\"devexter-service-strength panel-widget-style panel-widget-style-for-4182-1-0-0\" ><div\n\t\t\t\n\t\t\tclass=\"so-widget-sow-features so-widget-sow-features-default-d153fc6e8515-4182\"\n\t\t\t\n\t\t><ul\n\tclass=\"sow-features-list\n\tsow-features-responsive\">\n\n\t\t\t<li\n\t\t\tclass=\"sow-features-feature sow-icon-container-position-right\"\n\t\t\tstyle=\"display: flex; flex-direction: row; width: calc(100% - 25px);\"\n\t\t>\n\t\t\t\n\t\t\t\t\t\t<div\t\t\t\tclass=\"sow-icon-container sow-container-none\"\n\t\t\t\tstyle=\"color: #404040; \"\n\t\t\t\t\n\t\t\t\t\t\t\t>\n\t\t\t\t\t\t\t\t\t\t<div class=\"sow-icon-image\" style=\"background-image: url(https:\/\/www.devexter.com\/wp-content\/uploads\/2021\/03\/redright2.png); font-size: 35px\"><\/div>\n\t\t\t\t\t\t\t\t\t<\/div>\n\n\t\t\t<div class=\"textwidget\">\n\t\t\t\t\n\t\t\t\t\t\t\t\t\t<h4 class=\"sow-features-feature-title\">\n\t\t\t\t\t\t\t\t\t\t\t\t\t<a\n\t\t\t\t\t\t\t\thref=\"https:\/\/www.devexter.com\/value-proposal\/\"\n\t\t\t\t\t\t\t\t\t\t\t\t\t\t\t>\n\t\t\t\t\t\t\tDer DEVEXTER Business Development Unterschied : MA\u00dfGESCHNEIDERTE, FLEXIBLE INNOVATION\t\t\t\t\t\t\t<\/a>\n\t\t\t\t\t\t\t\t\t\t\t\t<\/h4>\n\t\t\t\t\n\t\t\t\t\t\t\t<\/div>\n\t\t\t\t\t\t\t\t<\/li>\n\n\t<\/ul>\n<\/div><\/div><\/div><\/div><\/div><\/div>","protected":false},"excerpt":{"rendered":"<p>Wenn Sie Unterst\u00fctzung f\u00fcr die Analyse oder Entwicklung des franz\u00f6sischen Marktes ben\u00f6tigen, ist es wichtig, die richtige Entscheidung durch Rekrutierung eines Experten zu treffen. Aber haben Sie \u00fcber die Grenzen von Standardl\u00f6sungen nachgedacht? Aufgabe f\u00fcr eine Ihrer Vertriebsteams, den franz\u00f6sischen Markt zu entwickeln Ihre Vertriebsperson hat umfassende Kenntnis von dem Unternehmen und seinen Produkten; Sie [&hellip;]<\/p>\n","protected":false},"author":1,"featured_media":0,"parent":0,"menu_order":0,"comment_status":"closed","ping_status":"closed","template":"","meta":{"footnotes":""},"class_list":["post-4182","page","type-page","status-publish","hentry","post"],"yoast_head":"<!-- This site is optimized with the Yoast SEO plugin v27.5 - https:\/\/yoast.com\/product\/yoast-seo-wordpress\/ -->\n<title>Die Grenzen von Standardl\u00f6sungen - Devexter Business Development<\/title>\n<meta name=\"description\" content=\"Wenn Sie Unterst\u00fctzung f\u00fcr die Analyse oder Entwicklung des franz\u00f6sischen Marktes ben\u00f6tigen, ist es wichtig, die richtige Entscheidung durch Rekrutierung eines Experten zu treffen. Aber haben Sie \u00fcber die Grenzen von Standardl\u00f6sungen nachgedacht?\" \/>\n<meta name=\"robots\" content=\"index, follow, max-snippet:-1, max-image-preview:large, max-video-preview:-1\" \/>\n<link rel=\"canonical\" href=\"https:\/\/www.devexter.com\/de\/die-grenzen-von-standardloesungen\/\" \/>\n<meta property=\"og:locale\" content=\"de_DE\" \/>\n<meta property=\"og:type\" content=\"article\" \/>\n<meta property=\"og:title\" content=\"Die Grenzen von Standardl\u00f6sungen - Devexter Business Development\" \/>\n<meta property=\"og:description\" content=\"Wenn Sie Unterst\u00fctzung f\u00fcr die Analyse oder Entwicklung des franz\u00f6sischen Marktes ben\u00f6tigen, ist es wichtig, die richtige Entscheidung durch Rekrutierung eines Experten zu treffen. Aber haben Sie \u00fcber die Grenzen von Standardl\u00f6sungen nachgedacht?\" \/>\n<meta property=\"og:url\" content=\"https:\/\/www.devexter.com\/de\/die-grenzen-von-standardloesungen\/\" \/>\n<meta property=\"og:site_name\" content=\"Devexter Business Development\" \/>\n<meta property=\"article:modified_time\" content=\"2022-05-06T17:38:47+00:00\" \/>\n<meta property=\"og:image\" content=\"https:\/\/www.devexter.com\/wp-content\/uploads\/2021\/02\/logo.png\" \/>\n\t<meta property=\"og:image:width\" content=\"285\" \/>\n\t<meta property=\"og:image:height\" content=\"102\" \/>\n\t<meta property=\"og:image:type\" content=\"image\/png\" \/>\n<meta name=\"twitter:card\" content=\"summary_large_image\" \/>\n<meta name=\"twitter:site\" content=\"@devexterd\" \/>\n<meta name=\"twitter:label1\" content=\"Gesch\u00e4tzte Lesezeit\" \/>\n\t<meta name=\"twitter:data1\" content=\"2\u00a0Minuten\" \/>\n<script type=\"application\/ld+json\" class=\"yoast-schema-graph\">{\"@context\":\"https:\\\/\\\/schema.org\",\"@graph\":[{\"@type\":\"WebPage\",\"@id\":\"https:\\\/\\\/www.devexter.com\\\/de\\\/die-grenzen-von-standardloesungen\\\/\",\"url\":\"https:\\\/\\\/www.devexter.com\\\/de\\\/die-grenzen-von-standardloesungen\\\/\",\"name\":\"Die Grenzen von Standardl\u00f6sungen - Devexter Business Development\",\"isPartOf\":{\"@id\":\"https:\\\/\\\/www.devexter.com\\\/de\\\/#website\"},\"datePublished\":\"2021-05-05T09:51:14+00:00\",\"dateModified\":\"2022-05-06T17:38:47+00:00\",\"description\":\"Wenn Sie Unterst\u00fctzung f\u00fcr die Analyse oder Entwicklung des franz\u00f6sischen Marktes ben\u00f6tigen, ist es wichtig, die richtige Entscheidung durch Rekrutierung eines Experten zu treffen. Aber haben Sie \u00fcber die Grenzen von Standardl\u00f6sungen nachgedacht?\",\"breadcrumb\":{\"@id\":\"https:\\\/\\\/www.devexter.com\\\/de\\\/die-grenzen-von-standardloesungen\\\/#breadcrumb\"},\"inLanguage\":\"de\",\"potentialAction\":[{\"@type\":\"ReadAction\",\"target\":[\"https:\\\/\\\/www.devexter.com\\\/de\\\/die-grenzen-von-standardloesungen\\\/\"]}]},{\"@type\":\"BreadcrumbList\",\"@id\":\"https:\\\/\\\/www.devexter.com\\\/de\\\/die-grenzen-von-standardloesungen\\\/#breadcrumb\",\"itemListElement\":[{\"@type\":\"ListItem\",\"position\":1,\"name\":\"Home\",\"item\":\"https:\\\/\\\/www.devexter.com\\\/de\\\/\"},{\"@type\":\"ListItem\",\"position\":2,\"name\":\"Die Grenzen von Standardl\u00f6sungen\"}]},{\"@type\":\"WebSite\",\"@id\":\"https:\\\/\\\/www.devexter.com\\\/de\\\/#website\",\"url\":\"https:\\\/\\\/www.devexter.com\\\/de\\\/\",\"name\":\"Devexter Business Development\",\"description\":\"Ihr Partner in Frankreich und Europa\\nf\u00fcr Gesch\u00e4ftsentwicklung in Industrie\",\"publisher\":{\"@id\":\"https:\\\/\\\/www.devexter.com\\\/de\\\/#organization\"},\"potentialAction\":[{\"@type\":\"SearchAction\",\"target\":{\"@type\":\"EntryPoint\",\"urlTemplate\":\"https:\\\/\\\/www.devexter.com\\\/de\\\/?s={search_term_string}\"},\"query-input\":{\"@type\":\"PropertyValueSpecification\",\"valueRequired\":true,\"valueName\":\"search_term_string\"}}],\"inLanguage\":\"de\"},{\"@type\":\"Organization\",\"@id\":\"https:\\\/\\\/www.devexter.com\\\/de\\\/#organization\",\"name\":\"Devexter Business Development\",\"url\":\"https:\\\/\\\/www.devexter.com\\\/de\\\/\",\"logo\":{\"@type\":\"ImageObject\",\"inLanguage\":\"de\",\"@id\":\"https:\\\/\\\/www.devexter.com\\\/de\\\/#\\\/schema\\\/logo\\\/image\\\/\",\"url\":\"https:\\\/\\\/www.devexter.com\\\/wp-content\\\/uploads\\\/2021\\\/02\\\/logo.png\",\"contentUrl\":\"https:\\\/\\\/www.devexter.com\\\/wp-content\\\/uploads\\\/2021\\\/02\\\/logo.png\",\"width\":285,\"height\":102,\"caption\":\"Devexter Business Development\"},\"image\":{\"@id\":\"https:\\\/\\\/www.devexter.com\\\/de\\\/#\\\/schema\\\/logo\\\/image\\\/\"},\"sameAs\":[\"https:\\\/\\\/x.com\\\/devexterd\",\"https:\\\/\\\/www.linkedin.com\\\/company\\\/devexterbusinessdevelopment\\\/\"]}]}<\/script>\n<!-- \/ Yoast SEO plugin. -->","yoast_head_json":{"title":"Die Grenzen von Standardl\u00f6sungen - Devexter Business Development","description":"Wenn Sie Unterst\u00fctzung f\u00fcr die Analyse oder Entwicklung des franz\u00f6sischen Marktes ben\u00f6tigen, ist es wichtig, die richtige Entscheidung durch Rekrutierung eines Experten zu treffen. Aber haben Sie \u00fcber die Grenzen von Standardl\u00f6sungen nachgedacht?","robots":{"index":"index","follow":"follow","max-snippet":"max-snippet:-1","max-image-preview":"max-image-preview:large","max-video-preview":"max-video-preview:-1"},"canonical":"https:\/\/www.devexter.com\/de\/die-grenzen-von-standardloesungen\/","og_locale":"de_DE","og_type":"article","og_title":"Die Grenzen von Standardl\u00f6sungen - Devexter Business Development","og_description":"Wenn Sie Unterst\u00fctzung f\u00fcr die Analyse oder Entwicklung des franz\u00f6sischen Marktes ben\u00f6tigen, ist es wichtig, die richtige Entscheidung durch Rekrutierung eines Experten zu treffen. Aber haben Sie \u00fcber die Grenzen von Standardl\u00f6sungen nachgedacht?","og_url":"https:\/\/www.devexter.com\/de\/die-grenzen-von-standardloesungen\/","og_site_name":"Devexter Business Development","article_modified_time":"2022-05-06T17:38:47+00:00","og_image":[{"width":285,"height":102,"url":"https:\/\/www.devexter.com\/wp-content\/uploads\/2021\/02\/logo.png","type":"image\/png"}],"twitter_card":"summary_large_image","twitter_site":"@devexterd","twitter_misc":{"Gesch\u00e4tzte Lesezeit":"2\u00a0Minuten"},"schema":{"@context":"https:\/\/schema.org","@graph":[{"@type":"WebPage","@id":"https:\/\/www.devexter.com\/de\/die-grenzen-von-standardloesungen\/","url":"https:\/\/www.devexter.com\/de\/die-grenzen-von-standardloesungen\/","name":"Die Grenzen von Standardl\u00f6sungen - Devexter Business Development","isPartOf":{"@id":"https:\/\/www.devexter.com\/de\/#website"},"datePublished":"2021-05-05T09:51:14+00:00","dateModified":"2022-05-06T17:38:47+00:00","description":"Wenn Sie Unterst\u00fctzung f\u00fcr die Analyse oder Entwicklung des franz\u00f6sischen Marktes ben\u00f6tigen, ist es wichtig, die richtige Entscheidung durch Rekrutierung eines Experten zu treffen. Aber haben Sie \u00fcber die Grenzen von Standardl\u00f6sungen nachgedacht?","breadcrumb":{"@id":"https:\/\/www.devexter.com\/de\/die-grenzen-von-standardloesungen\/#breadcrumb"},"inLanguage":"de","potentialAction":[{"@type":"ReadAction","target":["https:\/\/www.devexter.com\/de\/die-grenzen-von-standardloesungen\/"]}]},{"@type":"BreadcrumbList","@id":"https:\/\/www.devexter.com\/de\/die-grenzen-von-standardloesungen\/#breadcrumb","itemListElement":[{"@type":"ListItem","position":1,"name":"Home","item":"https:\/\/www.devexter.com\/de\/"},{"@type":"ListItem","position":2,"name":"Die Grenzen von Standardl\u00f6sungen"}]},{"@type":"WebSite","@id":"https:\/\/www.devexter.com\/de\/#website","url":"https:\/\/www.devexter.com\/de\/","name":"Devexter Business Development","description":"Ihr Partner in Frankreich und Europa\nf\u00fcr Gesch\u00e4ftsentwicklung in Industrie","publisher":{"@id":"https:\/\/www.devexter.com\/de\/#organization"},"potentialAction":[{"@type":"SearchAction","target":{"@type":"EntryPoint","urlTemplate":"https:\/\/www.devexter.com\/de\/?s={search_term_string}"},"query-input":{"@type":"PropertyValueSpecification","valueRequired":true,"valueName":"search_term_string"}}],"inLanguage":"de"},{"@type":"Organization","@id":"https:\/\/www.devexter.com\/de\/#organization","name":"Devexter Business Development","url":"https:\/\/www.devexter.com\/de\/","logo":{"@type":"ImageObject","inLanguage":"de","@id":"https:\/\/www.devexter.com\/de\/#\/schema\/logo\/image\/","url":"https:\/\/www.devexter.com\/wp-content\/uploads\/2021\/02\/logo.png","contentUrl":"https:\/\/www.devexter.com\/wp-content\/uploads\/2021\/02\/logo.png","width":285,"height":102,"caption":"Devexter Business Development"},"image":{"@id":"https:\/\/www.devexter.com\/de\/#\/schema\/logo\/image\/"},"sameAs":["https:\/\/x.com\/devexterd","https:\/\/www.linkedin.com\/company\/devexterbusinessdevelopment\/"]}]}},"_links":{"self":[{"href":"https:\/\/www.devexter.com\/de\/wp-json\/wp\/v2\/pages\/4182","targetHints":{"allow":["GET"]}}],"collection":[{"href":"https:\/\/www.devexter.com\/de\/wp-json\/wp\/v2\/pages"}],"about":[{"href":"https:\/\/www.devexter.com\/de\/wp-json\/wp\/v2\/types\/page"}],"author":[{"embeddable":true,"href":"https:\/\/www.devexter.com\/de\/wp-json\/wp\/v2\/users\/1"}],"replies":[{"embeddable":true,"href":"https:\/\/www.devexter.com\/de\/wp-json\/wp\/v2\/comments?post=4182"}],"version-history":[{"count":4,"href":"https:\/\/www.devexter.com\/de\/wp-json\/wp\/v2\/pages\/4182\/revisions"}],"predecessor-version":[{"id":4188,"href":"https:\/\/www.devexter.com\/de\/wp-json\/wp\/v2\/pages\/4182\/revisions\/4188"}],"wp:attachment":[{"href":"https:\/\/www.devexter.com\/de\/wp-json\/wp\/v2\/media?parent=4182"}],"curies":[{"name":"wp","href":"https:\/\/api.w.org\/{rel}","templated":true}]}}