{"id":3996,"date":"2021-04-27T11:21:01","date_gmt":"2021-04-27T09:21:01","guid":{"rendered":"https:\/\/www.devexter.com\/value-proposal\/"},"modified":"2022-05-06T20:02:44","modified_gmt":"2022-05-06T18:02:44","slug":"wertvorschlag","status":"publish","type":"page","link":"https:\/\/www.devexter.com\/de\/wertvorschlag\/","title":{"rendered":"Wertvorschlag"},"content":{"rendered":"<div id=\"pl-3996\"  class=\"panel-layout\" ><div id=\"pg-3996-0\"  class=\"panel-grid panel-no-style\" ><div id=\"pgc-3996-0-0\"  class=\"panel-grid-cell\" ><div id=\"panel-3996-0-0-0\" class=\"so-panel widget widget_sow-editor panel-first-child panel-last-child\" data-index=\"0\" ><div\n\t\t\t\n\t\t\tclass=\"so-widget-sow-editor so-widget-sow-editor-base\"\n\t\t\t\n\t\t>\n<div class=\"siteorigin-widget-tinymce textwidget\">\n\t<h3 class=\"h3interne\">Unser B\u00fcro ist vor der Haust\u00fcr zu den Entscheidungstr\u00e4gern in Paris<\/h3>\n<p>Wir sind startbereit, eine regelm\u00e4\u00dfige Pr\u00e4senz bei Ihren Kunden schnell aufzubauen<\/p>\n<h3 class=\"h3interne\">Wir sprechen englisch, deutsch, spanisch und franz\u00f6sisch<\/h3>\n<p>Wir sprechen Ihre Sprache und wir verstehen Sie<\/p>\n<h3 class=\"h3interne\">Ingenieure und Techniker in Frankreich zur Unterst\u00fctzung Ihrer betriebseigenen Mitarbeiter<\/h3>\n<p>Wir arbeiten mit technischen Experten zusammen<\/p>\n<ul>\n<li>Designstudio, technische Zeichnung, <\/li>\n<li>Digital Modelling<\/li>\n<li>Designstudio f\u00fcr Mechanik<\/li>\n<li>Designstudio f\u00fcr Elektrik<\/li>\n<li>Automatisierung und Robotik<\/li>\n<li>Prototyping<\/li>\n<\/ul>\n<p>Das traditionelle Angestelltenmodell ist nicht l\u00e4nger ausreichend flexibel, um sich den Unbest\u00e4ndigkeiten im Markt anzupassen. Wir haben uns klar in Richtung \u201cEinsatz-nach-Bedarf\u201d ausgerichtet, welches der logische Schluss zu einer projektbasierten Arbeitsweise und einer matrixbasierten Organisation ist.<\/p>\n<\/div>\n<\/div><\/div><\/div><\/div><div id=\"pg-3996-1\"  class=\"panel-grid panel-no-style\" ><div id=\"pgc-3996-1-0\"  class=\"panel-grid-cell\" ><div id=\"panel-3996-1-0-0\" class=\"so-panel widget widget_sow-features panel-first-child panel-last-child\" data-index=\"1\" ><div class=\"devexter-service-strength panel-widget-style panel-widget-style-for-3996-1-0-0\" ><div\n\t\t\t\n\t\t\tclass=\"so-widget-sow-features so-widget-sow-features-default-d153fc6e8515-3996\"\n\t\t\t\n\t\t><ul\n\tclass=\"sow-features-list\n\tsow-features-responsive\">\n\n\t\t\t<li\n\t\t\tclass=\"sow-features-feature sow-icon-container-position-right\"\n\t\t\tstyle=\"display: flex; flex-direction: row; width: calc(100% - 25px);\"\n\t\t>\n\t\t\t\n\t\t\t\t\t\t<div\t\t\t\tclass=\"sow-icon-container sow-container-none\"\n\t\t\t\tstyle=\"color: #404040; \"\n\t\t\t\t\n\t\t\t\t\t\t\t>\n\t\t\t\t\t\t\t\t\t\t<div class=\"sow-icon-image\" style=\"background-image: url(https:\/\/www.devexter.com\/wp-content\/uploads\/2021\/03\/redright2.png); font-size: 35px\"><\/div>\n\t\t\t\t\t\t\t\t\t<\/div>\n\n\t\t\t<div class=\"textwidget\">\n\t\t\t\t\n\t\t\t\t\t\t\t\t\t<h4 class=\"sow-features-feature-title\">\n\t\t\t\t\t\tDer DEVEXTER Business Development Unterschied: MA\u00dfGESCHNEIDERTE, FLEXIBLE INNOVATION\t\t\t\t\t<\/h4>\n\t\t\t\t\n\t\t\t\t\t\t\t<\/div>\n\t\t\t\t\t\t\t\t<\/li>\n\n\t<\/ul>\n<\/div><\/div><\/div><\/div><div id=\"pgc-3996-1-1\"  class=\"panel-grid-cell\" ><div id=\"panel-3996-1-1-0\" class=\"so-panel widget widget_sow-editor panel-first-child panel-last-child\" data-index=\"2\" ><div\n\t\t\t\n\t\t\tclass=\"so-widget-sow-editor so-widget-sow-editor-base\"\n\t\t\t\n\t\t>\n<div class=\"siteorigin-widget-tinymce textwidget\">\n\t<p><span class=\"important\"><strong>Ma\u00dfgeschneidert<\/strong><\/span>\u00a0: Jedes Gesch\u00e4ft ist einzigartig und jede Situation ist andersartig. Wir arbeiten mit Ihnen zusammen, um den besten Ansatz zu definieren - passend zu Ihren Zielen. Wir arbeiten in einem breiten Bet\u00e4tigungsfeld und k\u00f6nnen Sie demzufolge im Verlauf Ihres Wachstumsprozesses unterst\u00fctzen.<\/p>\n<p><span class=\"important\"><strong>Flexible Innovation<\/strong><\/span>\u00a0: wir versorgen Sie mit zus\u00e4tzlicher Ressource ohne die Gehaltsliste zu belasten oder Ihren Personalleiter zu \u00fcberlasten: sofort verf\u00fcgbar und einsetzbar. Die Ausgliederung einiger Ihrer Vertriebsentwicklungsaktivit\u00e4ten ist eine organisatorische Innovation. Es gibt mittelst\u00e4ndischen Unternehmen den Zugang zu einem Expertenstab und einen neuen Blickwinkel.<\/p>\n<\/div>\n<\/div><\/div><\/div><\/div><\/div>","protected":false},"excerpt":{"rendered":"<p>Unser B\u00fcro ist vor der Haust\u00fcr zu den Entscheidungstr\u00e4gern in Paris Wir sind startbereit, eine regelm\u00e4\u00dfige Pr\u00e4senz bei Ihren Kunden schnell aufzubauen Wir sprechen englisch, deutsch, spanisch und franz\u00f6sisch Wir sprechen Ihre Sprache und wir verstehen Sie Ingenieure und Techniker in Frankreich zur Unterst\u00fctzung Ihrer betriebseigenen Mitarbeiter Wir arbeiten mit technischen Experten zusammen Designstudio, technische [&hellip;]<\/p>\n","protected":false},"author":1,"featured_media":0,"parent":0,"menu_order":0,"comment_status":"closed","ping_status":"closed","template":"","meta":{"footnotes":""},"class_list":["post-3996","page","type-page","status-publish","hentry","post"],"yoast_head":"<!-- This site is optimized with the Yoast SEO plugin v27.5 - https:\/\/yoast.com\/product\/yoast-seo-wordpress\/ -->\n<title>Deutschsprachigen Businessexperten in Paris mit Expertise im Industriegebiet - Devexter<\/title>\n<meta name=\"description\" content=\"Mit B\u00fcro im Automobilgebiet in Paris bieten wir Gesch\u00e4ftsentwicklung und Engineering mit menschlichem Gesicht an. Wir sprechen Franz\u00f6sisch, Deutsch, Englisch und Spanisch.\" \/>\n<meta name=\"robots\" content=\"index, follow, max-snippet:-1, max-image-preview:large, max-video-preview:-1\" \/>\n<link rel=\"canonical\" href=\"https:\/\/www.devexter.com\/de\/wertvorschlag\/\" \/>\n<meta property=\"og:locale\" content=\"de_DE\" \/>\n<meta property=\"og:type\" content=\"article\" \/>\n<meta property=\"og:title\" content=\"Deutschsprachigen Businessexperten in Paris mit Expertise im Industriegebiet - Devexter\" \/>\n<meta property=\"og:description\" content=\"Mit B\u00fcro im Automobilgebiet in Paris bieten wir Gesch\u00e4ftsentwicklung und Engineering mit menschlichem Gesicht an. Wir sprechen Franz\u00f6sisch, Deutsch, Englisch und Spanisch.\" \/>\n<meta property=\"og:url\" content=\"https:\/\/www.devexter.com\/de\/wertvorschlag\/\" \/>\n<meta property=\"og:site_name\" content=\"Devexter Business Development\" \/>\n<meta property=\"article:modified_time\" content=\"2022-05-06T18:02:44+00:00\" \/>\n<meta property=\"og:image\" content=\"https:\/\/www.devexter.com\/wp-content\/uploads\/2021\/02\/logo.png\" \/>\n\t<meta property=\"og:image:width\" content=\"285\" \/>\n\t<meta property=\"og:image:height\" content=\"102\" \/>\n\t<meta property=\"og:image:type\" content=\"image\/png\" \/>\n<meta name=\"twitter:card\" content=\"summary_large_image\" \/>\n<meta name=\"twitter:site\" content=\"@devexterd\" \/>\n<meta name=\"twitter:label1\" content=\"Gesch\u00e4tzte Lesezeit\" \/>\n\t<meta name=\"twitter:data1\" content=\"1\u00a0Minute\" \/>\n<script type=\"application\/ld+json\" class=\"yoast-schema-graph\">{\"@context\":\"https:\\\/\\\/schema.org\",\"@graph\":[{\"@type\":\"WebPage\",\"@id\":\"https:\\\/\\\/www.devexter.com\\\/de\\\/wertvorschlag\\\/\",\"url\":\"https:\\\/\\\/www.devexter.com\\\/de\\\/wertvorschlag\\\/\",\"name\":\"Deutschsprachigen Businessexperten in Paris mit Expertise im Industriegebiet - Devexter\",\"isPartOf\":{\"@id\":\"https:\\\/\\\/www.devexter.com\\\/de\\\/#website\"},\"datePublished\":\"2021-04-27T09:21:01+00:00\",\"dateModified\":\"2022-05-06T18:02:44+00:00\",\"description\":\"Mit B\u00fcro im Automobilgebiet in Paris bieten wir Gesch\u00e4ftsentwicklung und Engineering mit menschlichem Gesicht an. Wir sprechen Franz\u00f6sisch, Deutsch, Englisch und Spanisch.\",\"breadcrumb\":{\"@id\":\"https:\\\/\\\/www.devexter.com\\\/de\\\/wertvorschlag\\\/#breadcrumb\"},\"inLanguage\":\"de\",\"potentialAction\":[{\"@type\":\"ReadAction\",\"target\":[\"https:\\\/\\\/www.devexter.com\\\/de\\\/wertvorschlag\\\/\"]}]},{\"@type\":\"BreadcrumbList\",\"@id\":\"https:\\\/\\\/www.devexter.com\\\/de\\\/wertvorschlag\\\/#breadcrumb\",\"itemListElement\":[{\"@type\":\"ListItem\",\"position\":1,\"name\":\"Home\",\"item\":\"https:\\\/\\\/www.devexter.com\\\/de\\\/\"},{\"@type\":\"ListItem\",\"position\":2,\"name\":\"Wertvorschlag\"}]},{\"@type\":\"WebSite\",\"@id\":\"https:\\\/\\\/www.devexter.com\\\/de\\\/#website\",\"url\":\"https:\\\/\\\/www.devexter.com\\\/de\\\/\",\"name\":\"Devexter Business Development\",\"description\":\"Ihr Partner in Frankreich und Europa\\nf\u00fcr Gesch\u00e4ftsentwicklung in Industrie\",\"publisher\":{\"@id\":\"https:\\\/\\\/www.devexter.com\\\/de\\\/#organization\"},\"potentialAction\":[{\"@type\":\"SearchAction\",\"target\":{\"@type\":\"EntryPoint\",\"urlTemplate\":\"https:\\\/\\\/www.devexter.com\\\/de\\\/?s={search_term_string}\"},\"query-input\":{\"@type\":\"PropertyValueSpecification\",\"valueRequired\":true,\"valueName\":\"search_term_string\"}}],\"inLanguage\":\"de\"},{\"@type\":\"Organization\",\"@id\":\"https:\\\/\\\/www.devexter.com\\\/de\\\/#organization\",\"name\":\"Devexter Business Development\",\"url\":\"https:\\\/\\\/www.devexter.com\\\/de\\\/\",\"logo\":{\"@type\":\"ImageObject\",\"inLanguage\":\"de\",\"@id\":\"https:\\\/\\\/www.devexter.com\\\/de\\\/#\\\/schema\\\/logo\\\/image\\\/\",\"url\":\"https:\\\/\\\/www.devexter.com\\\/wp-content\\\/uploads\\\/2021\\\/02\\\/logo.png\",\"contentUrl\":\"https:\\\/\\\/www.devexter.com\\\/wp-content\\\/uploads\\\/2021\\\/02\\\/logo.png\",\"width\":285,\"height\":102,\"caption\":\"Devexter Business Development\"},\"image\":{\"@id\":\"https:\\\/\\\/www.devexter.com\\\/de\\\/#\\\/schema\\\/logo\\\/image\\\/\"},\"sameAs\":[\"https:\\\/\\\/x.com\\\/devexterd\",\"https:\\\/\\\/www.linkedin.com\\\/company\\\/devexterbusinessdevelopment\\\/\"]}]}<\/script>\n<!-- \/ Yoast SEO plugin. -->","yoast_head_json":{"title":"Deutschsprachigen Businessexperten in Paris mit Expertise im Industriegebiet - Devexter","description":"Mit B\u00fcro im Automobilgebiet in Paris bieten wir Gesch\u00e4ftsentwicklung und Engineering mit menschlichem Gesicht an. Wir sprechen Franz\u00f6sisch, Deutsch, Englisch und Spanisch.","robots":{"index":"index","follow":"follow","max-snippet":"max-snippet:-1","max-image-preview":"max-image-preview:large","max-video-preview":"max-video-preview:-1"},"canonical":"https:\/\/www.devexter.com\/de\/wertvorschlag\/","og_locale":"de_DE","og_type":"article","og_title":"Deutschsprachigen Businessexperten in Paris mit Expertise im Industriegebiet - Devexter","og_description":"Mit B\u00fcro im Automobilgebiet in Paris bieten wir Gesch\u00e4ftsentwicklung und Engineering mit menschlichem Gesicht an. Wir sprechen Franz\u00f6sisch, Deutsch, Englisch und Spanisch.","og_url":"https:\/\/www.devexter.com\/de\/wertvorschlag\/","og_site_name":"Devexter Business Development","article_modified_time":"2022-05-06T18:02:44+00:00","og_image":[{"width":285,"height":102,"url":"https:\/\/www.devexter.com\/wp-content\/uploads\/2021\/02\/logo.png","type":"image\/png"}],"twitter_card":"summary_large_image","twitter_site":"@devexterd","twitter_misc":{"Gesch\u00e4tzte Lesezeit":"1\u00a0Minute"},"schema":{"@context":"https:\/\/schema.org","@graph":[{"@type":"WebPage","@id":"https:\/\/www.devexter.com\/de\/wertvorschlag\/","url":"https:\/\/www.devexter.com\/de\/wertvorschlag\/","name":"Deutschsprachigen Businessexperten in Paris mit Expertise im Industriegebiet - Devexter","isPartOf":{"@id":"https:\/\/www.devexter.com\/de\/#website"},"datePublished":"2021-04-27T09:21:01+00:00","dateModified":"2022-05-06T18:02:44+00:00","description":"Mit B\u00fcro im Automobilgebiet in Paris bieten wir Gesch\u00e4ftsentwicklung und Engineering mit menschlichem Gesicht an. Wir sprechen Franz\u00f6sisch, Deutsch, Englisch und Spanisch.","breadcrumb":{"@id":"https:\/\/www.devexter.com\/de\/wertvorschlag\/#breadcrumb"},"inLanguage":"de","potentialAction":[{"@type":"ReadAction","target":["https:\/\/www.devexter.com\/de\/wertvorschlag\/"]}]},{"@type":"BreadcrumbList","@id":"https:\/\/www.devexter.com\/de\/wertvorschlag\/#breadcrumb","itemListElement":[{"@type":"ListItem","position":1,"name":"Home","item":"https:\/\/www.devexter.com\/de\/"},{"@type":"ListItem","position":2,"name":"Wertvorschlag"}]},{"@type":"WebSite","@id":"https:\/\/www.devexter.com\/de\/#website","url":"https:\/\/www.devexter.com\/de\/","name":"Devexter Business Development","description":"Ihr Partner in Frankreich und Europa\nf\u00fcr Gesch\u00e4ftsentwicklung in Industrie","publisher":{"@id":"https:\/\/www.devexter.com\/de\/#organization"},"potentialAction":[{"@type":"SearchAction","target":{"@type":"EntryPoint","urlTemplate":"https:\/\/www.devexter.com\/de\/?s={search_term_string}"},"query-input":{"@type":"PropertyValueSpecification","valueRequired":true,"valueName":"search_term_string"}}],"inLanguage":"de"},{"@type":"Organization","@id":"https:\/\/www.devexter.com\/de\/#organization","name":"Devexter Business Development","url":"https:\/\/www.devexter.com\/de\/","logo":{"@type":"ImageObject","inLanguage":"de","@id":"https:\/\/www.devexter.com\/de\/#\/schema\/logo\/image\/","url":"https:\/\/www.devexter.com\/wp-content\/uploads\/2021\/02\/logo.png","contentUrl":"https:\/\/www.devexter.com\/wp-content\/uploads\/2021\/02\/logo.png","width":285,"height":102,"caption":"Devexter Business Development"},"image":{"@id":"https:\/\/www.devexter.com\/de\/#\/schema\/logo\/image\/"},"sameAs":["https:\/\/x.com\/devexterd","https:\/\/www.linkedin.com\/company\/devexterbusinessdevelopment\/"]}]}},"_links":{"self":[{"href":"https:\/\/www.devexter.com\/de\/wp-json\/wp\/v2\/pages\/3996","targetHints":{"allow":["GET"]}}],"collection":[{"href":"https:\/\/www.devexter.com\/de\/wp-json\/wp\/v2\/pages"}],"about":[{"href":"https:\/\/www.devexter.com\/de\/wp-json\/wp\/v2\/types\/page"}],"author":[{"embeddable":true,"href":"https:\/\/www.devexter.com\/de\/wp-json\/wp\/v2\/users\/1"}],"replies":[{"embeddable":true,"href":"https:\/\/www.devexter.com\/de\/wp-json\/wp\/v2\/comments?post=3996"}],"version-history":[{"count":3,"href":"https:\/\/www.devexter.com\/de\/wp-json\/wp\/v2\/pages\/3996\/revisions"}],"predecessor-version":[{"id":3999,"href":"https:\/\/www.devexter.com\/de\/wp-json\/wp\/v2\/pages\/3996\/revisions\/3999"}],"wp:attachment":[{"href":"https:\/\/www.devexter.com\/de\/wp-json\/wp\/v2\/media?parent=3996"}],"curies":[{"name":"wp","href":"https:\/\/api.w.org\/{rel}","templated":true}]}}