{"id":3983,"date":"2021-04-06T08:23:25","date_gmt":"2021-04-06T06:23:25","guid":{"rendered":"https:\/\/www.devexter.com\/devexter-expertise\/"},"modified":"2022-05-08T18:24:29","modified_gmt":"2022-05-08T16:24:29","slug":"unsere-kompetenz","status":"publish","type":"page","link":"https:\/\/www.devexter.com\/de\/unsere-kompetenz\/","title":{"rendered":"Unsere Kompetenz"},"content":{"rendered":"<div id=\"pl-3983\"  class=\"panel-layout\" ><div id=\"pg-3983-0\"  class=\"panel-grid panel-no-style\" ><div id=\"pgc-3983-0-0\"  class=\"panel-grid-cell\" ><div id=\"panel-3983-0-0-0\" class=\"so-panel widget widget_lsow-tabs panel-first-child panel-last-child\" data-index=\"0\" ><div\n\t\t\t\n\t\t\tclass=\"so-widget-lsow-tabs so-widget-lsow-tabs-default-1dd51db30f71-3983\"\n\t\t\t\n\t\t><div class=\"lsow-tabs  style4\" data-mobile-width=\"767\"><a href=\"#\" class=\"lsow-tab-mobile-menu\"><i class=\"lsow-icon-menu\"><\/i>&nbsp;<\/a><div class=\"lsow-tab-nav\"><div class=\"lsow-tab\"><a class=\"lsow-tab-label\" href=\"#\"><span class=\"lsow-icon-wrapper\"><span class=\"sow-icon-fontawesome sow-fas\" data-sow-icon=\"&#xf57c;\"\n\t\t \n\t\taria-hidden=\"true\"><\/span><\/span><span class=\"lsow-tab-title\">Internationales B2B Gesch\u00e4ft<\/span><\/a><\/div><div class=\"lsow-tab\"><a class=\"lsow-tab-label\" href=\"#\"><span class=\"lsow-icon-wrapper\"><span class=\"sow-icon-fontawesome sow-fas\" data-sow-icon=\"&#xf275;\"\n\t\t \n\t\taria-hidden=\"true\"><\/span><\/span><span class=\"lsow-tab-title\">Branchenwissen<\/span><\/a><\/div><div class=\"lsow-tab\"><a class=\"lsow-tab-label\" href=\"#\"><span class=\"lsow-icon-wrapper\"><span class=\"sow-icon-fontawesome sow-fas\" data-sow-icon=\"&#xf1b9;\"\n\t\t \n\t\taria-hidden=\"true\"><\/span><\/span><span class=\"lsow-tab-title\">Technisches Wissen<\/span><\/a><\/div><\/div><!-- .lsow-tab-nav --><div class=\"lsow-tab-panes\"><div id=\"\" class=\"lsow-tab-pane\"><h3 class=\"h3interne\">Management von internationalen Gro\u00dfkunden<\/h3>\n<ul>\n<li>Erste Kontaktaufnahme;<\/li>\n<li>Akquise;<\/li>\n<li>Umgang mit Angebotsanfragen;<\/li>\n<li>Erreichen von Kundenanforderungen durch Produktanpassung;<\/li>\n<li>Preisverhandlungen; Leitung von F&amp;E und Design Teams.<\/li>\n<\/ul>\n<div class=\"exemple_expertise\"><strong>Beispiel\u00a0:<\/strong>\u00a0F\u00fcr einen franz\u00f6sischen Automobilzulieferer, spezialisiert in T\u00fcrmechaniken,\u00a0<a title=\"Lesen Sie eine Erfolgsgeschichte: Gewinn und Wachstum eines Automobil-Gro\u00dfkunden\" href=\"https:\/\/devexter.sb-web.fr\/de\/dienstleistung\/geschaftsentwicklung#succes11\">Erzielung der Zulassung<\/a>\u00a0als freigegebener Lieferant f\u00fcr Toyota und Jahresumsatzgenerierung von Null auf \u20ac 11 Mio. in vier Jahren.<\/div>\n<h3 class=\"h3interne\">Vertriebs- und Marketing Management<\/h3>\n<ul>\n<li>Management von Vertriebsaktivit\u00e4ten;<\/li>\n<li>Untersuchung und Optimierung von Kundenportfolios;<\/li>\n<li>Optimierung von marktspezifischen Lieferprogrammen;<\/li>\n<li>Preis- und Gewinnfestlegungen;<\/li>\n<li>Entwurf von Marketingpl\u00e4nen; Einrichten von Distributionskan\u00e4len.<\/li>\n<\/ul>\n<div class=\"exemple_expertise\"><strong>Beispiel\u00a0:<\/strong>\u00a0<a title=\"Lesen Sie eine Erfolgsgeschichte: Restrukturierung des Vertriebsansatzes in Frankreich\" href=\"https:\/\/devexter.sb-web.fr\/de\/dienstleistung\/multikulturelle-organisation-und-integration#succes13\">Zusammenstellung einer Strategie<\/a>\u00a0f\u00fcr Kunden im Gro\u00dfhandel f\u00fcr einen deutschen Hersteller von Verbrauchsg\u00fctern in der Luxusg\u00fcterindustrie, welche in ein Umsatzwachstum von 15% im ersten Jahr gef\u00fchrt hat.<\/div>\n<h3 class=\"h3interne\">Internationale Gesch\u00e4ftsentwicklung<\/h3>\n<ul>\n<li>Zielausrichtung auf neue M\u00e4rkte und Wachstumstreiber;<\/li>\n<li>Identifizierung und Kontaktaufnahme von ausgew\u00e4hlten Ansprechpartnern;<\/li>\n<li>Verst\u00e4ndnis von strategischen und technischen Erwartungen potentieller Kunden;<\/li>\n<li><a title=\"Entdecken Sie wie neuen Gesch\u00e4ftschancen zu finden\" href=\"https:\/\/devexter.sb-web.fr\/de\/dienstleistung\/vertriebsstrategie#succes10\">Identifizierung der Entscheidungsprozesse<\/a>;<\/li>\n<li>Erhalt von Angebotsanfragen.<\/li>\n<\/ul>\n<div class=\"exemple_expertise\"><strong>Beispiel<\/strong>\u00a0: Identifizierung von Nischen zur Marktausweitung f\u00fcr die franz\u00f6sische Tochtergesellschaft eines deutschen Herstellers von technischen Textilien; Erzielung eines Vertrages \u00fcber \u20ac 1Mio. Jahresumsatz f\u00fcr die Lieferung von Textilien f\u00fcr Sitze des Mia Electric.<\/div>\n<\/div><div id=\"\" class=\"lsow-tab-pane\"><h3 class=\"h3interne\">Automobil Zulieferindustrie<\/h3>\n<p>mit ThyssenKrupp Sofedit, Wagon Automotive, Milliken Viktor Achter, Kromberg und Schubert, AUNDE Group<\/p>\n<h3 class=\"h3interne\">Schienenverkehr Zulieferindustrie<\/h3>\n<p>mit AUNDE Group<\/p>\n<h3 class=\"h3interne\">Luxusg\u00fcterindustrie<\/h3>\n<p>mit G\u00fctermann Group<\/p>\n<\/div><div id=\"\" class=\"lsow-tab-pane\"><h3>Metallumformung und Berarbeitung,<\/h3>\n<h3>Stanztechnik,<\/h3>\n<h3>Montage,<\/h3>\n<h3>Kunststofftechnologie,<\/h3>\n<h3>Silikonteilen,<\/h3>\n<h3>Mechanismen,<\/h3>\n<h3>Elektrische Verkabelung,<\/h3>\n<h3>Technische Textilien, Leder,<\/h3>\n<h3>Systeme und Unterbaugruppen<\/h3>\n<\/div><\/div><!-- .lsow-tab-panes --><\/div><!-- .lsow-tabs --><\/div><\/div><\/div><\/div><\/div>","protected":false},"excerpt":{"rendered":"<p>&nbsp;Internationales B2B Gesch\u00e4ftBranchenwissenTechnisches WissenManagement von internationalen Gro\u00dfkunden Erste Kontaktaufnahme; Akquise; Umgang mit Angebotsanfragen; Erreichen von Kundenanforderungen durch Produktanpassung; Preisverhandlungen; Leitung von F&amp;E und Design Teams. Beispiel\u00a0:\u00a0F\u00fcr einen franz\u00f6sischen Automobilzulieferer, spezialisiert in T\u00fcrmechaniken,\u00a0Erzielung der Zulassung\u00a0als freigegebener Lieferant f\u00fcr Toyota und Jahresumsatzgenerierung von Null auf \u20ac 11 Mio. in vier Jahren. Vertriebs- und Marketing Management Management von [&hellip;]<\/p>\n","protected":false},"author":1,"featured_media":0,"parent":0,"menu_order":0,"comment_status":"closed","ping_status":"closed","template":"","meta":{"footnotes":""},"class_list":["post-3983","page","type-page","status-publish","hentry","post"],"yoast_head":"<!-- This site is optimized with the Yoast SEO plugin v27.5 - https:\/\/yoast.com\/product\/yoast-seo-wordpress\/ -->\n<title>Geschaeftsentwicklung in Frankreich mit deutschsprachigen Experten - Devexter<\/title>\n<meta name=\"description\" content=\"Gesch\u00e4ftsentwicklung von deutschsprachigen Zulieferern sowie Grosskundenbetreuung bei den Autoherstellern und Systemlieferanten der Automobilindustrie in Frankreich.\" \/>\n<meta name=\"robots\" content=\"index, follow, max-snippet:-1, max-image-preview:large, max-video-preview:-1\" \/>\n<link rel=\"canonical\" href=\"https:\/\/www.devexter.com\/de\/unsere-kompetenz\/\" \/>\n<meta property=\"og:locale\" content=\"de_DE\" \/>\n<meta property=\"og:type\" content=\"article\" \/>\n<meta property=\"og:title\" content=\"Geschaeftsentwicklung in Frankreich mit deutschsprachigen Experten - Devexter\" \/>\n<meta property=\"og:description\" content=\"Gesch\u00e4ftsentwicklung von deutschsprachigen Zulieferern sowie Grosskundenbetreuung bei den Autoherstellern und Systemlieferanten der Automobilindustrie in Frankreich.\" \/>\n<meta property=\"og:url\" content=\"https:\/\/www.devexter.com\/de\/unsere-kompetenz\/\" \/>\n<meta property=\"og:site_name\" content=\"Devexter Business Development\" \/>\n<meta property=\"article:modified_time\" content=\"2022-05-08T16:24:29+00:00\" \/>\n<meta property=\"og:image\" content=\"https:\/\/www.devexter.com\/wp-content\/uploads\/2021\/02\/logo.png\" \/>\n\t<meta property=\"og:image:width\" content=\"285\" \/>\n\t<meta property=\"og:image:height\" content=\"102\" \/>\n\t<meta property=\"og:image:type\" content=\"image\/png\" \/>\n<meta name=\"twitter:card\" content=\"summary_large_image\" \/>\n<meta name=\"twitter:site\" content=\"@devexterd\" \/>\n<meta name=\"twitter:label1\" content=\"Gesch\u00e4tzte Lesezeit\" \/>\n\t<meta name=\"twitter:data1\" content=\"1\u00a0Minute\" \/>\n<script type=\"application\/ld+json\" class=\"yoast-schema-graph\">{\"@context\":\"https:\\\/\\\/schema.org\",\"@graph\":[{\"@type\":\"WebPage\",\"@id\":\"https:\\\/\\\/www.devexter.com\\\/de\\\/unsere-kompetenz\\\/\",\"url\":\"https:\\\/\\\/www.devexter.com\\\/de\\\/unsere-kompetenz\\\/\",\"name\":\"Geschaeftsentwicklung in Frankreich mit deutschsprachigen Experten - Devexter\",\"isPartOf\":{\"@id\":\"https:\\\/\\\/www.devexter.com\\\/de\\\/#website\"},\"datePublished\":\"2021-04-06T06:23:25+00:00\",\"dateModified\":\"2022-05-08T16:24:29+00:00\",\"description\":\"Gesch\u00e4ftsentwicklung von deutschsprachigen Zulieferern sowie Grosskundenbetreuung bei den Autoherstellern und Systemlieferanten der Automobilindustrie in Frankreich.\",\"breadcrumb\":{\"@id\":\"https:\\\/\\\/www.devexter.com\\\/de\\\/unsere-kompetenz\\\/#breadcrumb\"},\"inLanguage\":\"de\",\"potentialAction\":[{\"@type\":\"ReadAction\",\"target\":[\"https:\\\/\\\/www.devexter.com\\\/de\\\/unsere-kompetenz\\\/\"]}]},{\"@type\":\"BreadcrumbList\",\"@id\":\"https:\\\/\\\/www.devexter.com\\\/de\\\/unsere-kompetenz\\\/#breadcrumb\",\"itemListElement\":[{\"@type\":\"ListItem\",\"position\":1,\"name\":\"Home\",\"item\":\"https:\\\/\\\/www.devexter.com\\\/de\\\/\"},{\"@type\":\"ListItem\",\"position\":2,\"name\":\"Unsere Kompetenz\"}]},{\"@type\":\"WebSite\",\"@id\":\"https:\\\/\\\/www.devexter.com\\\/de\\\/#website\",\"url\":\"https:\\\/\\\/www.devexter.com\\\/de\\\/\",\"name\":\"Devexter Business Development\",\"description\":\"Ihr Partner in Frankreich und Europa\\nf\u00fcr Gesch\u00e4ftsentwicklung in Industrie\",\"publisher\":{\"@id\":\"https:\\\/\\\/www.devexter.com\\\/de\\\/#organization\"},\"potentialAction\":[{\"@type\":\"SearchAction\",\"target\":{\"@type\":\"EntryPoint\",\"urlTemplate\":\"https:\\\/\\\/www.devexter.com\\\/de\\\/?s={search_term_string}\"},\"query-input\":{\"@type\":\"PropertyValueSpecification\",\"valueRequired\":true,\"valueName\":\"search_term_string\"}}],\"inLanguage\":\"de\"},{\"@type\":\"Organization\",\"@id\":\"https:\\\/\\\/www.devexter.com\\\/de\\\/#organization\",\"name\":\"Devexter Business Development\",\"url\":\"https:\\\/\\\/www.devexter.com\\\/de\\\/\",\"logo\":{\"@type\":\"ImageObject\",\"inLanguage\":\"de\",\"@id\":\"https:\\\/\\\/www.devexter.com\\\/de\\\/#\\\/schema\\\/logo\\\/image\\\/\",\"url\":\"https:\\\/\\\/www.devexter.com\\\/wp-content\\\/uploads\\\/2021\\\/02\\\/logo.png\",\"contentUrl\":\"https:\\\/\\\/www.devexter.com\\\/wp-content\\\/uploads\\\/2021\\\/02\\\/logo.png\",\"width\":285,\"height\":102,\"caption\":\"Devexter Business Development\"},\"image\":{\"@id\":\"https:\\\/\\\/www.devexter.com\\\/de\\\/#\\\/schema\\\/logo\\\/image\\\/\"},\"sameAs\":[\"https:\\\/\\\/x.com\\\/devexterd\",\"https:\\\/\\\/www.linkedin.com\\\/company\\\/devexterbusinessdevelopment\\\/\"]}]}<\/script>\n<!-- \/ Yoast SEO plugin. -->","yoast_head_json":{"title":"Geschaeftsentwicklung in Frankreich mit deutschsprachigen Experten - Devexter","description":"Gesch\u00e4ftsentwicklung von deutschsprachigen Zulieferern sowie Grosskundenbetreuung bei den Autoherstellern und Systemlieferanten der Automobilindustrie in Frankreich.","robots":{"index":"index","follow":"follow","max-snippet":"max-snippet:-1","max-image-preview":"max-image-preview:large","max-video-preview":"max-video-preview:-1"},"canonical":"https:\/\/www.devexter.com\/de\/unsere-kompetenz\/","og_locale":"de_DE","og_type":"article","og_title":"Geschaeftsentwicklung in Frankreich mit deutschsprachigen Experten - Devexter","og_description":"Gesch\u00e4ftsentwicklung von deutschsprachigen Zulieferern sowie Grosskundenbetreuung bei den Autoherstellern und Systemlieferanten der Automobilindustrie in Frankreich.","og_url":"https:\/\/www.devexter.com\/de\/unsere-kompetenz\/","og_site_name":"Devexter Business Development","article_modified_time":"2022-05-08T16:24:29+00:00","og_image":[{"width":285,"height":102,"url":"https:\/\/www.devexter.com\/wp-content\/uploads\/2021\/02\/logo.png","type":"image\/png"}],"twitter_card":"summary_large_image","twitter_site":"@devexterd","twitter_misc":{"Gesch\u00e4tzte Lesezeit":"1\u00a0Minute"},"schema":{"@context":"https:\/\/schema.org","@graph":[{"@type":"WebPage","@id":"https:\/\/www.devexter.com\/de\/unsere-kompetenz\/","url":"https:\/\/www.devexter.com\/de\/unsere-kompetenz\/","name":"Geschaeftsentwicklung in Frankreich mit deutschsprachigen Experten - Devexter","isPartOf":{"@id":"https:\/\/www.devexter.com\/de\/#website"},"datePublished":"2021-04-06T06:23:25+00:00","dateModified":"2022-05-08T16:24:29+00:00","description":"Gesch\u00e4ftsentwicklung von deutschsprachigen Zulieferern sowie Grosskundenbetreuung bei den Autoherstellern und Systemlieferanten der Automobilindustrie in Frankreich.","breadcrumb":{"@id":"https:\/\/www.devexter.com\/de\/unsere-kompetenz\/#breadcrumb"},"inLanguage":"de","potentialAction":[{"@type":"ReadAction","target":["https:\/\/www.devexter.com\/de\/unsere-kompetenz\/"]}]},{"@type":"BreadcrumbList","@id":"https:\/\/www.devexter.com\/de\/unsere-kompetenz\/#breadcrumb","itemListElement":[{"@type":"ListItem","position":1,"name":"Home","item":"https:\/\/www.devexter.com\/de\/"},{"@type":"ListItem","position":2,"name":"Unsere Kompetenz"}]},{"@type":"WebSite","@id":"https:\/\/www.devexter.com\/de\/#website","url":"https:\/\/www.devexter.com\/de\/","name":"Devexter Business Development","description":"Ihr Partner in Frankreich und Europa\nf\u00fcr Gesch\u00e4ftsentwicklung in Industrie","publisher":{"@id":"https:\/\/www.devexter.com\/de\/#organization"},"potentialAction":[{"@type":"SearchAction","target":{"@type":"EntryPoint","urlTemplate":"https:\/\/www.devexter.com\/de\/?s={search_term_string}"},"query-input":{"@type":"PropertyValueSpecification","valueRequired":true,"valueName":"search_term_string"}}],"inLanguage":"de"},{"@type":"Organization","@id":"https:\/\/www.devexter.com\/de\/#organization","name":"Devexter Business Development","url":"https:\/\/www.devexter.com\/de\/","logo":{"@type":"ImageObject","inLanguage":"de","@id":"https:\/\/www.devexter.com\/de\/#\/schema\/logo\/image\/","url":"https:\/\/www.devexter.com\/wp-content\/uploads\/2021\/02\/logo.png","contentUrl":"https:\/\/www.devexter.com\/wp-content\/uploads\/2021\/02\/logo.png","width":285,"height":102,"caption":"Devexter Business Development"},"image":{"@id":"https:\/\/www.devexter.com\/de\/#\/schema\/logo\/image\/"},"sameAs":["https:\/\/x.com\/devexterd","https:\/\/www.linkedin.com\/company\/devexterbusinessdevelopment\/"]}]}},"_links":{"self":[{"href":"https:\/\/www.devexter.com\/de\/wp-json\/wp\/v2\/pages\/3983","targetHints":{"allow":["GET"]}}],"collection":[{"href":"https:\/\/www.devexter.com\/de\/wp-json\/wp\/v2\/pages"}],"about":[{"href":"https:\/\/www.devexter.com\/de\/wp-json\/wp\/v2\/types\/page"}],"author":[{"embeddable":true,"href":"https:\/\/www.devexter.com\/de\/wp-json\/wp\/v2\/users\/1"}],"replies":[{"embeddable":true,"href":"https:\/\/www.devexter.com\/de\/wp-json\/wp\/v2\/comments?post=3983"}],"version-history":[{"count":5,"href":"https:\/\/www.devexter.com\/de\/wp-json\/wp\/v2\/pages\/3983\/revisions"}],"predecessor-version":[{"id":5245,"href":"https:\/\/www.devexter.com\/de\/wp-json\/wp\/v2\/pages\/3983\/revisions\/5245"}],"wp:attachment":[{"href":"https:\/\/www.devexter.com\/de\/wp-json\/wp\/v2\/media?parent=3983"}],"curies":[{"name":"wp","href":"https:\/\/api.w.org\/{rel}","templated":true}]}}