{"id":3978,"date":"2021-04-06T08:15:55","date_gmt":"2021-04-06T06:15:55","guid":{"rendered":"https:\/\/www.devexter.com\/dienstleistungen\/sales-marketing-management\/"},"modified":"2022-05-13T16:53:24","modified_gmt":"2022-05-13T14:53:24","slug":"vertrieb-und-marketing-in-frankreich","status":"publish","type":"page","link":"https:\/\/www.devexter.com\/de\/dienstleistungen\/vertrieb-und-marketing-in-frankreich\/","title":{"rendered":"Sichern Sie Ihr Wachstum: Vertrieb und Marketing in Frankreich"},"content":{"rendered":"<div id=\"pl-3978\"  class=\"panel-layout\" ><div id=\"pg-3978-0\"  class=\"panel-grid panel-no-style\" ><div id=\"pgc-3978-0-0\"  class=\"panel-grid-cell\" ><div id=\"panel-3978-0-0-0\" class=\"so-panel widget widget_sow-editor panel-first-child panel-last-child\" data-index=\"0\" ><div\n\t\t\t\n\t\t\tclass=\"so-widget-sow-editor so-widget-sow-editor-base\"\n\t\t\t\n\t\t>\n<div class=\"siteorigin-widget-tinymce textwidget\">\n\t<p>Die Er\u00f6ffnung eines neuen Marktes ist ein langer Prozess. Es braucht Zeit, M\u00fche und Ausdauer. In der franz\u00f6sischen Industrie k\u00f6nnen wir mit Jahren rechnen, um ein nachhaltiges Gesch\u00e4ft aufzubauen, aber die politische und wirtschaftliche Stabilit\u00e4t des Landes und dar\u00fcber hinaus als Teil der Europ\u00e4ischen Union ist die Investition wert.<\/p>\n<\/div>\n<\/div><\/div><\/div><div id=\"pgc-3978-0-1\"  class=\"panel-grid-cell\" ><div id=\"panel-3978-0-1-0\" class=\"so-panel widget widget_sow-image panel-first-child panel-last-child\" data-index=\"1\" ><div\n\t\t\t\n\t\t\tclass=\"so-widget-sow-image so-widget-sow-image-default-113ccd71f3e6-3978\"\n\t\t\t\n\t\t>\n<div class=\"sow-image-container\">\n\t\t<img \n\tsrc=\"https:\/\/www.devexter.com\/wp-content\/uploads\/2021\/04\/organisation-and-cultural-integration.jpg\" width=\"374\" height=\"250\" srcset=\"https:\/\/www.devexter.com\/wp-content\/uploads\/2021\/04\/organisation-and-cultural-integration.jpg 374w, https:\/\/www.devexter.com\/wp-content\/uploads\/2021\/04\/organisation-and-cultural-integration-300x201.jpg 300w, https:\/\/www.devexter.com\/wp-content\/uploads\/2021\/04\/organisation-and-cultural-integration-272x182.jpg 272w\" sizes=\"(max-width: 374px) 100vw, 374px\" title=\"Vertrieb und Marketing in Frankreich\" alt=\"organisation and cultural integration\" \t\tclass=\"so-widget-image\"\/>\n\t<\/div>\n\n<\/div><\/div><\/div><\/div><div id=\"pg-3978-1\"  class=\"panel-grid panel-has-style\" ><div class=\"bloc-gris panel-row-style panel-row-style-for-3978-1\" ><div id=\"pgc-3978-1-0\"  class=\"panel-grid-cell\" ><div id=\"panel-3978-1-0-0\" class=\"so-panel widget widget_sow-editor panel-first-child panel-last-child\" data-index=\"2\" ><div\n\t\t\t\n\t\t\tclass=\"so-widget-sow-editor so-widget-sow-editor-base\"\n\t\t\t\n\t\t><h2 class=\"widget-title\">Devexter Business Development verf\u00fcgt \u00fcber eine ausgewiesene Expertise im nachhaltigen Management von Vertriebs- und Marketingaktivit\u00e4ten im Inland auf dem franz\u00f6sischen Markt. Hier ist, was wir f\u00fcr Sie tun k\u00f6nnen:<\/h2>\n<div class=\"siteorigin-widget-tinymce textwidget\">\n\t<h3><a title=\"Verwalten Sie Ihre Akquiseaktivit\u00e4ten auf dem franz\u00f6sischen Markt\" href=\"https:\/\/www.devexter.com\/de\/dienstleistungen\/vertrieb-und-marketing-in-frankreich\/manage-your-acquisition-activities-on-the-french-market\/\" rel=\"\">Verwalten Sie Ihre Akquiseaktivit\u00e4ten auf dem franz\u00f6sischen Markt<\/a><\/h3>\n<h3><a title=\"Leiten Sie Komplexe Projekte, l\u00f6sen Sie Krisen\" href=\"https:\/\/www.devexter.com\/de\/dienstleistungen\/vertrieb-und-marketing-in-frankreich\/leiten-sie-komplexe-projekte-loesen-sie-krisen\/\" rel=\"\">Leiten Sie Komplexe Projekte, l\u00f6sen Sie Krisen<\/a><\/h3>\n<h3><a title=\"Werben Sie in den sozialen Medien, steigern Sie Ihre Markenbekanntheit\" href=\"https:\/\/www.devexter.com\/de\/dienstleistungen\/vertrieb-und-marketing-in-frankreich\/werben-sie-in-den-sozialen-medien-steigern-sie-ihre-markenbekanntheit\/\" rel=\"\">Werben Sie in den sozialen Medien, steigern Sie Ihre Markenbekanntheit<\/a><\/h3>\n<h3><a title=\"Verwalten Sie Ihre Key Accounts, Ihr Vertriebsnetz\" href=\"https:\/\/www.devexter.com\/de\/dienstleistungen\/vertrieb-und-marketing-in-frankreich\/verwalten-sie-ihr-vertriebsnetz\/\" rel=\"\">Verwalten Sie Ihre Key Accounts, Ihr Vertriebsnetz<\/a><\/h3>\n<h3><a title=\"Nehmen Sie an Fachmessen teil, betreiben Sie Lobbyarbeit\" href=\"https:\/\/www.devexter.com\/de\/dienstleistungen\/vertrieb-und-marketing-in-frankreich\/nehmen-sie-an-fachmessen-teil\/\" rel=\"\">Nehmen Sie an Fachmessen teil, betreiben Sie Lobbyarbeit \u2026<\/a><\/h3>\n<h3 class=\"western\"><a title=\"Richten Sie JV oder externe Wachstumsaktivit\u00e4ten ein\" href=\"https:\/\/www.devexter.com\/de\/dienstleistungen\/vertrieb-und-marketing-in-frankreich\/richten-sie-jv-oder-externe-wachstumsaktivitaeten-ein\/\" rel=\"nofollow\"><span lang=\"en-GB\">Richten Sie JV oder externe Wachstumsaktivit\u00e4ten ein<\/span><\/a><\/h3>\n<\/div>\n<\/div><\/div><\/div><\/div><\/div><div id=\"pg-3978-2\"  class=\"panel-grid panel-no-style\" ><div id=\"pgc-3978-2-0\"  class=\"panel-grid-cell\" ><div id=\"panel-3978-2-0-0\" class=\"so-panel widget widget_sow-headline panel-first-child panel-last-child\" data-index=\"3\" ><div\n\t\t\t\n\t\t\tclass=\"so-widget-sow-headline so-widget-sow-headline-default-4c46ef9c1f43-3978 so-widget-fittext-wrapper\"\n\t\t\t data-fit-text-compressor=\"0.85\"\n\t\t><div class=\"sow-headline-container \">\n\t\t\t\t\t\t<div class=\"decoration\">\n\t\t\t\t\t\t<div class=\"decoration-inside\"><\/div>\n\t\t\t\t\t<\/div>\n\t\t\t\t\t\t\t\t\t\t\t<h3 class=\"sow-headline\">\n\t\t\t\t\t\tErfolgsgeschichte\t\t\t\t\t\t<\/h3>\n\t\t\t\t\t\t<\/div>\n<\/div><\/div><\/div><\/div><div id=\"pg-3978-3\"  class=\"panel-grid panel-no-style\" ><div id=\"pgc-3978-3-0\"  class=\"panel-grid-cell\" ><div id=\"panel-3978-3-0-0\" class=\"so-panel widget widget_sow-editor panel-first-child panel-last-child\" data-index=\"4\" ><div\n\t\t\t\n\t\t\tclass=\"so-widget-sow-editor so-widget-sow-editor-base\"\n\t\t\t\n\t\t>\n<div class=\"siteorigin-widget-tinymce textwidget\">\n\t<p>[recent_post_slider category=\"8\" design=\"design-4\" show_date=\"false\" show_author=\"false\"]<\/p>\n<\/div>\n<\/div><\/div><\/div><\/div><\/div>","protected":false},"excerpt":{"rendered":"<p>Die Er\u00f6ffnung eines neuen Marktes ist ein langer Prozess. Es braucht Zeit, M\u00fche und Ausdauer. In der franz\u00f6sischen Industrie k\u00f6nnen wir mit Jahren rechnen, um ein nachhaltiges Gesch\u00e4ft aufzubauen, aber die politische und wirtschaftliche Stabilit\u00e4t des Landes und dar\u00fcber hinaus als Teil der Europ\u00e4ischen Union ist die Investition wert. Verwalten Sie Ihre Akquiseaktivit\u00e4ten auf dem [&hellip;]<\/p>\n","protected":false},"author":1,"featured_media":3787,"parent":3968,"menu_order":3,"comment_status":"closed","ping_status":"closed","template":"","meta":{"footnotes":""},"class_list":["post-3978","page","type-page","status-publish","has-post-thumbnail","hentry","post"],"yoast_head":"<!-- This site is optimized with the Yoast SEO plugin v27.5 - https:\/\/yoast.com\/product\/yoast-seo-wordpress\/ -->\n<title>Sichern Sie sich Ihr Wachstum auf dem franz\u00f6sischen Industriemarkt - Devexter Business Development<\/title>\n<meta name=\"description\" content=\"M\u00fcssen Sie Ihr Gesch\u00e4ft in Frankreich entwickeln? Dank unseres Fachwissens \u00fcber ein nachhaltiges Management von Vertriebs- und Marketingaktivit\u00e4ten im Land hilft Devexter Ihnen, ein nachhaltiges Gesch\u00e4ft auf dem franz\u00f6sischen Markt aufzubauen.\" \/>\n<meta name=\"robots\" content=\"index, follow, max-snippet:-1, max-image-preview:large, max-video-preview:-1\" \/>\n<link rel=\"canonical\" href=\"https:\/\/www.devexter.com\/de\/dienstleistungen\/vertrieb-und-marketing-in-frankreich\/\" \/>\n<meta property=\"og:locale\" content=\"de_DE\" \/>\n<meta property=\"og:type\" content=\"article\" \/>\n<meta property=\"og:title\" content=\"Sichern Sie sich Ihr Wachstum auf dem franz\u00f6sischen Industriemarkt - Devexter Business Development\" \/>\n<meta property=\"og:description\" content=\"M\u00fcssen Sie Ihr Gesch\u00e4ft in Frankreich entwickeln? Dank unseres Fachwissens \u00fcber ein nachhaltiges Management von Vertriebs- und Marketingaktivit\u00e4ten im Land hilft Devexter Ihnen, ein nachhaltiges Gesch\u00e4ft auf dem franz\u00f6sischen Markt aufzubauen.\" \/>\n<meta property=\"og:url\" content=\"https:\/\/www.devexter.com\/de\/dienstleistungen\/vertrieb-und-marketing-in-frankreich\/\" \/>\n<meta property=\"og:site_name\" content=\"Devexter Business Development\" \/>\n<meta property=\"article:modified_time\" content=\"2022-05-13T14:53:24+00:00\" \/>\n<meta property=\"og:image\" content=\"https:\/\/www.devexter.com\/wp-content\/uploads\/2021\/04\/organisation-and-cultural-integration.jpg\" \/>\n\t<meta property=\"og:image:width\" content=\"374\" \/>\n\t<meta property=\"og:image:height\" content=\"250\" \/>\n\t<meta property=\"og:image:type\" content=\"image\/jpeg\" \/>\n<meta name=\"twitter:card\" content=\"summary_large_image\" \/>\n<meta name=\"twitter:site\" content=\"@devexterd\" \/>\n<meta name=\"twitter:label1\" content=\"Gesch\u00e4tzte Lesezeit\" \/>\n\t<meta name=\"twitter:data1\" content=\"1\u00a0Minute\" \/>\n<script type=\"application\/ld+json\" class=\"yoast-schema-graph\">{\"@context\":\"https:\\\/\\\/schema.org\",\"@graph\":[{\"@type\":\"WebPage\",\"@id\":\"https:\\\/\\\/www.devexter.com\\\/de\\\/dienstleistungen\\\/vertrieb-und-marketing-in-frankreich\\\/\",\"url\":\"https:\\\/\\\/www.devexter.com\\\/de\\\/dienstleistungen\\\/vertrieb-und-marketing-in-frankreich\\\/\",\"name\":\"Sichern Sie sich Ihr Wachstum auf dem franz\u00f6sischen Industriemarkt - Devexter Business Development\",\"isPartOf\":{\"@id\":\"https:\\\/\\\/www.devexter.com\\\/de\\\/#website\"},\"primaryImageOfPage\":{\"@id\":\"https:\\\/\\\/www.devexter.com\\\/de\\\/dienstleistungen\\\/vertrieb-und-marketing-in-frankreich\\\/#primaryimage\"},\"image\":{\"@id\":\"https:\\\/\\\/www.devexter.com\\\/de\\\/dienstleistungen\\\/vertrieb-und-marketing-in-frankreich\\\/#primaryimage\"},\"thumbnailUrl\":\"https:\\\/\\\/www.devexter.com\\\/wp-content\\\/uploads\\\/2021\\\/04\\\/organisation-and-cultural-integration.jpg\",\"datePublished\":\"2021-04-06T06:15:55+00:00\",\"dateModified\":\"2022-05-13T14:53:24+00:00\",\"description\":\"M\u00fcssen Sie Ihr Gesch\u00e4ft in Frankreich entwickeln? Dank unseres Fachwissens \u00fcber ein nachhaltiges Management von Vertriebs- und Marketingaktivit\u00e4ten im Land hilft Devexter Ihnen, ein nachhaltiges Gesch\u00e4ft auf dem franz\u00f6sischen Markt aufzubauen.\",\"breadcrumb\":{\"@id\":\"https:\\\/\\\/www.devexter.com\\\/de\\\/dienstleistungen\\\/vertrieb-und-marketing-in-frankreich\\\/#breadcrumb\"},\"inLanguage\":\"de\",\"potentialAction\":[{\"@type\":\"ReadAction\",\"target\":[\"https:\\\/\\\/www.devexter.com\\\/de\\\/dienstleistungen\\\/vertrieb-und-marketing-in-frankreich\\\/\"]}]},{\"@type\":\"ImageObject\",\"inLanguage\":\"de\",\"@id\":\"https:\\\/\\\/www.devexter.com\\\/de\\\/dienstleistungen\\\/vertrieb-und-marketing-in-frankreich\\\/#primaryimage\",\"url\":\"https:\\\/\\\/www.devexter.com\\\/wp-content\\\/uploads\\\/2021\\\/04\\\/organisation-and-cultural-integration.jpg\",\"contentUrl\":\"https:\\\/\\\/www.devexter.com\\\/wp-content\\\/uploads\\\/2021\\\/04\\\/organisation-and-cultural-integration.jpg\",\"width\":374,\"height\":250,\"caption\":\"Vertrieb und Marketing in Frankreich\"},{\"@type\":\"BreadcrumbList\",\"@id\":\"https:\\\/\\\/www.devexter.com\\\/de\\\/dienstleistungen\\\/vertrieb-und-marketing-in-frankreich\\\/#breadcrumb\",\"itemListElement\":[{\"@type\":\"ListItem\",\"position\":1,\"name\":\"Home\",\"item\":\"https:\\\/\\\/www.devexter.com\\\/de\\\/\"},{\"@type\":\"ListItem\",\"position\":2,\"name\":\"Dienstleistungen\",\"item\":\"https:\\\/\\\/www.devexter.com\\\/de\\\/dienstleistungen\\\/\"},{\"@type\":\"ListItem\",\"position\":3,\"name\":\"Sichern Sie Ihr Wachstum: Vertrieb und Marketing in Frankreich\"}]},{\"@type\":\"WebSite\",\"@id\":\"https:\\\/\\\/www.devexter.com\\\/de\\\/#website\",\"url\":\"https:\\\/\\\/www.devexter.com\\\/de\\\/\",\"name\":\"Devexter Business Development\",\"description\":\"Ihr Partner in Frankreich und Europa\\nf\u00fcr Gesch\u00e4ftsentwicklung in Industrie\",\"publisher\":{\"@id\":\"https:\\\/\\\/www.devexter.com\\\/de\\\/#organization\"},\"potentialAction\":[{\"@type\":\"SearchAction\",\"target\":{\"@type\":\"EntryPoint\",\"urlTemplate\":\"https:\\\/\\\/www.devexter.com\\\/de\\\/?s={search_term_string}\"},\"query-input\":{\"@type\":\"PropertyValueSpecification\",\"valueRequired\":true,\"valueName\":\"search_term_string\"}}],\"inLanguage\":\"de\"},{\"@type\":\"Organization\",\"@id\":\"https:\\\/\\\/www.devexter.com\\\/de\\\/#organization\",\"name\":\"Devexter Business Development\",\"url\":\"https:\\\/\\\/www.devexter.com\\\/de\\\/\",\"logo\":{\"@type\":\"ImageObject\",\"inLanguage\":\"de\",\"@id\":\"https:\\\/\\\/www.devexter.com\\\/de\\\/#\\\/schema\\\/logo\\\/image\\\/\",\"url\":\"https:\\\/\\\/www.devexter.com\\\/wp-content\\\/uploads\\\/2021\\\/02\\\/logo.png\",\"contentUrl\":\"https:\\\/\\\/www.devexter.com\\\/wp-content\\\/uploads\\\/2021\\\/02\\\/logo.png\",\"width\":285,\"height\":102,\"caption\":\"Devexter Business Development\"},\"image\":{\"@id\":\"https:\\\/\\\/www.devexter.com\\\/de\\\/#\\\/schema\\\/logo\\\/image\\\/\"},\"sameAs\":[\"https:\\\/\\\/x.com\\\/devexterd\",\"https:\\\/\\\/www.linkedin.com\\\/company\\\/devexterbusinessdevelopment\\\/\"]}]}<\/script>\n<!-- \/ Yoast SEO plugin. -->","yoast_head_json":{"title":"Sichern Sie sich Ihr Wachstum auf dem franz\u00f6sischen Industriemarkt - Devexter Business Development","description":"M\u00fcssen Sie Ihr Gesch\u00e4ft in Frankreich entwickeln? Dank unseres Fachwissens \u00fcber ein nachhaltiges Management von Vertriebs- und Marketingaktivit\u00e4ten im Land hilft Devexter Ihnen, ein nachhaltiges Gesch\u00e4ft auf dem franz\u00f6sischen Markt aufzubauen.","robots":{"index":"index","follow":"follow","max-snippet":"max-snippet:-1","max-image-preview":"max-image-preview:large","max-video-preview":"max-video-preview:-1"},"canonical":"https:\/\/www.devexter.com\/de\/dienstleistungen\/vertrieb-und-marketing-in-frankreich\/","og_locale":"de_DE","og_type":"article","og_title":"Sichern Sie sich Ihr Wachstum auf dem franz\u00f6sischen Industriemarkt - Devexter Business Development","og_description":"M\u00fcssen Sie Ihr Gesch\u00e4ft in Frankreich entwickeln? Dank unseres Fachwissens \u00fcber ein nachhaltiges Management von Vertriebs- und Marketingaktivit\u00e4ten im Land hilft Devexter Ihnen, ein nachhaltiges Gesch\u00e4ft auf dem franz\u00f6sischen Markt aufzubauen.","og_url":"https:\/\/www.devexter.com\/de\/dienstleistungen\/vertrieb-und-marketing-in-frankreich\/","og_site_name":"Devexter Business Development","article_modified_time":"2022-05-13T14:53:24+00:00","og_image":[{"width":374,"height":250,"url":"https:\/\/www.devexter.com\/wp-content\/uploads\/2021\/04\/organisation-and-cultural-integration.jpg","type":"image\/jpeg"}],"twitter_card":"summary_large_image","twitter_site":"@devexterd","twitter_misc":{"Gesch\u00e4tzte Lesezeit":"1\u00a0Minute"},"schema":{"@context":"https:\/\/schema.org","@graph":[{"@type":"WebPage","@id":"https:\/\/www.devexter.com\/de\/dienstleistungen\/vertrieb-und-marketing-in-frankreich\/","url":"https:\/\/www.devexter.com\/de\/dienstleistungen\/vertrieb-und-marketing-in-frankreich\/","name":"Sichern Sie sich Ihr Wachstum auf dem franz\u00f6sischen Industriemarkt - Devexter Business Development","isPartOf":{"@id":"https:\/\/www.devexter.com\/de\/#website"},"primaryImageOfPage":{"@id":"https:\/\/www.devexter.com\/de\/dienstleistungen\/vertrieb-und-marketing-in-frankreich\/#primaryimage"},"image":{"@id":"https:\/\/www.devexter.com\/de\/dienstleistungen\/vertrieb-und-marketing-in-frankreich\/#primaryimage"},"thumbnailUrl":"https:\/\/www.devexter.com\/wp-content\/uploads\/2021\/04\/organisation-and-cultural-integration.jpg","datePublished":"2021-04-06T06:15:55+00:00","dateModified":"2022-05-13T14:53:24+00:00","description":"M\u00fcssen Sie Ihr Gesch\u00e4ft in Frankreich entwickeln? Dank unseres Fachwissens \u00fcber ein nachhaltiges Management von Vertriebs- und Marketingaktivit\u00e4ten im Land hilft Devexter Ihnen, ein nachhaltiges Gesch\u00e4ft auf dem franz\u00f6sischen Markt aufzubauen.","breadcrumb":{"@id":"https:\/\/www.devexter.com\/de\/dienstleistungen\/vertrieb-und-marketing-in-frankreich\/#breadcrumb"},"inLanguage":"de","potentialAction":[{"@type":"ReadAction","target":["https:\/\/www.devexter.com\/de\/dienstleistungen\/vertrieb-und-marketing-in-frankreich\/"]}]},{"@type":"ImageObject","inLanguage":"de","@id":"https:\/\/www.devexter.com\/de\/dienstleistungen\/vertrieb-und-marketing-in-frankreich\/#primaryimage","url":"https:\/\/www.devexter.com\/wp-content\/uploads\/2021\/04\/organisation-and-cultural-integration.jpg","contentUrl":"https:\/\/www.devexter.com\/wp-content\/uploads\/2021\/04\/organisation-and-cultural-integration.jpg","width":374,"height":250,"caption":"Vertrieb und Marketing in Frankreich"},{"@type":"BreadcrumbList","@id":"https:\/\/www.devexter.com\/de\/dienstleistungen\/vertrieb-und-marketing-in-frankreich\/#breadcrumb","itemListElement":[{"@type":"ListItem","position":1,"name":"Home","item":"https:\/\/www.devexter.com\/de\/"},{"@type":"ListItem","position":2,"name":"Dienstleistungen","item":"https:\/\/www.devexter.com\/de\/dienstleistungen\/"},{"@type":"ListItem","position":3,"name":"Sichern Sie Ihr Wachstum: Vertrieb und Marketing in Frankreich"}]},{"@type":"WebSite","@id":"https:\/\/www.devexter.com\/de\/#website","url":"https:\/\/www.devexter.com\/de\/","name":"Devexter Business Development","description":"Ihr Partner in Frankreich und Europa\nf\u00fcr Gesch\u00e4ftsentwicklung in Industrie","publisher":{"@id":"https:\/\/www.devexter.com\/de\/#organization"},"potentialAction":[{"@type":"SearchAction","target":{"@type":"EntryPoint","urlTemplate":"https:\/\/www.devexter.com\/de\/?s={search_term_string}"},"query-input":{"@type":"PropertyValueSpecification","valueRequired":true,"valueName":"search_term_string"}}],"inLanguage":"de"},{"@type":"Organization","@id":"https:\/\/www.devexter.com\/de\/#organization","name":"Devexter Business Development","url":"https:\/\/www.devexter.com\/de\/","logo":{"@type":"ImageObject","inLanguage":"de","@id":"https:\/\/www.devexter.com\/de\/#\/schema\/logo\/image\/","url":"https:\/\/www.devexter.com\/wp-content\/uploads\/2021\/02\/logo.png","contentUrl":"https:\/\/www.devexter.com\/wp-content\/uploads\/2021\/02\/logo.png","width":285,"height":102,"caption":"Devexter Business Development"},"image":{"@id":"https:\/\/www.devexter.com\/de\/#\/schema\/logo\/image\/"},"sameAs":["https:\/\/x.com\/devexterd","https:\/\/www.linkedin.com\/company\/devexterbusinessdevelopment\/"]}]}},"_links":{"self":[{"href":"https:\/\/www.devexter.com\/de\/wp-json\/wp\/v2\/pages\/3978","targetHints":{"allow":["GET"]}}],"collection":[{"href":"https:\/\/www.devexter.com\/de\/wp-json\/wp\/v2\/pages"}],"about":[{"href":"https:\/\/www.devexter.com\/de\/wp-json\/wp\/v2\/types\/page"}],"author":[{"embeddable":true,"href":"https:\/\/www.devexter.com\/de\/wp-json\/wp\/v2\/users\/1"}],"replies":[{"embeddable":true,"href":"https:\/\/www.devexter.com\/de\/wp-json\/wp\/v2\/comments?post=3978"}],"version-history":[{"count":5,"href":"https:\/\/www.devexter.com\/de\/wp-json\/wp\/v2\/pages\/3978\/revisions"}],"predecessor-version":[{"id":5514,"href":"https:\/\/www.devexter.com\/de\/wp-json\/wp\/v2\/pages\/3978\/revisions\/5514"}],"up":[{"embeddable":true,"href":"https:\/\/www.devexter.com\/de\/wp-json\/wp\/v2\/pages\/3968"}],"wp:featuredmedia":[{"embeddable":true,"href":"https:\/\/www.devexter.com\/de\/wp-json\/wp\/v2\/media\/3787"}],"wp:attachment":[{"href":"https:\/\/www.devexter.com\/de\/wp-json\/wp\/v2\/media?parent=3978"}],"curies":[{"name":"wp","href":"https:\/\/api.w.org\/{rel}","templated":true}]}}