{"id":3961,"date":"2021-04-05T19:06:13","date_gmt":"2021-04-05T17:06:13","guid":{"rendered":"https:\/\/www.devexter.com\/business-development-in-france\/"},"modified":"2022-05-13T16:09:24","modified_gmt":"2022-05-13T14:09:24","slug":"markteintrittsstrategie-in-frankreich","status":"publish","type":"page","link":"https:\/\/www.devexter.com\/de\/dienstleistungen\/markteintrittsstrategie-in-frankreich\/","title":{"rendered":"Markteintrittsstrategie: Business Development"},"content":{"rendered":"<div id=\"pl-3961\"  class=\"panel-layout\" ><div id=\"pg-3961-0\"  class=\"panel-grid panel-no-style\" ><div id=\"pgc-3961-0-0\"  class=\"panel-grid-cell\" ><div id=\"panel-3961-0-0-0\" class=\"so-panel widget widget_sow-editor panel-first-child panel-last-child\" data-index=\"0\" ><div\n\t\t\t\n\t\t\tclass=\"so-widget-sow-editor so-widget-sow-editor-base\"\n\t\t\t\n\t\t>\n<div class=\"siteorigin-widget-tinymce textwidget\">\n\t<p>Sie sind ein nicht-franz\u00f6sisches Industrieunternehmen und haben beschlossen, auf dem franz\u00f6sischen Markt Fu\u00df zu fassen. Sie wissen, wer Ihre potenziellen Kunden - Ihre franz\u00f6sischen Interessenten - sind, und Sie haben deren Bed\u00fcrfnisse erkannt. Nun wollen Sie sie treffen, um ihnen Ihr Angebot vorzustellen.<\/p>\n<p>Wir empfehlen Ihnen, vor dem ersten Treffen mit Ihren franz\u00f6sischen Kunden einige Vorbereitungen zu treffen: Benennen Sie eine franz\u00f6sischsprachige Kontaktperson, die die Entwicklung des franz\u00f6sischen Gesch\u00e4fts vorantreibt, informieren Sie Ihre Organisation und fordern Sie Unterst\u00fctzung an (Qualit\u00e4t, F&amp;E, Vertriebsinnendienst ...), und \u00fcbersetzen Sie Ihre Unternehmens- und Produktpr\u00e4sentation ins Franz\u00f6sische.<\/p>\n<\/div>\n<\/div><\/div><\/div><div id=\"pgc-3961-0-1\"  class=\"panel-grid-cell\" ><div id=\"panel-3961-0-1-0\" class=\"so-panel widget widget_sow-image panel-first-child panel-last-child\" data-index=\"1\" ><div\n\t\t\t\n\t\t\tclass=\"so-widget-sow-image so-widget-sow-image-default-113ccd71f3e6-3961\"\n\t\t\t\n\t\t>\n<div class=\"sow-image-container\">\n\t\t<img \n\tsrc=\"https:\/\/www.devexter.com\/wp-content\/uploads\/2021\/04\/sales-management.jpg\" width=\"374\" height=\"374\" srcset=\"https:\/\/www.devexter.com\/wp-content\/uploads\/2021\/04\/sales-management.jpg 374w, https:\/\/www.devexter.com\/wp-content\/uploads\/2021\/04\/sales-management-300x300.jpg 300w, https:\/\/www.devexter.com\/wp-content\/uploads\/2021\/04\/sales-management-150x150.jpg 150w\" sizes=\"(max-width: 374px) 100vw, 374px\" title=\"Gesch\u00e4ftsentwicklung in Frankreich\" alt=\"Sales management on french market\" \t\tclass=\"so-widget-image\"\/>\n\t<\/div>\n\n<\/div><\/div><\/div><\/div><div id=\"pg-3961-1\"  class=\"panel-grid panel-has-style\" ><div class=\"bloc-gris panel-row-style panel-row-style-for-3961-1\" ><div id=\"pgc-3961-1-0\"  class=\"panel-grid-cell\" ><div id=\"panel-3961-1-0-0\" class=\"so-panel widget widget_sow-editor panel-first-child panel-last-child\" data-index=\"2\" ><div\n\t\t\t\n\t\t\tclass=\"so-widget-sow-editor so-widget-sow-editor-base\"\n\t\t\t\n\t\t><h2 class=\"widget-title\">Devexter Business Development stellt seinen Kunden das richtige Know-how zur Verf\u00fcgung, um auf dem franz\u00f6sischen Markt Fu\u00df zu fassen, sei es in der Automobilindustrie oder in anderen Industriezweigen:<\/h2>\n<div class=\"siteorigin-widget-tinymce textwidget\">\n\t<h3><a title=\"Vorbereitung von Marketingunterlagen f\u00fcr den franz\u00f6sischen Markt.\" href=\"https:\/\/www.devexter.com\/de\/dienstleistungen\/markteintrittsstrategie-in-frankreich\/vorbereitung-von-marketingunterlagen-fuer-den-franzoesischen-markt\/\" rel=\"\">Vorbereitung von Marketingunterlagen f\u00fcr den franz\u00f6sischen Markt<\/a><\/h3>\n<h3><a title=\"Organisation von Besprechungen mit Entscheidungstr\u00e4gern\" href=\"https:\/\/www.devexter.com\/de\/dienstleistungen\/markteintrittsstrategie-in-frankreich\/organisation-von-besprechungen-mit-entscheidungstraegern\/\" rel=\"\">Organisation von Besprechungen mit Entscheidungstr\u00e4gern<\/a>.<\/h3>\n<h3><a title=\"Kl\u00e4ren und Verhandeln von technischen Spezifikationen\" href=\"https:\/\/www.devexter.com\/de\/dienstleistungen\/markteintrittsstrategie-in-frankreich\/klaeren-und-verhandeln-von-technischen-spezifikationen\/\" rel=\"\">Kl\u00e4ren und Verhandeln von technischen Spezifikationen, Bedingungen usw<\/a>.<\/h3>\n<h3><a title=\"Einholen von Angebotsanfragen, f\u00fcr Sie Verhandeln.\" href=\"https:\/\/www.devexter.com\/de\/dienstleistungen\/markteintrittsstrategie-in-frankreich\/einholen-von-angebotsanfragen-fur-sie-verhandeln\/\" rel=\"\">Einholen von Angebotsanfragen, f\u00fcr Sie Verhandeln<\/a>.<\/h3>\n<h3><a title=\"Unterst\u00fctzung bei der Lieferantenbewertung und Produktfreigabe.\" href=\"https:\/\/www.devexter.com\/de\/dienstleistungen\/markteintrittsstrategie-in-frankreich\/unterstuetzung-bei-der-lieferantenbewertung-und-produktfreigabe\/\" rel=\"\">Unterst\u00fctzung bei der Lieferantenbewertung und Produktfreigabe.<\/a><\/h3>\n<\/div>\n<\/div><\/div><\/div><\/div><\/div><div id=\"pg-3961-2\"  class=\"panel-grid panel-no-style\" ><div id=\"pgc-3961-2-0\"  class=\"panel-grid-cell\" ><div id=\"panel-3961-2-0-0\" class=\"so-panel widget widget_sow-headline panel-first-child panel-last-child\" data-index=\"3\" ><div\n\t\t\t\n\t\t\tclass=\"so-widget-sow-headline so-widget-sow-headline-default-4c46ef9c1f43-3961 so-widget-fittext-wrapper\"\n\t\t\t data-fit-text-compressor=\"0.85\"\n\t\t><div class=\"sow-headline-container \">\n\t\t\t\t\t\t<div class=\"decoration\">\n\t\t\t\t\t\t<div class=\"decoration-inside\"><\/div>\n\t\t\t\t\t<\/div>\n\t\t\t\t\t\t\t\t\t\t\t<h3 class=\"sow-headline\">\n\t\t\t\t\t\tErfolgsgeschichte\t\t\t\t\t\t<\/h3>\n\t\t\t\t\t\t<\/div>\n<\/div><\/div><\/div><\/div><div id=\"pg-3961-3\"  class=\"panel-grid panel-no-style\" ><div id=\"pgc-3961-3-0\"  class=\"panel-grid-cell\" ><div id=\"panel-3961-3-0-0\" class=\"so-panel widget widget_sow-editor panel-first-child panel-last-child\" data-index=\"4\" ><div\n\t\t\t\n\t\t\tclass=\"so-widget-sow-editor so-widget-sow-editor-base\"\n\t\t\t\n\t\t>\n<div class=\"siteorigin-widget-tinymce textwidget\">\n\t<p>[recent_post_slider category=\"7\" design=\"design-4\" show_date=\"false\" show_author=\"false\"]<\/p>\n<\/div>\n<\/div><\/div><\/div><\/div><\/div>","protected":false},"excerpt":{"rendered":"<p>Sie sind ein nicht-franz\u00f6sisches Industrieunternehmen und haben beschlossen, auf dem franz\u00f6sischen Markt Fu\u00df zu fassen. Sie wissen, wer Ihre potenziellen Kunden &#8211; Ihre franz\u00f6sischen Interessenten &#8211; sind, und Sie haben deren Bed\u00fcrfnisse erkannt. Nun wollen Sie sie treffen, um ihnen Ihr Angebot vorzustellen. Wir empfehlen Ihnen, vor dem ersten Treffen mit Ihren franz\u00f6sischen Kunden einige [&hellip;]<\/p>\n","protected":false},"author":1,"featured_media":0,"parent":3968,"menu_order":2,"comment_status":"closed","ping_status":"closed","template":"","meta":{"footnotes":""},"class_list":["post-3961","page","type-page","status-publish","hentry","post"],"yoast_head":"<!-- This site is optimized with the Yoast SEO plugin v27.5 - https:\/\/yoast.com\/product\/yoast-seo-wordpress\/ -->\n<title>Gesch\u00e4ftsentwicklung auf dem franz\u00f6sischen Industriemarkt - Devexter Business Development<\/title>\n<meta name=\"description\" content=\"Sie sind ein nicht franz\u00f6sisches Industrieunternehmen und haben sich entschieden, auf dem franz\u00f6sischen Markt Fu\u00df zu fassen? Devexter Business Develpoment hilft Ihnen, Ihre Gesch\u00e4ftsentwicklung in Frankreich voranzutreiben\" \/>\n<meta name=\"robots\" content=\"index, follow, max-snippet:-1, max-image-preview:large, max-video-preview:-1\" \/>\n<link rel=\"canonical\" href=\"https:\/\/www.devexter.com\/de\/dienstleistungen\/markteintrittsstrategie-in-frankreich\/\" \/>\n<meta property=\"og:locale\" content=\"de_DE\" \/>\n<meta property=\"og:type\" content=\"article\" \/>\n<meta property=\"og:title\" content=\"Gesch\u00e4ftsentwicklung auf dem franz\u00f6sischen Industriemarkt - Devexter Business Development\" \/>\n<meta property=\"og:description\" content=\"Sie sind ein nicht franz\u00f6sisches Industrieunternehmen und haben sich entschieden, auf dem franz\u00f6sischen Markt Fu\u00df zu fassen? Devexter Business Develpoment hilft Ihnen, Ihre Gesch\u00e4ftsentwicklung in Frankreich voranzutreiben\" \/>\n<meta property=\"og:url\" content=\"https:\/\/www.devexter.com\/de\/dienstleistungen\/markteintrittsstrategie-in-frankreich\/\" \/>\n<meta property=\"og:site_name\" content=\"Devexter Business Development\" \/>\n<meta property=\"article:modified_time\" content=\"2022-05-13T14:09:24+00:00\" \/>\n<meta property=\"og:image\" content=\"https:\/\/www.devexter.com\/wp-content\/uploads\/2021\/02\/logo.png\" \/>\n\t<meta property=\"og:image:width\" content=\"285\" \/>\n\t<meta property=\"og:image:height\" content=\"102\" \/>\n\t<meta property=\"og:image:type\" content=\"image\/png\" \/>\n<meta name=\"twitter:card\" content=\"summary_large_image\" \/>\n<meta name=\"twitter:site\" content=\"@devexterd\" \/>\n<meta name=\"twitter:label1\" content=\"Gesch\u00e4tzte Lesezeit\" \/>\n\t<meta name=\"twitter:data1\" content=\"1\u00a0Minute\" \/>\n<script type=\"application\/ld+json\" class=\"yoast-schema-graph\">{\"@context\":\"https:\\\/\\\/schema.org\",\"@graph\":[{\"@type\":\"WebPage\",\"@id\":\"https:\\\/\\\/www.devexter.com\\\/de\\\/dienstleistungen\\\/markteintrittsstrategie-in-frankreich\\\/\",\"url\":\"https:\\\/\\\/www.devexter.com\\\/de\\\/dienstleistungen\\\/markteintrittsstrategie-in-frankreich\\\/\",\"name\":\"Gesch\u00e4ftsentwicklung auf dem franz\u00f6sischen Industriemarkt - Devexter Business Development\",\"isPartOf\":{\"@id\":\"https:\\\/\\\/www.devexter.com\\\/de\\\/#website\"},\"datePublished\":\"2021-04-05T17:06:13+00:00\",\"dateModified\":\"2022-05-13T14:09:24+00:00\",\"description\":\"Sie sind ein nicht franz\u00f6sisches Industrieunternehmen und haben sich entschieden, auf dem franz\u00f6sischen Markt Fu\u00df zu fassen? Devexter Business Develpoment hilft Ihnen, Ihre Gesch\u00e4ftsentwicklung in Frankreich voranzutreiben\",\"breadcrumb\":{\"@id\":\"https:\\\/\\\/www.devexter.com\\\/de\\\/dienstleistungen\\\/markteintrittsstrategie-in-frankreich\\\/#breadcrumb\"},\"inLanguage\":\"de\",\"potentialAction\":[{\"@type\":\"ReadAction\",\"target\":[\"https:\\\/\\\/www.devexter.com\\\/de\\\/dienstleistungen\\\/markteintrittsstrategie-in-frankreich\\\/\"]}]},{\"@type\":\"BreadcrumbList\",\"@id\":\"https:\\\/\\\/www.devexter.com\\\/de\\\/dienstleistungen\\\/markteintrittsstrategie-in-frankreich\\\/#breadcrumb\",\"itemListElement\":[{\"@type\":\"ListItem\",\"position\":1,\"name\":\"Home\",\"item\":\"https:\\\/\\\/www.devexter.com\\\/de\\\/\"},{\"@type\":\"ListItem\",\"position\":2,\"name\":\"Dienstleistungen\",\"item\":\"https:\\\/\\\/www.devexter.com\\\/de\\\/dienstleistungen\\\/\"},{\"@type\":\"ListItem\",\"position\":3,\"name\":\"Markteintrittsstrategie: Business Development\"}]},{\"@type\":\"WebSite\",\"@id\":\"https:\\\/\\\/www.devexter.com\\\/de\\\/#website\",\"url\":\"https:\\\/\\\/www.devexter.com\\\/de\\\/\",\"name\":\"Devexter Business Development\",\"description\":\"Ihr Partner in Frankreich und Europa\\nf\u00fcr Gesch\u00e4ftsentwicklung in Industrie\",\"publisher\":{\"@id\":\"https:\\\/\\\/www.devexter.com\\\/de\\\/#organization\"},\"potentialAction\":[{\"@type\":\"SearchAction\",\"target\":{\"@type\":\"EntryPoint\",\"urlTemplate\":\"https:\\\/\\\/www.devexter.com\\\/de\\\/?s={search_term_string}\"},\"query-input\":{\"@type\":\"PropertyValueSpecification\",\"valueRequired\":true,\"valueName\":\"search_term_string\"}}],\"inLanguage\":\"de\"},{\"@type\":\"Organization\",\"@id\":\"https:\\\/\\\/www.devexter.com\\\/de\\\/#organization\",\"name\":\"Devexter Business Development\",\"url\":\"https:\\\/\\\/www.devexter.com\\\/de\\\/\",\"logo\":{\"@type\":\"ImageObject\",\"inLanguage\":\"de\",\"@id\":\"https:\\\/\\\/www.devexter.com\\\/de\\\/#\\\/schema\\\/logo\\\/image\\\/\",\"url\":\"https:\\\/\\\/www.devexter.com\\\/wp-content\\\/uploads\\\/2021\\\/02\\\/logo.png\",\"contentUrl\":\"https:\\\/\\\/www.devexter.com\\\/wp-content\\\/uploads\\\/2021\\\/02\\\/logo.png\",\"width\":285,\"height\":102,\"caption\":\"Devexter Business Development\"},\"image\":{\"@id\":\"https:\\\/\\\/www.devexter.com\\\/de\\\/#\\\/schema\\\/logo\\\/image\\\/\"},\"sameAs\":[\"https:\\\/\\\/x.com\\\/devexterd\",\"https:\\\/\\\/www.linkedin.com\\\/company\\\/devexterbusinessdevelopment\\\/\"]}]}<\/script>\n<!-- \/ Yoast SEO plugin. -->","yoast_head_json":{"title":"Gesch\u00e4ftsentwicklung auf dem franz\u00f6sischen Industriemarkt - Devexter Business Development","description":"Sie sind ein nicht franz\u00f6sisches Industrieunternehmen und haben sich entschieden, auf dem franz\u00f6sischen Markt Fu\u00df zu fassen? Devexter Business Develpoment hilft Ihnen, Ihre Gesch\u00e4ftsentwicklung in Frankreich voranzutreiben","robots":{"index":"index","follow":"follow","max-snippet":"max-snippet:-1","max-image-preview":"max-image-preview:large","max-video-preview":"max-video-preview:-1"},"canonical":"https:\/\/www.devexter.com\/de\/dienstleistungen\/markteintrittsstrategie-in-frankreich\/","og_locale":"de_DE","og_type":"article","og_title":"Gesch\u00e4ftsentwicklung auf dem franz\u00f6sischen Industriemarkt - Devexter Business Development","og_description":"Sie sind ein nicht franz\u00f6sisches Industrieunternehmen und haben sich entschieden, auf dem franz\u00f6sischen Markt Fu\u00df zu fassen? Devexter Business Develpoment hilft Ihnen, Ihre Gesch\u00e4ftsentwicklung in Frankreich voranzutreiben","og_url":"https:\/\/www.devexter.com\/de\/dienstleistungen\/markteintrittsstrategie-in-frankreich\/","og_site_name":"Devexter Business Development","article_modified_time":"2022-05-13T14:09:24+00:00","og_image":[{"width":285,"height":102,"url":"https:\/\/www.devexter.com\/wp-content\/uploads\/2021\/02\/logo.png","type":"image\/png"}],"twitter_card":"summary_large_image","twitter_site":"@devexterd","twitter_misc":{"Gesch\u00e4tzte Lesezeit":"1\u00a0Minute"},"schema":{"@context":"https:\/\/schema.org","@graph":[{"@type":"WebPage","@id":"https:\/\/www.devexter.com\/de\/dienstleistungen\/markteintrittsstrategie-in-frankreich\/","url":"https:\/\/www.devexter.com\/de\/dienstleistungen\/markteintrittsstrategie-in-frankreich\/","name":"Gesch\u00e4ftsentwicklung auf dem franz\u00f6sischen Industriemarkt - Devexter Business Development","isPartOf":{"@id":"https:\/\/www.devexter.com\/de\/#website"},"datePublished":"2021-04-05T17:06:13+00:00","dateModified":"2022-05-13T14:09:24+00:00","description":"Sie sind ein nicht franz\u00f6sisches Industrieunternehmen und haben sich entschieden, auf dem franz\u00f6sischen Markt Fu\u00df zu fassen? Devexter Business Develpoment hilft Ihnen, Ihre Gesch\u00e4ftsentwicklung in Frankreich voranzutreiben","breadcrumb":{"@id":"https:\/\/www.devexter.com\/de\/dienstleistungen\/markteintrittsstrategie-in-frankreich\/#breadcrumb"},"inLanguage":"de","potentialAction":[{"@type":"ReadAction","target":["https:\/\/www.devexter.com\/de\/dienstleistungen\/markteintrittsstrategie-in-frankreich\/"]}]},{"@type":"BreadcrumbList","@id":"https:\/\/www.devexter.com\/de\/dienstleistungen\/markteintrittsstrategie-in-frankreich\/#breadcrumb","itemListElement":[{"@type":"ListItem","position":1,"name":"Home","item":"https:\/\/www.devexter.com\/de\/"},{"@type":"ListItem","position":2,"name":"Dienstleistungen","item":"https:\/\/www.devexter.com\/de\/dienstleistungen\/"},{"@type":"ListItem","position":3,"name":"Markteintrittsstrategie: Business Development"}]},{"@type":"WebSite","@id":"https:\/\/www.devexter.com\/de\/#website","url":"https:\/\/www.devexter.com\/de\/","name":"Devexter Business Development","description":"Ihr Partner in Frankreich und Europa\nf\u00fcr Gesch\u00e4ftsentwicklung in Industrie","publisher":{"@id":"https:\/\/www.devexter.com\/de\/#organization"},"potentialAction":[{"@type":"SearchAction","target":{"@type":"EntryPoint","urlTemplate":"https:\/\/www.devexter.com\/de\/?s={search_term_string}"},"query-input":{"@type":"PropertyValueSpecification","valueRequired":true,"valueName":"search_term_string"}}],"inLanguage":"de"},{"@type":"Organization","@id":"https:\/\/www.devexter.com\/de\/#organization","name":"Devexter Business Development","url":"https:\/\/www.devexter.com\/de\/","logo":{"@type":"ImageObject","inLanguage":"de","@id":"https:\/\/www.devexter.com\/de\/#\/schema\/logo\/image\/","url":"https:\/\/www.devexter.com\/wp-content\/uploads\/2021\/02\/logo.png","contentUrl":"https:\/\/www.devexter.com\/wp-content\/uploads\/2021\/02\/logo.png","width":285,"height":102,"caption":"Devexter Business Development"},"image":{"@id":"https:\/\/www.devexter.com\/de\/#\/schema\/logo\/image\/"},"sameAs":["https:\/\/x.com\/devexterd","https:\/\/www.linkedin.com\/company\/devexterbusinessdevelopment\/"]}]}},"_links":{"self":[{"href":"https:\/\/www.devexter.com\/de\/wp-json\/wp\/v2\/pages\/3961","targetHints":{"allow":["GET"]}}],"collection":[{"href":"https:\/\/www.devexter.com\/de\/wp-json\/wp\/v2\/pages"}],"about":[{"href":"https:\/\/www.devexter.com\/de\/wp-json\/wp\/v2\/types\/page"}],"author":[{"embeddable":true,"href":"https:\/\/www.devexter.com\/de\/wp-json\/wp\/v2\/users\/1"}],"replies":[{"embeddable":true,"href":"https:\/\/www.devexter.com\/de\/wp-json\/wp\/v2\/comments?post=3961"}],"version-history":[{"count":5,"href":"https:\/\/www.devexter.com\/de\/wp-json\/wp\/v2\/pages\/3961\/revisions"}],"predecessor-version":[{"id":5491,"href":"https:\/\/www.devexter.com\/de\/wp-json\/wp\/v2\/pages\/3961\/revisions\/5491"}],"up":[{"embeddable":true,"href":"https:\/\/www.devexter.com\/de\/wp-json\/wp\/v2\/pages\/3968"}],"wp:attachment":[{"href":"https:\/\/www.devexter.com\/de\/wp-json\/wp\/v2\/media?parent=3961"}],"curies":[{"name":"wp","href":"https:\/\/api.w.org\/{rel}","templated":true}]}}