{"id":3841,"date":"2021-04-05T18:03:24","date_gmt":"2021-04-05T16:03:24","guid":{"rendered":"https:\/\/www.devexter.com\/get-prepared-to-french-industry-market\/"},"modified":"2022-05-13T15:23:24","modified_gmt":"2022-05-13T13:23:24","slug":"start-auf-dem-franzoesischen-industriemarkt","status":"publish","type":"page","link":"https:\/\/www.devexter.com\/de\/dienstleistungen\/start-auf-dem-franzoesischen-industriemarkt\/","title":{"rendered":"Marktstudien und Lead-Liste"},"content":{"rendered":"<div id=\"pl-3841\"  class=\"panel-layout\" ><div id=\"pg-3841-0\"  class=\"panel-grid panel-no-style\" ><div id=\"pgc-3841-0-0\"  class=\"panel-grid-cell\" ><div id=\"panel-3841-0-0-0\" class=\"so-panel widget widget_sow-editor panel-first-child panel-last-child\" data-index=\"0\" ><div\n\t\t\t\n\t\t\tclass=\"so-widget-sow-editor so-widget-sow-editor-base\"\n\t\t\t\n\t\t>\n<div class=\"siteorigin-widget-tinymce textwidget\">\n\t<p>Ein Unternehmen, das bereit ist, seinen Marktanteil auf dem franz\u00f6sischen Industriemarkt zu erh\u00f6hen, muss \u00fcber ein gutes Verst\u00e4ndnis der Gesch\u00e4ftsm\u00f6glichkeiten sowie \u00fcber qualifizierte Einblicke in das Gesch\u00e4ftsumfeld verf\u00fcgen.<\/p>\n<p>Wenn Sie bereits Kunden in Frankreich haben, k\u00f6nnen Sie Ihren Umsatz steigern oder in neue Branchen expandieren. Als Neuling m\u00fcssen Sie sich einige Grundkenntnisse aneignen.<\/p>\n<p>Digitale Tools, soziale Medien, Branchenverzeichnisse ... es gibt viele m\u00f6gliche Quellen, um Informationen zu sammeln und ein Netzwerk aufzubauen, aber es braucht Zeit und einige Franz\u00f6sischkenntnisse.<\/p>\n<\/div>\n<\/div><\/div><\/div><div id=\"pgc-3841-0-1\"  class=\"panel-grid-cell\" ><div id=\"panel-3841-0-1-0\" class=\"so-panel widget widget_sow-image panel-first-child panel-last-child\" data-index=\"1\" ><div\n\t\t\t\n\t\t\tclass=\"so-widget-sow-image so-widget-sow-image-default-113ccd71f3e6-3841\"\n\t\t\t\n\t\t>\n<div class=\"sow-image-container\">\n\t\t<img \n\tsrc=\"https:\/\/www.devexter.com\/wp-content\/uploads\/2021\/04\/sales-strategy.jpg\" width=\"374\" height=\"243\" srcset=\"https:\/\/www.devexter.com\/wp-content\/uploads\/2021\/04\/sales-strategy.jpg 374w, https:\/\/www.devexter.com\/wp-content\/uploads\/2021\/04\/sales-strategy-300x195.jpg 300w\" sizes=\"(max-width: 374px) 100vw, 374px\" title=\"Verkaufsstrategie auf dem franz\u00f6sischen Markt\" alt=\"Sales strategy on french market\" \t\tclass=\"so-widget-image\"\/>\n\t<\/div>\n\n<\/div><\/div><\/div><\/div><div id=\"pg-3841-1\"  class=\"panel-grid panel-has-style\" ><div class=\"bloc-gris panel-row-style panel-row-style-for-3841-1\" ><div id=\"pgc-3841-1-0\"  class=\"panel-grid-cell\" ><div id=\"panel-3841-1-0-0\" class=\"so-panel widget widget_sow-editor panel-first-child\" data-index=\"2\" ><div\n\t\t\t\n\t\t\tclass=\"so-widget-sow-editor so-widget-sow-editor-base\"\n\t\t\t\n\t\t><h2 class=\"widget-title\">Devexter Business Development stellt seinen Kunden qualifizierte Informationen zur Verf\u00fcgung, um ihren Umsatz zu steigern oder auf dem franz\u00f6sischen Markt, in der Automobilindustrie oder in anderen Branchen Fu\u00df zu fassen:<\/h2>\n<div class=\"siteorigin-widget-tinymce textwidget\">\n\t<h3><a title=\"Erstellen Sie eine Liste qualifizierter B2B-Leads\" href=\"https:\/\/www.devexter.com\/de\/dienstleistungen\/start-auf-dem-franzoesischen-industriemarkt\/erstellen-sie-eine-liste-qualifizierter-b2b-leads\/\" rel=\"\">Erstellen Sie eine Liste qualifizierter B2B-Leads<\/a><\/h3>\n<h3><a title=\"Ein \u00dcberblick \u00fcber den Wettbewerb in Frankreich.\" href=\"https:\/\/www.devexter.com\/de\/dienstleistungen\/start-auf-dem-franzoesischen-industriemarkt\/ein-ueberblick-ueber-den-wettbewerb-in-frankreich\/\" rel=\"\">Identifizieren Sie Ihre Wettbewerber <\/a><\/h3>\n<h3><a title=\"Bewerten Sie das franz\u00f6sische Marktpreisniveau.\" href=\"https:\/\/www.devexter.com\/de\/dienstleistungen\/start-auf-dem-franzoesischen-industriemarkt\/bewerten-sie-das-franzoesische-marktpreisniveau\/\" rel=\"\">Bewerten Sie das Preisniveau <\/a><\/h3>\n<h3><a title=\"Bewerten Sie die Zufriedenheit Ihrer franz\u00f6sischen Kunden\" href=\"https:\/\/www.devexter.com\/de\/dienstleistungen\/start-auf-dem-franzoesischen-industriemarkt\/bewerten-sie-die-zufriedenheit-ihrer-franzoesischen-kunden\/\" rel=\"\">Bewerten Sie den Zufriedenheitsgrad Ihrer franz\u00f6sischen Kunden.<\/a><\/h3>\n<h3><a title=\"Bewertung der Marktzutrittsschranken: die franz\u00f6sischen technischen Spezifikationen.\" href=\"https:\/\/www.devexter.com\/de\/dienstleistungen\/start-auf-dem-franzoesischen-industriemarkt\/bewertung-der-marktzutrittsschranken-die-franzoesischen-technischen-spezifikationen\/\" rel=\"\">Bewerten Sie die Barrieren f\u00fcr Ihren Markteinstieg<\/a><\/h3>\n<\/div>\n<\/div><\/div><div id=\"panel-3841-1-0-1\" class=\"so-panel widget widget_sow-editor panel-last-child\" data-index=\"3\" ><div\n\t\t\t\n\t\t\tclass=\"so-widget-sow-editor so-widget-sow-editor-base\"\n\t\t\t\n\t\t>\n<div class=\"siteorigin-widget-tinymce textwidget\">\n\t<p>Das Wichtigste ist, Ihre Kunden st\u00e4ndig auf neue Gesch\u00e4ftsm\u00f6glichkeiten aufmerksam zu machen.<\/p>\n<p>Der Aufbau einer engen Beziehung zu Ihren franz\u00f6sischen Kunden und die Beantwortung von Angebotsanfragen ist der beste Weg, um sich Kenntnisse \u00fcber die Konkurrenz, die technischen Spezifikationen und das Preisniveau anzueignen.<\/p>\n<p>Es unterscheidet sich nicht von dem, was Sie derzeit auf Ihrem Heimatmarkt tun, aber es ist aufgrund der franz\u00f6sischen Sprachbarriere und des Mangels an dedizierten Ressourcen schwieriger.<\/p>\n<\/div>\n<\/div><\/div><\/div><\/div><\/div><div id=\"pg-3841-2\"  class=\"panel-grid panel-no-style\" ><div id=\"pgc-3841-2-0\"  class=\"panel-grid-cell\" ><div id=\"panel-3841-2-0-0\" class=\"so-panel widget widget_sow-headline panel-first-child panel-last-child\" data-index=\"4\" ><div\n\t\t\t\n\t\t\tclass=\"so-widget-sow-headline so-widget-sow-headline-default-4c46ef9c1f43-3841 so-widget-fittext-wrapper\"\n\t\t\t data-fit-text-compressor=\"0.85\"\n\t\t><div class=\"sow-headline-container \">\n\t\t\t\t\t\t<div class=\"decoration\">\n\t\t\t\t\t\t<div class=\"decoration-inside\"><\/div>\n\t\t\t\t\t<\/div>\n\t\t\t\t\t\t\t\t\t\t\t<h3 class=\"sow-headline\">\n\t\t\t\t\t\tErfolgsgeschichte\t\t\t\t\t\t<\/h3>\n\t\t\t\t\t\t<\/div>\n<\/div><\/div><\/div><\/div><div id=\"pg-3841-3\"  class=\"panel-grid panel-no-style\" ><div id=\"pgc-3841-3-0\"  class=\"panel-grid-cell\" ><div id=\"panel-3841-3-0-0\" class=\"so-panel widget widget_sow-editor panel-first-child panel-last-child\" data-index=\"5\" ><div\n\t\t\t\n\t\t\tclass=\"so-widget-sow-editor so-widget-sow-editor-base\"\n\t\t\t\n\t\t>\n<div class=\"siteorigin-widget-tinymce textwidget\">\n\t<p>[recent_post_slider category=\"6\" design=\"design-4\" show_date=\"false\" show_author=\"false\"]<\/p>\n<\/div>\n<\/div><\/div><\/div><\/div><\/div>","protected":false},"excerpt":{"rendered":"<p>Ein Unternehmen, das bereit ist, seinen Marktanteil auf dem franz\u00f6sischen Industriemarkt zu erh\u00f6hen, muss \u00fcber ein gutes Verst\u00e4ndnis der Gesch\u00e4ftsm\u00f6glichkeiten sowie \u00fcber qualifizierte Einblicke in das Gesch\u00e4ftsumfeld verf\u00fcgen. Wenn Sie bereits Kunden in Frankreich haben, k\u00f6nnen Sie Ihren Umsatz steigern oder in neue Branchen expandieren. Als Neuling m\u00fcssen Sie sich einige Grundkenntnisse aneignen. Digitale Tools, [&hellip;]<\/p>\n","protected":false},"author":1,"featured_media":0,"parent":3968,"menu_order":1,"comment_status":"closed","ping_status":"closed","template":"","meta":{"footnotes":""},"class_list":["post-3841","page","type-page","status-publish","hentry","post"],"yoast_head":"<!-- This site is optimized with the Yoast SEO plugin v27.5 - https:\/\/yoast.com\/product\/yoast-seo-wordpress\/ -->\n<title>Marktanalyse und Entwicklungsstrategie mit der franz\u00f6sischen Industrie - Devexter Business Development<\/title>\n<meta name=\"description\" content=\"M\u00fcssen Sie Ihr Gesch\u00e4ft in Frankreich entwickeln? Devexter hilft Ihnen bei der Definition Ihrer Verkaufsstrategie auf dem franz\u00f6sischen Markt: Marktstudien und Lead-Liste\" \/>\n<meta name=\"robots\" content=\"index, follow, max-snippet:-1, max-image-preview:large, max-video-preview:-1\" \/>\n<link rel=\"canonical\" href=\"https:\/\/www.devexter.com\/de\/dienstleistungen\/start-auf-dem-franzoesischen-industriemarkt\/\" \/>\n<meta property=\"og:locale\" content=\"de_DE\" \/>\n<meta property=\"og:type\" content=\"article\" \/>\n<meta property=\"og:title\" content=\"Marktanalyse und Entwicklungsstrategie mit der franz\u00f6sischen Industrie - Devexter Business Development\" \/>\n<meta property=\"og:description\" content=\"M\u00fcssen Sie Ihr Gesch\u00e4ft in Frankreich entwickeln? Devexter hilft Ihnen bei der Definition Ihrer Verkaufsstrategie auf dem franz\u00f6sischen Markt: Marktstudien und Lead-Liste\" \/>\n<meta property=\"og:url\" content=\"https:\/\/www.devexter.com\/de\/dienstleistungen\/start-auf-dem-franzoesischen-industriemarkt\/\" \/>\n<meta property=\"og:site_name\" content=\"Devexter Business Development\" \/>\n<meta property=\"article:modified_time\" content=\"2022-05-13T13:23:24+00:00\" \/>\n<meta property=\"og:image\" content=\"https:\/\/www.devexter.com\/wp-content\/uploads\/2021\/02\/logo.png\" \/>\n\t<meta property=\"og:image:width\" content=\"285\" \/>\n\t<meta property=\"og:image:height\" content=\"102\" \/>\n\t<meta property=\"og:image:type\" content=\"image\/png\" \/>\n<meta name=\"twitter:card\" content=\"summary_large_image\" \/>\n<meta name=\"twitter:site\" content=\"@devexterd\" \/>\n<meta name=\"twitter:label1\" content=\"Gesch\u00e4tzte Lesezeit\" \/>\n\t<meta name=\"twitter:data1\" content=\"2\u00a0Minuten\" \/>\n<script type=\"application\/ld+json\" class=\"yoast-schema-graph\">{\"@context\":\"https:\\\/\\\/schema.org\",\"@graph\":[{\"@type\":\"WebPage\",\"@id\":\"https:\\\/\\\/www.devexter.com\\\/de\\\/dienstleistungen\\\/start-auf-dem-franzoesischen-industriemarkt\\\/\",\"url\":\"https:\\\/\\\/www.devexter.com\\\/de\\\/dienstleistungen\\\/start-auf-dem-franzoesischen-industriemarkt\\\/\",\"name\":\"Marktanalyse und Entwicklungsstrategie mit der franz\u00f6sischen Industrie - Devexter Business Development\",\"isPartOf\":{\"@id\":\"https:\\\/\\\/www.devexter.com\\\/de\\\/#website\"},\"datePublished\":\"2021-04-05T16:03:24+00:00\",\"dateModified\":\"2022-05-13T13:23:24+00:00\",\"description\":\"M\u00fcssen Sie Ihr Gesch\u00e4ft in Frankreich entwickeln? Devexter hilft Ihnen bei der Definition Ihrer Verkaufsstrategie auf dem franz\u00f6sischen Markt: Marktstudien und Lead-Liste\",\"breadcrumb\":{\"@id\":\"https:\\\/\\\/www.devexter.com\\\/de\\\/dienstleistungen\\\/start-auf-dem-franzoesischen-industriemarkt\\\/#breadcrumb\"},\"inLanguage\":\"de\",\"potentialAction\":[{\"@type\":\"ReadAction\",\"target\":[\"https:\\\/\\\/www.devexter.com\\\/de\\\/dienstleistungen\\\/start-auf-dem-franzoesischen-industriemarkt\\\/\"]}]},{\"@type\":\"BreadcrumbList\",\"@id\":\"https:\\\/\\\/www.devexter.com\\\/de\\\/dienstleistungen\\\/start-auf-dem-franzoesischen-industriemarkt\\\/#breadcrumb\",\"itemListElement\":[{\"@type\":\"ListItem\",\"position\":1,\"name\":\"Home\",\"item\":\"https:\\\/\\\/www.devexter.com\\\/de\\\/\"},{\"@type\":\"ListItem\",\"position\":2,\"name\":\"Dienstleistungen\",\"item\":\"https:\\\/\\\/www.devexter.com\\\/de\\\/dienstleistungen\\\/\"},{\"@type\":\"ListItem\",\"position\":3,\"name\":\"Marktstudien und Lead-Liste\"}]},{\"@type\":\"WebSite\",\"@id\":\"https:\\\/\\\/www.devexter.com\\\/de\\\/#website\",\"url\":\"https:\\\/\\\/www.devexter.com\\\/de\\\/\",\"name\":\"Devexter Business Development\",\"description\":\"Ihr Partner in Frankreich und Europa\\nf\u00fcr Gesch\u00e4ftsentwicklung in Industrie\",\"publisher\":{\"@id\":\"https:\\\/\\\/www.devexter.com\\\/de\\\/#organization\"},\"potentialAction\":[{\"@type\":\"SearchAction\",\"target\":{\"@type\":\"EntryPoint\",\"urlTemplate\":\"https:\\\/\\\/www.devexter.com\\\/de\\\/?s={search_term_string}\"},\"query-input\":{\"@type\":\"PropertyValueSpecification\",\"valueRequired\":true,\"valueName\":\"search_term_string\"}}],\"inLanguage\":\"de\"},{\"@type\":\"Organization\",\"@id\":\"https:\\\/\\\/www.devexter.com\\\/de\\\/#organization\",\"name\":\"Devexter Business Development\",\"url\":\"https:\\\/\\\/www.devexter.com\\\/de\\\/\",\"logo\":{\"@type\":\"ImageObject\",\"inLanguage\":\"de\",\"@id\":\"https:\\\/\\\/www.devexter.com\\\/de\\\/#\\\/schema\\\/logo\\\/image\\\/\",\"url\":\"https:\\\/\\\/www.devexter.com\\\/wp-content\\\/uploads\\\/2021\\\/02\\\/logo.png\",\"contentUrl\":\"https:\\\/\\\/www.devexter.com\\\/wp-content\\\/uploads\\\/2021\\\/02\\\/logo.png\",\"width\":285,\"height\":102,\"caption\":\"Devexter Business Development\"},\"image\":{\"@id\":\"https:\\\/\\\/www.devexter.com\\\/de\\\/#\\\/schema\\\/logo\\\/image\\\/\"},\"sameAs\":[\"https:\\\/\\\/x.com\\\/devexterd\",\"https:\\\/\\\/www.linkedin.com\\\/company\\\/devexterbusinessdevelopment\\\/\"]}]}<\/script>\n<!-- \/ Yoast SEO plugin. -->","yoast_head_json":{"title":"Marktanalyse und Entwicklungsstrategie mit der franz\u00f6sischen Industrie - Devexter Business Development","description":"M\u00fcssen Sie Ihr Gesch\u00e4ft in Frankreich entwickeln? Devexter hilft Ihnen bei der Definition Ihrer Verkaufsstrategie auf dem franz\u00f6sischen Markt: Marktstudien und Lead-Liste","robots":{"index":"index","follow":"follow","max-snippet":"max-snippet:-1","max-image-preview":"max-image-preview:large","max-video-preview":"max-video-preview:-1"},"canonical":"https:\/\/www.devexter.com\/de\/dienstleistungen\/start-auf-dem-franzoesischen-industriemarkt\/","og_locale":"de_DE","og_type":"article","og_title":"Marktanalyse und Entwicklungsstrategie mit der franz\u00f6sischen Industrie - Devexter Business Development","og_description":"M\u00fcssen Sie Ihr Gesch\u00e4ft in Frankreich entwickeln? Devexter hilft Ihnen bei der Definition Ihrer Verkaufsstrategie auf dem franz\u00f6sischen Markt: Marktstudien und Lead-Liste","og_url":"https:\/\/www.devexter.com\/de\/dienstleistungen\/start-auf-dem-franzoesischen-industriemarkt\/","og_site_name":"Devexter Business Development","article_modified_time":"2022-05-13T13:23:24+00:00","og_image":[{"width":285,"height":102,"url":"https:\/\/www.devexter.com\/wp-content\/uploads\/2021\/02\/logo.png","type":"image\/png"}],"twitter_card":"summary_large_image","twitter_site":"@devexterd","twitter_misc":{"Gesch\u00e4tzte Lesezeit":"2\u00a0Minuten"},"schema":{"@context":"https:\/\/schema.org","@graph":[{"@type":"WebPage","@id":"https:\/\/www.devexter.com\/de\/dienstleistungen\/start-auf-dem-franzoesischen-industriemarkt\/","url":"https:\/\/www.devexter.com\/de\/dienstleistungen\/start-auf-dem-franzoesischen-industriemarkt\/","name":"Marktanalyse und Entwicklungsstrategie mit der franz\u00f6sischen Industrie - Devexter Business Development","isPartOf":{"@id":"https:\/\/www.devexter.com\/de\/#website"},"datePublished":"2021-04-05T16:03:24+00:00","dateModified":"2022-05-13T13:23:24+00:00","description":"M\u00fcssen Sie Ihr Gesch\u00e4ft in Frankreich entwickeln? Devexter hilft Ihnen bei der Definition Ihrer Verkaufsstrategie auf dem franz\u00f6sischen Markt: Marktstudien und Lead-Liste","breadcrumb":{"@id":"https:\/\/www.devexter.com\/de\/dienstleistungen\/start-auf-dem-franzoesischen-industriemarkt\/#breadcrumb"},"inLanguage":"de","potentialAction":[{"@type":"ReadAction","target":["https:\/\/www.devexter.com\/de\/dienstleistungen\/start-auf-dem-franzoesischen-industriemarkt\/"]}]},{"@type":"BreadcrumbList","@id":"https:\/\/www.devexter.com\/de\/dienstleistungen\/start-auf-dem-franzoesischen-industriemarkt\/#breadcrumb","itemListElement":[{"@type":"ListItem","position":1,"name":"Home","item":"https:\/\/www.devexter.com\/de\/"},{"@type":"ListItem","position":2,"name":"Dienstleistungen","item":"https:\/\/www.devexter.com\/de\/dienstleistungen\/"},{"@type":"ListItem","position":3,"name":"Marktstudien und Lead-Liste"}]},{"@type":"WebSite","@id":"https:\/\/www.devexter.com\/de\/#website","url":"https:\/\/www.devexter.com\/de\/","name":"Devexter Business Development","description":"Ihr Partner in Frankreich und Europa\nf\u00fcr Gesch\u00e4ftsentwicklung in Industrie","publisher":{"@id":"https:\/\/www.devexter.com\/de\/#organization"},"potentialAction":[{"@type":"SearchAction","target":{"@type":"EntryPoint","urlTemplate":"https:\/\/www.devexter.com\/de\/?s={search_term_string}"},"query-input":{"@type":"PropertyValueSpecification","valueRequired":true,"valueName":"search_term_string"}}],"inLanguage":"de"},{"@type":"Organization","@id":"https:\/\/www.devexter.com\/de\/#organization","name":"Devexter Business Development","url":"https:\/\/www.devexter.com\/de\/","logo":{"@type":"ImageObject","inLanguage":"de","@id":"https:\/\/www.devexter.com\/de\/#\/schema\/logo\/image\/","url":"https:\/\/www.devexter.com\/wp-content\/uploads\/2021\/02\/logo.png","contentUrl":"https:\/\/www.devexter.com\/wp-content\/uploads\/2021\/02\/logo.png","width":285,"height":102,"caption":"Devexter Business Development"},"image":{"@id":"https:\/\/www.devexter.com\/de\/#\/schema\/logo\/image\/"},"sameAs":["https:\/\/x.com\/devexterd","https:\/\/www.linkedin.com\/company\/devexterbusinessdevelopment\/"]}]}},"_links":{"self":[{"href":"https:\/\/www.devexter.com\/de\/wp-json\/wp\/v2\/pages\/3841","targetHints":{"allow":["GET"]}}],"collection":[{"href":"https:\/\/www.devexter.com\/de\/wp-json\/wp\/v2\/pages"}],"about":[{"href":"https:\/\/www.devexter.com\/de\/wp-json\/wp\/v2\/types\/page"}],"author":[{"embeddable":true,"href":"https:\/\/www.devexter.com\/de\/wp-json\/wp\/v2\/users\/1"}],"replies":[{"embeddable":true,"href":"https:\/\/www.devexter.com\/de\/wp-json\/wp\/v2\/comments?post=3841"}],"version-history":[{"count":5,"href":"https:\/\/www.devexter.com\/de\/wp-json\/wp\/v2\/pages\/3841\/revisions"}],"predecessor-version":[{"id":5453,"href":"https:\/\/www.devexter.com\/de\/wp-json\/wp\/v2\/pages\/3841\/revisions\/5453"}],"up":[{"embeddable":true,"href":"https:\/\/www.devexter.com\/de\/wp-json\/wp\/v2\/pages\/3968"}],"wp:attachment":[{"href":"https:\/\/www.devexter.com\/de\/wp-json\/wp\/v2\/media?parent=3841"}],"curies":[{"name":"wp","href":"https:\/\/api.w.org\/{rel}","templated":true}]}}