{"id":3838,"date":"2021-04-05T17:34:02","date_gmt":"2021-04-05T15:34:02","guid":{"rendered":"https:\/\/www.devexter.com\/business-development-in-france-emmanuelle-guillerot\/"},"modified":"2022-04-07T19:02:50","modified_gmt":"2022-04-07T17:02:50","slug":"geschaeftsentwicklung-in-frankreich-emmanuelle-guillerot","status":"publish","type":"page","link":"https:\/\/www.devexter.com\/de\/geschaeftsentwicklung-in-frankreich-emmanuelle-guillerot\/","title":{"rendered":"Emmanuelle Guillerot, Experte f\u00fcr strategischen Marktaufbau mit Automobilindustrie- founder of DEVEXTER"},"content":{"rendered":"<div id=\"pl-3838\"  class=\"panel-layout\" ><div id=\"pg-3838-0\"  class=\"panel-grid panel-no-style\" ><div id=\"pgc-3838-0-0\"  class=\"panel-grid-cell\" ><div id=\"panel-3838-0-0-0\" class=\"so-panel widget widget_sow-editor panel-first-child panel-last-child\" data-index=\"0\" ><div\n\t\t\t\n\t\t\tclass=\"so-widget-sow-editor so-widget-sow-editor-base\"\n\t\t\t\n\t\t>\n<div class=\"siteorigin-widget-tinymce textwidget\">\n\t<p>Mit einem Masterabschlu\u00df in Fremdsprachen und Au\u00dfenhandel und einem MBA an der Universit\u00e4t Sorbonne in Paris, habe ich meinen beruflichen Werdegang im Vertrieb von internationalen Unternehmensgruppen und ihren Tochtergesellschaften in einer Vielzahl von Bereichen gestaltet: Originalteile f\u00fcr Automobil und Schienenverkehr, und Verbrauchsg\u00fcter in der Luxusg\u00fcterindustrie.<\/p>\n<p>Zuerst konzentrierte ich mich ausschlie\u00dflich auf die Entwicklung von Exportm\u00e4rkten, und generierte Gesch\u00e4ftsgewinne mit Gro\u00dfkunden wie GM und Volkswagen in Deutschland, Nissan im Vereinigten K\u00f6nigreich und Volvo in Schweden. Sp\u00e4ter habe ich auch das Key Account Management f\u00fcr Automobilhersteller Renault und Peugeot Citro\u00ebn \u00fcbernommen.<\/p>\n<p>Toyotas Einstieg in Frankreich gab mir die M\u00f6glichkeit, mich durch das Management der End-to-End-Prozessintegration weiter zu entwickeln. Ich war verantwortlich f\u00fcr die Sicherung der Akkreditierung als freigegebener Lieferant, f\u00fcr die Durchf\u00fchrung von technischen \u00c4nderungen und f\u00fcr kommerzielle Verhandlungen. Ich habe einen Jahresumsatz von \u20ac 11 Mio. mit Toyota erzielt.<\/p>\n<p>Nach 15 Jahren in der metallverarbeitenden Industrie, habe ich mich f\u00fcr einen erweiterten Verantwortungsbereich bei einer amerikanischen Unternehmensgruppe, die auf Textilien f\u00fcr Fahrzeugsitze spezialisiert war, entschieden. Verantwortlich f\u00fcr die Business Unit Frankreich, habe ich den Umsatz mit Renault um Faktor 16 gesteigert und die Akkreditierung als freigegebener Lieferant f\u00fcr PSA erreicht, mit einem Einstiegsvertrag \u00fcber \u20ac 5 Mio. Jahresumsatz.<\/p>\n<p>Interessiert daran, meine Erfahrung bestm\u00f6glich zu nutzen, habe ich mich neuen Produkten und M\u00e4rkten zugewandt und mich in zielgerichteten Projekten engagiert: Marktentwicklung in Frankreich f\u00fcr einen deutschen Lieferanten von elektrischer Kabelausr\u00fcstung, Ann\u00e4herung an den internationalen Schienenverkehrmarkt f\u00fcr ein franz\u00f6sisches Industrieunternehmen zur Identifizierung von Wachstumstreibern, und Strukturierung eines Vertriebs- und Distributionsnetzwerkes von Verbrauchsg\u00fctern f\u00fcr die deutsche Luxusg\u00fcterindustrie.<\/p>\n<p>Meine Expertise ist verwurzelt in meinem detaillierten Verst\u00e4ndnis der industriellen Wertsch\u00f6pfungskette vom Design bis zur Fertigung, nicht zu vergessen Freigabeprozesse und Prototyping. Ich bilde mich st\u00e4ndig in industriellen F\u00e4higkeit fort: Metallverarbeitung, Mechanik, elektrische Verkabelung, Textil, Engineering, Prototypenherstellung und Industriedesign.<\/p>\n<p>Meine Entscheidung, <a href=\"https:\/\/www.devexter.com\/de\/das-unternehmen\/\" rel=\"\">DEVEXTER Business Development<\/a> aufzubauen, war der logische n\u00e4chste Schritt, mit Unternehmen zu arbeiten, die expandieren wollen.<\/p>\n<\/div>\n<\/div><\/div><\/div><div id=\"pgc-3838-0-1\"  class=\"panel-grid-cell\" ><div id=\"panel-3838-0-1-0\" class=\"so-panel widget widget_sow-image panel-first-child panel-last-child\" data-index=\"1\" ><div\n\t\t\t\n\t\t\tclass=\"so-widget-sow-image so-widget-sow-image-default-113ccd71f3e6-3838\"\n\t\t\t\n\t\t>\n<div class=\"sow-image-container\">\n\t\t<img \n\tsrc=\"https:\/\/www.devexter.com\/wp-content\/uploads\/2021\/04\/emmanuelle-guillerot-devexter.jpg\" width=\"374\" height=\"561\" srcset=\"https:\/\/www.devexter.com\/wp-content\/uploads\/2021\/04\/emmanuelle-guillerot-devexter.jpg 374w, https:\/\/www.devexter.com\/wp-content\/uploads\/2021\/04\/emmanuelle-guillerot-devexter-200x300.jpg 200w\" sizes=\"(max-width: 374px) 100vw, 374px\" title=\"DEVEXTER Business Development - Emmanuelle Guillerot\" alt=\"Emmanuelle Guillerot  - DEVEXTER Business Development\" \t\tclass=\"so-widget-image\"\/>\n\t<\/div>\n\n<\/div><\/div><\/div><\/div><\/div>","protected":false},"excerpt":{"rendered":"<p>Mit einem Masterabschlu\u00df in Fremdsprachen und Au\u00dfenhandel und einem MBA an der Universit\u00e4t Sorbonne in Paris, habe ich meinen beruflichen Werdegang im Vertrieb von internationalen Unternehmensgruppen und ihren Tochtergesellschaften in einer Vielzahl von Bereichen gestaltet: Originalteile f\u00fcr Automobil und Schienenverkehr, und Verbrauchsg\u00fcter in der Luxusg\u00fcterindustrie. Zuerst konzentrierte ich mich ausschlie\u00dflich auf die Entwicklung von Exportm\u00e4rkten, [&hellip;]<\/p>\n","protected":false},"author":1,"featured_media":0,"parent":0,"menu_order":0,"comment_status":"closed","ping_status":"closed","template":"","meta":{"footnotes":""},"class_list":["post-3838","page","type-page","status-publish","hentry","post"],"yoast_head":"<!-- This site is optimized with the Yoast SEO plugin v27.5 - https:\/\/yoast.com\/product\/yoast-seo-wordpress\/ -->\n<title>Emmanuelle Guillerot - Senior Expertise im Marktaufbau im Industriebereich in Frankreich<\/title>\n<meta name=\"description\" content=\"E. Guillerots Expertise ist verwurzelt in ihrem detaillierten Verst\u00e4ndnis der industriellen Wertsch\u00f6pfungskette vom Design bis zur Fertigung.\" \/>\n<meta name=\"robots\" content=\"index, follow, max-snippet:-1, max-image-preview:large, max-video-preview:-1\" \/>\n<link rel=\"canonical\" href=\"https:\/\/www.devexter.com\/de\/geschaeftsentwicklung-in-frankreich-emmanuelle-guillerot\/\" \/>\n<meta property=\"og:locale\" content=\"de_DE\" \/>\n<meta property=\"og:type\" content=\"article\" \/>\n<meta property=\"og:title\" content=\"Emmanuelle Guillerot - Senior Expertise im Marktaufbau im Industriebereich in Frankreich\" \/>\n<meta property=\"og:description\" content=\"E. Guillerots Expertise ist verwurzelt in ihrem detaillierten Verst\u00e4ndnis der industriellen Wertsch\u00f6pfungskette vom Design bis zur Fertigung.\" \/>\n<meta property=\"og:url\" content=\"https:\/\/www.devexter.com\/de\/geschaeftsentwicklung-in-frankreich-emmanuelle-guillerot\/\" \/>\n<meta property=\"og:site_name\" content=\"Devexter Business Development\" \/>\n<meta property=\"article:modified_time\" content=\"2022-04-07T17:02:50+00:00\" \/>\n<meta property=\"og:image\" content=\"https:\/\/www.devexter.com\/wp-content\/uploads\/2021\/02\/logo.png\" \/>\n\t<meta property=\"og:image:width\" content=\"285\" \/>\n\t<meta property=\"og:image:height\" content=\"102\" \/>\n\t<meta property=\"og:image:type\" content=\"image\/png\" \/>\n<meta name=\"twitter:card\" content=\"summary_large_image\" \/>\n<meta name=\"twitter:site\" content=\"@devexterd\" \/>\n<meta name=\"twitter:label1\" content=\"Gesch\u00e4tzte Lesezeit\" \/>\n\t<meta name=\"twitter:data1\" content=\"3\u00a0Minuten\" \/>\n<script type=\"application\/ld+json\" class=\"yoast-schema-graph\">{\"@context\":\"https:\\\/\\\/schema.org\",\"@graph\":[{\"@type\":\"WebPage\",\"@id\":\"https:\\\/\\\/www.devexter.com\\\/de\\\/geschaeftsentwicklung-in-frankreich-emmanuelle-guillerot\\\/\",\"url\":\"https:\\\/\\\/www.devexter.com\\\/de\\\/geschaeftsentwicklung-in-frankreich-emmanuelle-guillerot\\\/\",\"name\":\"Emmanuelle Guillerot - Senior Expertise im Marktaufbau im Industriebereich in Frankreich\",\"isPartOf\":{\"@id\":\"https:\\\/\\\/www.devexter.com\\\/de\\\/#website\"},\"datePublished\":\"2021-04-05T15:34:02+00:00\",\"dateModified\":\"2022-04-07T17:02:50+00:00\",\"description\":\"E. Guillerots Expertise ist verwurzelt in ihrem detaillierten Verst\u00e4ndnis der industriellen Wertsch\u00f6pfungskette vom Design bis zur Fertigung.\",\"breadcrumb\":{\"@id\":\"https:\\\/\\\/www.devexter.com\\\/de\\\/geschaeftsentwicklung-in-frankreich-emmanuelle-guillerot\\\/#breadcrumb\"},\"inLanguage\":\"de\",\"potentialAction\":[{\"@type\":\"ReadAction\",\"target\":[\"https:\\\/\\\/www.devexter.com\\\/de\\\/geschaeftsentwicklung-in-frankreich-emmanuelle-guillerot\\\/\"]}]},{\"@type\":\"BreadcrumbList\",\"@id\":\"https:\\\/\\\/www.devexter.com\\\/de\\\/geschaeftsentwicklung-in-frankreich-emmanuelle-guillerot\\\/#breadcrumb\",\"itemListElement\":[{\"@type\":\"ListItem\",\"position\":1,\"name\":\"Home\",\"item\":\"https:\\\/\\\/www.devexter.com\\\/de\\\/\"},{\"@type\":\"ListItem\",\"position\":2,\"name\":\"Emmanuelle Guillerot, Experte f\u00fcr strategischen Marktaufbau mit Automobilindustrie- founder of DEVEXTER\"}]},{\"@type\":\"WebSite\",\"@id\":\"https:\\\/\\\/www.devexter.com\\\/de\\\/#website\",\"url\":\"https:\\\/\\\/www.devexter.com\\\/de\\\/\",\"name\":\"Devexter Business Development\",\"description\":\"Ihr Partner in Frankreich und Europa\\nf\u00fcr Gesch\u00e4ftsentwicklung in Industrie\",\"publisher\":{\"@id\":\"https:\\\/\\\/www.devexter.com\\\/de\\\/#organization\"},\"potentialAction\":[{\"@type\":\"SearchAction\",\"target\":{\"@type\":\"EntryPoint\",\"urlTemplate\":\"https:\\\/\\\/www.devexter.com\\\/de\\\/?s={search_term_string}\"},\"query-input\":{\"@type\":\"PropertyValueSpecification\",\"valueRequired\":true,\"valueName\":\"search_term_string\"}}],\"inLanguage\":\"de\"},{\"@type\":\"Organization\",\"@id\":\"https:\\\/\\\/www.devexter.com\\\/de\\\/#organization\",\"name\":\"Devexter Business Development\",\"url\":\"https:\\\/\\\/www.devexter.com\\\/de\\\/\",\"logo\":{\"@type\":\"ImageObject\",\"inLanguage\":\"de\",\"@id\":\"https:\\\/\\\/www.devexter.com\\\/de\\\/#\\\/schema\\\/logo\\\/image\\\/\",\"url\":\"https:\\\/\\\/www.devexter.com\\\/wp-content\\\/uploads\\\/2021\\\/02\\\/logo.png\",\"contentUrl\":\"https:\\\/\\\/www.devexter.com\\\/wp-content\\\/uploads\\\/2021\\\/02\\\/logo.png\",\"width\":285,\"height\":102,\"caption\":\"Devexter Business Development\"},\"image\":{\"@id\":\"https:\\\/\\\/www.devexter.com\\\/de\\\/#\\\/schema\\\/logo\\\/image\\\/\"},\"sameAs\":[\"https:\\\/\\\/x.com\\\/devexterd\",\"https:\\\/\\\/www.linkedin.com\\\/company\\\/devexterbusinessdevelopment\\\/\"]}]}<\/script>\n<!-- \/ Yoast SEO plugin. -->","yoast_head_json":{"title":"Emmanuelle Guillerot - Senior Expertise im Marktaufbau im Industriebereich in Frankreich","description":"E. Guillerots Expertise ist verwurzelt in ihrem detaillierten Verst\u00e4ndnis der industriellen Wertsch\u00f6pfungskette vom Design bis zur Fertigung.","robots":{"index":"index","follow":"follow","max-snippet":"max-snippet:-1","max-image-preview":"max-image-preview:large","max-video-preview":"max-video-preview:-1"},"canonical":"https:\/\/www.devexter.com\/de\/geschaeftsentwicklung-in-frankreich-emmanuelle-guillerot\/","og_locale":"de_DE","og_type":"article","og_title":"Emmanuelle Guillerot - Senior Expertise im Marktaufbau im Industriebereich in Frankreich","og_description":"E. Guillerots Expertise ist verwurzelt in ihrem detaillierten Verst\u00e4ndnis der industriellen Wertsch\u00f6pfungskette vom Design bis zur Fertigung.","og_url":"https:\/\/www.devexter.com\/de\/geschaeftsentwicklung-in-frankreich-emmanuelle-guillerot\/","og_site_name":"Devexter Business Development","article_modified_time":"2022-04-07T17:02:50+00:00","og_image":[{"width":285,"height":102,"url":"https:\/\/www.devexter.com\/wp-content\/uploads\/2021\/02\/logo.png","type":"image\/png"}],"twitter_card":"summary_large_image","twitter_site":"@devexterd","twitter_misc":{"Gesch\u00e4tzte Lesezeit":"3\u00a0Minuten"},"schema":{"@context":"https:\/\/schema.org","@graph":[{"@type":"WebPage","@id":"https:\/\/www.devexter.com\/de\/geschaeftsentwicklung-in-frankreich-emmanuelle-guillerot\/","url":"https:\/\/www.devexter.com\/de\/geschaeftsentwicklung-in-frankreich-emmanuelle-guillerot\/","name":"Emmanuelle Guillerot - Senior Expertise im Marktaufbau im Industriebereich in Frankreich","isPartOf":{"@id":"https:\/\/www.devexter.com\/de\/#website"},"datePublished":"2021-04-05T15:34:02+00:00","dateModified":"2022-04-07T17:02:50+00:00","description":"E. Guillerots Expertise ist verwurzelt in ihrem detaillierten Verst\u00e4ndnis der industriellen Wertsch\u00f6pfungskette vom Design bis zur Fertigung.","breadcrumb":{"@id":"https:\/\/www.devexter.com\/de\/geschaeftsentwicklung-in-frankreich-emmanuelle-guillerot\/#breadcrumb"},"inLanguage":"de","potentialAction":[{"@type":"ReadAction","target":["https:\/\/www.devexter.com\/de\/geschaeftsentwicklung-in-frankreich-emmanuelle-guillerot\/"]}]},{"@type":"BreadcrumbList","@id":"https:\/\/www.devexter.com\/de\/geschaeftsentwicklung-in-frankreich-emmanuelle-guillerot\/#breadcrumb","itemListElement":[{"@type":"ListItem","position":1,"name":"Home","item":"https:\/\/www.devexter.com\/de\/"},{"@type":"ListItem","position":2,"name":"Emmanuelle Guillerot, Experte f\u00fcr strategischen Marktaufbau mit Automobilindustrie- founder of DEVEXTER"}]},{"@type":"WebSite","@id":"https:\/\/www.devexter.com\/de\/#website","url":"https:\/\/www.devexter.com\/de\/","name":"Devexter Business Development","description":"Ihr Partner in Frankreich und Europa\nf\u00fcr Gesch\u00e4ftsentwicklung in Industrie","publisher":{"@id":"https:\/\/www.devexter.com\/de\/#organization"},"potentialAction":[{"@type":"SearchAction","target":{"@type":"EntryPoint","urlTemplate":"https:\/\/www.devexter.com\/de\/?s={search_term_string}"},"query-input":{"@type":"PropertyValueSpecification","valueRequired":true,"valueName":"search_term_string"}}],"inLanguage":"de"},{"@type":"Organization","@id":"https:\/\/www.devexter.com\/de\/#organization","name":"Devexter Business Development","url":"https:\/\/www.devexter.com\/de\/","logo":{"@type":"ImageObject","inLanguage":"de","@id":"https:\/\/www.devexter.com\/de\/#\/schema\/logo\/image\/","url":"https:\/\/www.devexter.com\/wp-content\/uploads\/2021\/02\/logo.png","contentUrl":"https:\/\/www.devexter.com\/wp-content\/uploads\/2021\/02\/logo.png","width":285,"height":102,"caption":"Devexter Business Development"},"image":{"@id":"https:\/\/www.devexter.com\/de\/#\/schema\/logo\/image\/"},"sameAs":["https:\/\/x.com\/devexterd","https:\/\/www.linkedin.com\/company\/devexterbusinessdevelopment\/"]}]}},"_links":{"self":[{"href":"https:\/\/www.devexter.com\/de\/wp-json\/wp\/v2\/pages\/3838","targetHints":{"allow":["GET"]}}],"collection":[{"href":"https:\/\/www.devexter.com\/de\/wp-json\/wp\/v2\/pages"}],"about":[{"href":"https:\/\/www.devexter.com\/de\/wp-json\/wp\/v2\/types\/page"}],"author":[{"embeddable":true,"href":"https:\/\/www.devexter.com\/de\/wp-json\/wp\/v2\/users\/1"}],"replies":[{"embeddable":true,"href":"https:\/\/www.devexter.com\/de\/wp-json\/wp\/v2\/comments?post=3838"}],"version-history":[{"count":5,"href":"https:\/\/www.devexter.com\/de\/wp-json\/wp\/v2\/pages\/3838\/revisions"}],"predecessor-version":[{"id":3850,"href":"https:\/\/www.devexter.com\/de\/wp-json\/wp\/v2\/pages\/3838\/revisions\/3850"}],"wp:attachment":[{"href":"https:\/\/www.devexter.com\/de\/wp-json\/wp\/v2\/media?parent=3838"}],"curies":[{"name":"wp","href":"https:\/\/api.w.org\/{rel}","templated":true}]}}