{"id":3804,"date":"2021-04-05T17:15:09","date_gmt":"2021-04-05T15:15:09","guid":{"rendered":"https:\/\/www.devexter.com\/the-company\/"},"modified":"2022-05-06T19:56:10","modified_gmt":"2022-05-06T17:56:10","slug":"das-unternehmen","status":"publish","type":"page","link":"https:\/\/www.devexter.com\/de\/das-unternehmen\/","title":{"rendered":"Das Unternehmen"},"content":{"rendered":"<div id=\"pl-3804\"  class=\"panel-layout\" ><div id=\"pg-3804-0\"  class=\"panel-grid panel-no-style\" ><div id=\"pgc-3804-0-0\"  class=\"panel-grid-cell\" ><div id=\"panel-3804-0-0-0\" class=\"so-panel widget widget_sow-editor panel-first-child panel-last-child\" data-index=\"0\" ><div\n\t\t\t\n\t\t\tclass=\"so-widget-sow-editor so-widget-sow-editor-base\"\n\t\t\t\n\t\t>\n<div class=\"siteorigin-widget-tinymce textwidget\">\n\t<p>DEVEXTER Business Development ist die Quintessenz aus Gr\u00fcnderin Emmanuelle Guillerots Verpflichtung, mittelst\u00e4ndischen Unternehmen zu internationalem Wachstum zu verhelfen.<\/p>\n<p>Ausl\u00e4ndische KMUs haben beeindruckende St\u00e4rken: Kreativit\u00e4t, Reaktionsverm\u00f6gen and Qualit\u00e4tsanspruch sind wesentliche Wettbewerbsvorteile im franz\u00f6sischen Markt, der von gro\u00dfen Konzernen dominiert wird.<\/p>\n<p>Aber es gibt viele H\u00fcrden: Verf\u00fcgbarkeit von internen Ressourcen, kulturelle Unterschiede, Sprachkenntnisse, hohe Reisekosten, Mangel an Information \u00fcber Marktbedingungen und Entfernungen zu Design und Prototypenfertigungen, um Einige zu nennen.<\/p>\n<p>Weil jedes Unternehmen einzigartig ist \u2013 aufgrund ihrer Historie, ihrer Bestrebungen und der Pers\u00f6nlichkeit ihrer F\u00fchrungskr\u00e4fte \u2013 schlagen wir bei DEVEXTER Business Development ma\u00dfgeschneiderte L\u00f6sungen vor, um den franz\u00f6sischen Markt zu entwickeln.<\/p>\n<\/div>\n<\/div><\/div><\/div><div id=\"pgc-3804-0-1\"  class=\"panel-grid-cell\" ><div id=\"panel-3804-0-1-0\" class=\"so-panel widget widget_sow-image panel-first-child panel-last-child\" data-index=\"1\" ><div\n\t\t\t\n\t\t\tclass=\"so-widget-sow-image so-widget-sow-image-default-113ccd71f3e6-3804\"\n\t\t\t\n\t\t>\n<div class=\"sow-image-container\">\n\t\t<img \n\tsrc=\"https:\/\/www.devexter.com\/wp-content\/uploads\/2021\/10\/devexter-the-company.png\" width=\"450\" height=\"455\" srcset=\"https:\/\/www.devexter.com\/wp-content\/uploads\/2021\/10\/devexter-the-company.png 450w, https:\/\/www.devexter.com\/wp-content\/uploads\/2021\/10\/devexter-the-company-297x300.png 297w\" sizes=\"(max-width: 450px) 100vw, 450px\" title=\"Devexter - Geschaeftsentwicklung\" alt=\"Devexter - Business Development Company\" \t\tclass=\"so-widget-image\"\/>\n\t<\/div>\n\n<\/div><\/div><\/div><\/div><div id=\"pg-3804-1\"  class=\"panel-grid panel-no-style\" ><div id=\"pgc-3804-1-0\"  class=\"panel-grid-cell\" ><div id=\"panel-3804-1-0-0\" class=\"so-panel widget widget_sow-editor panel-first-child panel-last-child\" data-index=\"2\" ><div\n\t\t\t\n\t\t\tclass=\"so-widget-sow-editor so-widget-sow-editor-base\"\n\t\t\t\n\t\t><h2 class=\"widget-title\">DEVEXTER Business Development liefert beides, Analyse und Koordination<\/h2>\n<div class=\"siteorigin-widget-tinymce textwidget\">\n\t<ul>\n<li>Eine strategische Sicht<\/li>\n<li>Ein facettenreicher Denkansatz<\/li>\n<li>Eine rigorose Methode<\/li>\n<\/ul>\n<\/div>\n<\/div><\/div><\/div><div id=\"pgc-3804-1-1\"  class=\"panel-grid-cell\" ><div id=\"panel-3804-1-1-0\" class=\"so-panel widget widget_sow-editor panel-first-child panel-last-child\" data-index=\"3\" ><div\n\t\t\t\n\t\t\tclass=\"so-widget-sow-editor so-widget-sow-editor-base\"\n\t\t\t\n\t\t><h2 class=\"widget-title\">DEVEXTER Business Development verk&ouml;rpert eine Denkweise:<\/h2>\n<div class=\"siteorigin-widget-tinymce textwidget\">\n\t<ul>\n<li>Wertsch&ouml;pfung<\/li>\n<li>Beachtung des menschlichen Faktors<\/li>\n<li>Kontinuierliche Verbesserung<\/li>\n<\/ul>\n<\/div>\n<\/div><\/div><\/div><\/div><div id=\"pg-3804-2\"  class=\"panel-grid panel-no-style\" ><div id=\"pgc-3804-2-0\"  class=\"panel-grid-cell\" ><div id=\"panel-3804-2-0-0\" class=\"so-panel widget widget_sow-editor panel-first-child\" data-index=\"4\" ><div\n\t\t\t\n\t\t\tclass=\"so-widget-sow-editor so-widget-sow-editor-base\"\n\t\t\t\n\t\t>\n<div class=\"siteorigin-widget-tinymce textwidget\">\n\t<p>Wir haben greifbare Ergebnisse in allen Bereichen unseres Einsatzes geliefert.<\/p>\n<\/div>\n<\/div><\/div><div id=\"panel-3804-2-0-1\" class=\"so-panel widget widget_sow-features\" data-index=\"5\" ><div\n\t\t\t\n\t\t\tclass=\"so-widget-sow-features so-widget-sow-features-default-04c677a697d9-3804\"\n\t\t\t\n\t\t><ul\n\tclass=\"sow-features-list\n\tsow-features-responsive\">\n\n\t\t\t<li\n\t\t\tclass=\"sow-features-feature sow-icon-container-position-right\"\n\t\t\tstyle=\"display: flex; flex-direction: row; width: calc(33.333% - 25px);\"\n\t\t>\n\t\t\t\n\t\t\t\t\t\t<div\t\t\t\tclass=\"sow-icon-container sow-container-none\"\n\t\t\t\tstyle=\"color: #ffffff; \"\n\t\t\t\t\n\t\t\t\t\t\t\t>\n\t\t\t\t\t\t\t\t\t\t<div class=\"sow-icon-image\" style=\"background-image: url(https:\/\/www.devexter.com\/wp-content\/uploads\/2021\/10\/market-studies-100.png); font-size: 50px\"><\/div>\n\t\t\t\t\t\t\t\t\t<\/div>\n\n\t\t\t<div class=\"textwidget\">\n\t\t\t\t\n\t\t\t\t\t\t\t\t\t<h5 class=\"sow-features-feature-title\">\n\t\t\t\t\t\tMarktstudien und Lead-Liste\t\t\t\t\t<\/h5>\n\t\t\t\t\n\t\t\t\t\t\t\t<\/div>\n\t\t\t\t\t\t\t\t<\/li>\n\n\t\t\t<li\n\t\t\tclass=\"sow-features-feature sow-icon-container-position-right\"\n\t\t\tstyle=\"display: flex; flex-direction: row; width: calc(33.333% - 25px);\"\n\t\t>\n\t\t\t\n\t\t\t\t\t\t<div\t\t\t\tclass=\"sow-icon-container sow-container-none\"\n\t\t\t\tstyle=\"color: #ffffff; \"\n\t\t\t\t\n\t\t\t\t\t\t\t>\n\t\t\t\t\t\t\t\t\t\t<div class=\"sow-icon-image\" style=\"background-image: url(https:\/\/www.devexter.com\/wp-content\/uploads\/2021\/10\/business-development-100.png); font-size: 50px\"><\/div>\n\t\t\t\t\t\t\t\t\t<\/div>\n\n\t\t\t<div class=\"textwidget\">\n\t\t\t\t\n\t\t\t\t\t\t\t\t\t<h5 class=\"sow-features-feature-title\">\n\t\t\t\t\t\tGeschaeftsentwicklung\t\t\t\t\t<\/h5>\n\t\t\t\t\n\t\t\t\t\t\t\t<\/div>\n\t\t\t\t\t\t\t\t<\/li>\n\n\t\t\t<li\n\t\t\tclass=\"sow-features-feature sow-icon-container-position-right\"\n\t\t\tstyle=\"display: flex; flex-direction: row; width: calc(33.333% - 25px);\"\n\t\t>\n\t\t\t\n\t\t\t\t\t\t<div\t\t\t\tclass=\"sow-icon-container sow-container-none\"\n\t\t\t\tstyle=\"color: #ffffff; \"\n\t\t\t\t\n\t\t\t\t\t\t\t>\n\t\t\t\t\t\t\t\t\t\t<div class=\"sow-icon-image\" style=\"background-image: url(https:\/\/www.devexter.com\/wp-content\/uploads\/2021\/10\/sales-marketing-100.png); font-size: 50px\"><\/div>\n\t\t\t\t\t\t\t\t\t<\/div>\n\n\t\t\t<div class=\"textwidget\">\n\t\t\t\t\n\t\t\t\t\t\t\t\t\t<h5 class=\"sow-features-feature-title\">\n\t\t\t\t\t\tVertrieb und Marketing im Land\t\t\t\t\t<\/h5>\n\t\t\t\t\n\t\t\t\t\t\t\t<\/div>\n\t\t\t\t\t\t\t\t<\/li>\n\n\t<\/ul>\n<\/div><\/div><div id=\"panel-3804-2-0-2\" class=\"so-panel widget widget_sow-editor panel-last-child\" data-index=\"6\" ><div\n\t\t\t\n\t\t\tclass=\"so-widget-sow-editor so-widget-sow-editor-base\"\n\t\t\t\n\t\t>\n<div class=\"siteorigin-widget-tinymce textwidget\">\n\t<p>Dank unserer Partner k\u00f6nnen wir ebenfalls Unterst\u00fctzung in den folgenden strategischen Bereichen anbieten:<\/p>\n<ul>\n<li>B2B Direktmarketing<\/li>\n<li>Produkt- und Verkaufsf&ouml;rderung<\/li>\n<li>Online, E-Commerce und Digitalmarketing<\/li>\n<li>Multi-Channel Marketing<\/li>\n<li>Engineering, Design und Prototyping<\/li>\n<\/ul>\n<\/div>\n<\/div><\/div><\/div><\/div><\/div>","protected":false},"excerpt":{"rendered":"<p>DEVEXTER Business Development ist die Quintessenz aus Gr\u00fcnderin Emmanuelle Guillerots Verpflichtung, mittelst\u00e4ndischen Unternehmen zu internationalem Wachstum zu verhelfen. Ausl\u00e4ndische KMUs haben beeindruckende St\u00e4rken: Kreativit\u00e4t, Reaktionsverm\u00f6gen and Qualit\u00e4tsanspruch sind wesentliche Wettbewerbsvorteile im franz\u00f6sischen Markt, der von gro\u00dfen Konzernen dominiert wird. Aber es gibt viele H\u00fcrden: Verf\u00fcgbarkeit von internen Ressourcen, kulturelle Unterschiede, Sprachkenntnisse, hohe Reisekosten, Mangel an [&hellip;]<\/p>\n","protected":false},"author":1,"featured_media":0,"parent":0,"menu_order":0,"comment_status":"closed","ping_status":"closed","template":"","meta":{"footnotes":""},"class_list":["post-3804","page","type-page","status-publish","hentry","post"],"yoast_head":"<!-- This site is optimized with the Yoast SEO plugin v27.5 - https:\/\/yoast.com\/product\/yoast-seo-wordpress\/ -->\n<title>Marktaufbau bei OEM und Tier 1 in Frankreich - Devexter Business Development<\/title>\n<meta name=\"description\" content=\"DEVEXTER ist ein Beratungsunternehmen mit menschlichem Gesicht, das auf die B2B Gesch\u00e4ftsentwicklung in der Automobilindustrie spezialisiert ist.\" \/>\n<meta name=\"robots\" content=\"index, follow, max-snippet:-1, max-image-preview:large, max-video-preview:-1\" \/>\n<link rel=\"canonical\" href=\"https:\/\/www.devexter.com\/de\/das-unternehmen\/\" \/>\n<meta property=\"og:locale\" content=\"de_DE\" \/>\n<meta property=\"og:type\" content=\"article\" \/>\n<meta property=\"og:title\" content=\"Marktaufbau bei OEM und Tier 1 in Frankreich - Devexter Business Development\" \/>\n<meta property=\"og:description\" content=\"DEVEXTER ist ein Beratungsunternehmen mit menschlichem Gesicht, das auf die B2B Gesch\u00e4ftsentwicklung in der Automobilindustrie spezialisiert ist.\" \/>\n<meta property=\"og:url\" content=\"https:\/\/www.devexter.com\/de\/das-unternehmen\/\" \/>\n<meta property=\"og:site_name\" content=\"Devexter Business Development\" \/>\n<meta property=\"article:modified_time\" content=\"2022-05-06T17:56:10+00:00\" \/>\n<meta property=\"og:image\" content=\"https:\/\/www.devexter.com\/wp-content\/uploads\/2021\/02\/logo.png\" \/>\n\t<meta property=\"og:image:width\" content=\"285\" \/>\n\t<meta property=\"og:image:height\" content=\"102\" \/>\n\t<meta property=\"og:image:type\" content=\"image\/png\" \/>\n<meta name=\"twitter:card\" content=\"summary_large_image\" \/>\n<meta name=\"twitter:site\" content=\"@devexterd\" \/>\n<meta name=\"twitter:label1\" content=\"Gesch\u00e4tzte Lesezeit\" \/>\n\t<meta name=\"twitter:data1\" content=\"1\u00a0Minute\" \/>\n<script type=\"application\/ld+json\" class=\"yoast-schema-graph\">{\"@context\":\"https:\\\/\\\/schema.org\",\"@graph\":[{\"@type\":\"WebPage\",\"@id\":\"https:\\\/\\\/www.devexter.com\\\/de\\\/das-unternehmen\\\/\",\"url\":\"https:\\\/\\\/www.devexter.com\\\/de\\\/das-unternehmen\\\/\",\"name\":\"Marktaufbau bei OEM und Tier 1 in Frankreich - Devexter Business Development\",\"isPartOf\":{\"@id\":\"https:\\\/\\\/www.devexter.com\\\/de\\\/#website\"},\"datePublished\":\"2021-04-05T15:15:09+00:00\",\"dateModified\":\"2022-05-06T17:56:10+00:00\",\"description\":\"DEVEXTER ist ein Beratungsunternehmen mit menschlichem Gesicht, das auf die B2B Gesch\u00e4ftsentwicklung in der Automobilindustrie spezialisiert ist.\",\"breadcrumb\":{\"@id\":\"https:\\\/\\\/www.devexter.com\\\/de\\\/das-unternehmen\\\/#breadcrumb\"},\"inLanguage\":\"de\",\"potentialAction\":[{\"@type\":\"ReadAction\",\"target\":[\"https:\\\/\\\/www.devexter.com\\\/de\\\/das-unternehmen\\\/\"]}]},{\"@type\":\"BreadcrumbList\",\"@id\":\"https:\\\/\\\/www.devexter.com\\\/de\\\/das-unternehmen\\\/#breadcrumb\",\"itemListElement\":[{\"@type\":\"ListItem\",\"position\":1,\"name\":\"Home\",\"item\":\"https:\\\/\\\/www.devexter.com\\\/de\\\/\"},{\"@type\":\"ListItem\",\"position\":2,\"name\":\"Das Unternehmen\"}]},{\"@type\":\"WebSite\",\"@id\":\"https:\\\/\\\/www.devexter.com\\\/de\\\/#website\",\"url\":\"https:\\\/\\\/www.devexter.com\\\/de\\\/\",\"name\":\"Devexter Business Development\",\"description\":\"Ihr Partner in Frankreich und Europa\\nf\u00fcr Gesch\u00e4ftsentwicklung in Industrie\",\"publisher\":{\"@id\":\"https:\\\/\\\/www.devexter.com\\\/de\\\/#organization\"},\"potentialAction\":[{\"@type\":\"SearchAction\",\"target\":{\"@type\":\"EntryPoint\",\"urlTemplate\":\"https:\\\/\\\/www.devexter.com\\\/de\\\/?s={search_term_string}\"},\"query-input\":{\"@type\":\"PropertyValueSpecification\",\"valueRequired\":true,\"valueName\":\"search_term_string\"}}],\"inLanguage\":\"de\"},{\"@type\":\"Organization\",\"@id\":\"https:\\\/\\\/www.devexter.com\\\/de\\\/#organization\",\"name\":\"Devexter Business Development\",\"url\":\"https:\\\/\\\/www.devexter.com\\\/de\\\/\",\"logo\":{\"@type\":\"ImageObject\",\"inLanguage\":\"de\",\"@id\":\"https:\\\/\\\/www.devexter.com\\\/de\\\/#\\\/schema\\\/logo\\\/image\\\/\",\"url\":\"https:\\\/\\\/www.devexter.com\\\/wp-content\\\/uploads\\\/2021\\\/02\\\/logo.png\",\"contentUrl\":\"https:\\\/\\\/www.devexter.com\\\/wp-content\\\/uploads\\\/2021\\\/02\\\/logo.png\",\"width\":285,\"height\":102,\"caption\":\"Devexter Business Development\"},\"image\":{\"@id\":\"https:\\\/\\\/www.devexter.com\\\/de\\\/#\\\/schema\\\/logo\\\/image\\\/\"},\"sameAs\":[\"https:\\\/\\\/x.com\\\/devexterd\",\"https:\\\/\\\/www.linkedin.com\\\/company\\\/devexterbusinessdevelopment\\\/\"]}]}<\/script>\n<!-- \/ Yoast SEO plugin. -->","yoast_head_json":{"title":"Marktaufbau bei OEM und Tier 1 in Frankreich - Devexter Business Development","description":"DEVEXTER ist ein Beratungsunternehmen mit menschlichem Gesicht, das auf die B2B Gesch\u00e4ftsentwicklung in der Automobilindustrie spezialisiert ist.","robots":{"index":"index","follow":"follow","max-snippet":"max-snippet:-1","max-image-preview":"max-image-preview:large","max-video-preview":"max-video-preview:-1"},"canonical":"https:\/\/www.devexter.com\/de\/das-unternehmen\/","og_locale":"de_DE","og_type":"article","og_title":"Marktaufbau bei OEM und Tier 1 in Frankreich - Devexter Business Development","og_description":"DEVEXTER ist ein Beratungsunternehmen mit menschlichem Gesicht, das auf die B2B Gesch\u00e4ftsentwicklung in der Automobilindustrie spezialisiert ist.","og_url":"https:\/\/www.devexter.com\/de\/das-unternehmen\/","og_site_name":"Devexter Business Development","article_modified_time":"2022-05-06T17:56:10+00:00","og_image":[{"width":285,"height":102,"url":"https:\/\/www.devexter.com\/wp-content\/uploads\/2021\/02\/logo.png","type":"image\/png"}],"twitter_card":"summary_large_image","twitter_site":"@devexterd","twitter_misc":{"Gesch\u00e4tzte Lesezeit":"1\u00a0Minute"},"schema":{"@context":"https:\/\/schema.org","@graph":[{"@type":"WebPage","@id":"https:\/\/www.devexter.com\/de\/das-unternehmen\/","url":"https:\/\/www.devexter.com\/de\/das-unternehmen\/","name":"Marktaufbau bei OEM und Tier 1 in Frankreich - Devexter Business Development","isPartOf":{"@id":"https:\/\/www.devexter.com\/de\/#website"},"datePublished":"2021-04-05T15:15:09+00:00","dateModified":"2022-05-06T17:56:10+00:00","description":"DEVEXTER ist ein Beratungsunternehmen mit menschlichem Gesicht, das auf die B2B Gesch\u00e4ftsentwicklung in der Automobilindustrie spezialisiert ist.","breadcrumb":{"@id":"https:\/\/www.devexter.com\/de\/das-unternehmen\/#breadcrumb"},"inLanguage":"de","potentialAction":[{"@type":"ReadAction","target":["https:\/\/www.devexter.com\/de\/das-unternehmen\/"]}]},{"@type":"BreadcrumbList","@id":"https:\/\/www.devexter.com\/de\/das-unternehmen\/#breadcrumb","itemListElement":[{"@type":"ListItem","position":1,"name":"Home","item":"https:\/\/www.devexter.com\/de\/"},{"@type":"ListItem","position":2,"name":"Das Unternehmen"}]},{"@type":"WebSite","@id":"https:\/\/www.devexter.com\/de\/#website","url":"https:\/\/www.devexter.com\/de\/","name":"Devexter Business Development","description":"Ihr Partner in Frankreich und Europa\nf\u00fcr Gesch\u00e4ftsentwicklung in Industrie","publisher":{"@id":"https:\/\/www.devexter.com\/de\/#organization"},"potentialAction":[{"@type":"SearchAction","target":{"@type":"EntryPoint","urlTemplate":"https:\/\/www.devexter.com\/de\/?s={search_term_string}"},"query-input":{"@type":"PropertyValueSpecification","valueRequired":true,"valueName":"search_term_string"}}],"inLanguage":"de"},{"@type":"Organization","@id":"https:\/\/www.devexter.com\/de\/#organization","name":"Devexter Business Development","url":"https:\/\/www.devexter.com\/de\/","logo":{"@type":"ImageObject","inLanguage":"de","@id":"https:\/\/www.devexter.com\/de\/#\/schema\/logo\/image\/","url":"https:\/\/www.devexter.com\/wp-content\/uploads\/2021\/02\/logo.png","contentUrl":"https:\/\/www.devexter.com\/wp-content\/uploads\/2021\/02\/logo.png","width":285,"height":102,"caption":"Devexter Business Development"},"image":{"@id":"https:\/\/www.devexter.com\/de\/#\/schema\/logo\/image\/"},"sameAs":["https:\/\/x.com\/devexterd","https:\/\/www.linkedin.com\/company\/devexterbusinessdevelopment\/"]}]}},"_links":{"self":[{"href":"https:\/\/www.devexter.com\/de\/wp-json\/wp\/v2\/pages\/3804","targetHints":{"allow":["GET"]}}],"collection":[{"href":"https:\/\/www.devexter.com\/de\/wp-json\/wp\/v2\/pages"}],"about":[{"href":"https:\/\/www.devexter.com\/de\/wp-json\/wp\/v2\/types\/page"}],"author":[{"embeddable":true,"href":"https:\/\/www.devexter.com\/de\/wp-json\/wp\/v2\/users\/1"}],"replies":[{"embeddable":true,"href":"https:\/\/www.devexter.com\/de\/wp-json\/wp\/v2\/comments?post=3804"}],"version-history":[{"count":5,"href":"https:\/\/www.devexter.com\/de\/wp-json\/wp\/v2\/pages\/3804\/revisions"}],"predecessor-version":[{"id":3845,"href":"https:\/\/www.devexter.com\/de\/wp-json\/wp\/v2\/pages\/3804\/revisions\/3845"}],"wp:attachment":[{"href":"https:\/\/www.devexter.com\/de\/wp-json\/wp\/v2\/media?parent=3804"}],"curies":[{"name":"wp","href":"https:\/\/api.w.org\/{rel}","templated":true}]}}